{"id":117371,"date":"2026-05-05T19:42:56","date_gmt":"2026-05-05T22:42:56","guid":{"rendered":"https:\/\/www.hediyepazar.com\/?product=masaj-ve-yagmur-modlu-cok-islevli-paslanmaz-celik-dus-basligi"},"modified":"2026-05-05T19:42:56","modified_gmt":"2026-05-05T22:42:56","slug":"masaj-ve-yagmur-modlu-cok-islevli-paslanmaz-celik-dus-basligi","status":"publish","type":"product","link":"https:\/\/www.hediyepazar.com\/?product=masaj-ve-yagmur-modlu-cok-islevli-paslanmaz-celik-dus-basligi","title":{"rendered":"Masaj ve Ya\u011fmur Modlu \u00c7ok \u0130\u015flevli Paslanmaz \u00c7elik Du\u015f Ba\u015fl\u0131\u011f\u0131"},"content":{"rendered":"<p>Bu el du\u015f ba\u015fl\u0131\u011f\u0131, banyonuzda \u00fcst\u00fcn konfor ve fonksiyonellik sunmak \u00fczere tasarlanm\u0131\u015ft\u0131r. Dayan\u0131kl\u0131 paslanmaz \u00e7elikten imal edilmi\u015ftir ve 3 farkl\u0131 p\u00fcsk\u00fcrtme modu ile du\u015f keyfinizi art\u0131r\u0131r: g\u00fc\u00e7l\u00fc masaj modu, nazik ya\u011fmur du\u015fu modu ve ferahlat\u0131c\u0131 \u015felale sisi modu. Su durdurma tu\u015fu sayesinde suyu istedi\u011finiz anda kolayca kontrol edebilirsiniz. Ba\u015fl\u0131k, 360 derece sa\u011fa-sola ve 60 derece yukar\u0131-a\u015fa\u011f\u0131 hareket ettirilebilir, b\u00f6ylece her v\u00fccut tipine ve kullan\u0131m ihtiyac\u0131na uyum sa\u011flar. Pratik kurulum i\u00e7in evrensel ba\u011flant\u0131 noktalar\u0131 kullan\u0131l\u0131r ve herhangi bir ek tesisat\u00e7\u0131 deste\u011fi gerektirmez. Filtreleme \u00f6zelli\u011fi sayesinde suyunuz daha temiz akar. \u00dc\u00e7 farkl\u0131 model se\u00e7ene\u011fi ile banyonuza \u015f\u0131kl\u0131k katar. \u00dcr\u00fcn, su tasarrufu ve uzun \u00f6m\u00fcrl\u00fc kullan\u0131m\u0131 ile \u00e7evreye ve b\u00fct\u00e7enize dosttur.&nbsp;&nbsp;<\/p>\n","protected":false},"excerpt":{"rendered":"<p>Bu el du\u015f ba\u015fl\u0131\u011f\u0131, banyonuzda \u00fcst\u00fcn konfor ve fonksiyonellik sunmak \u00fczere tasarlanm\u0131\u015ft\u0131r. Dayan\u0131kl\u0131 paslanmaz \u00e7elikten imal edilmi\u015ftir ve 3 farkl\u0131 p\u00fcsk\u00fcrtme modu ile du\u015f keyfinizi art\u0131r\u0131r: g\u00fc\u00e7l\u00fc masaj modu, nazik ya\u011fmur du\u015fu modu ve ferahlat\u0131c\u0131 \u015felale sisi modu. Su durdurma tu\u015fu sayesinde suyu istedi\u011finiz anda kolayca kontrol edebilirsiniz. Ba\u015fl\u0131k, 360 derece sa\u011fa-sola ve 60 derece&#8230;<\/p>\n","protected":false},"featured_media":117370,"comment_status":"open","ping_status":"closed","template":"","meta":{"_kad_post_transparent":"","_kad_post_title":"","_kad_post_layout":"","_kad_post_sidebar_id":"","_kad_post_content_style":"","_kad_post_vertical_padding":"","_kad_post_feature":"","_kad_post_feature_position":"","_kad_post_header":false,"_kad_post_footer":false,"_kad_post_classname":""},"product_brand":[],"product_cat":[14915],"product_tag":[],"class_list":{"0":"post-117371","1":"product","2":"type-product","3":"status-publish","4":"has-post-thumbnail","6":"product_cat-dus-basligi-dus-basligi","8":"first","9":"instock","10":"purchasable","11":"product-type-simple","12":"entry","13":"content-bg","14":"loop-entry"},"_links":{"self":[{"href":"https:\/\/www.hediyepazar.com\/index.php?rest_route=\/wp\/v2\/product\/117371","targetHints":{"allow":["GET"]}}],"collection":[{"href":"https:\/\/www.hediyepazar.com\/index.php?rest_route=\/wp\/v2\/product"}],"about":[{"href":"https:\/\/www.hediyepazar.com\/index.php?rest_route=\/wp\/v2\/types\/product"}],"replies":[{"embeddable":true,"href":"https:\/\/www.hediyepazar.com\/index.php?rest_route=%2Fwp%2Fv2%2Fcomments&post=117371"}],"wp:featuredmedia":[{"embeddable":true,"href":"https:\/\/www.hediyepazar.com\/index.php?rest_route=\/wp\/v2\/media\/117370"}],"wp:attachment":[{"href":"https:\/\/www.hediyepazar.com\/index.php?rest_route=%2Fwp%2Fv2%2Fmedia&parent=117371"}],"wp:term":[{"taxonomy":"product_brand","embeddable":true,"href":"https:\/\/www.hediyepazar.com\/index.php?rest_route=%2Fwp%2Fv2%2Fproduct_brand&post=117371"},{"taxonomy":"product_cat","embeddable":true,"href":"https:\/\/www.hediyepazar.com\/index.php?rest_route=%2Fwp%2Fv2%2Fproduct_cat&post=117371"},{"taxonomy":"product_tag","embeddable":true,"href":"https:\/\/www.hediyepazar.com\/index.php?rest_route=%2Fwp%2Fv2%2Fproduct_tag&post=117371"}],"curies":[{"name":"wp","href":"https:\/\/api.w.org\/{rel}","templated":true}]}}