{"id":117373,"date":"2026-05-05T19:43:02","date_gmt":"2026-05-05T22:43:02","guid":{"rendered":"https:\/\/www.hediyepazar.com\/?product=saglam-metal-hortum-baglantili-360-hareketli-dus-basligi"},"modified":"2026-05-05T19:43:02","modified_gmt":"2026-05-05T22:43:02","slug":"saglam-metal-hortum-baglantili-360-hareketli-dus-basligi","status":"publish","type":"product","link":"https:\/\/www.hediyepazar.com\/?product=saglam-metal-hortum-baglantili-360-hareketli-dus-basligi","title":{"rendered":"Sa\u011flam Metal Hortum Ba\u011flant\u0131l\u0131 360\u00b0 Hareketli Du\u015f Ba\u015fl\u0131\u011f\u0131"},"content":{"rendered":"<p>Y\u00fcksek kalite paslanmaz \u00e7elik malzemeden \u00fcretilen bu el du\u015f ba\u015fl\u0131\u011f\u0131, dayan\u0131kl\u0131l\u0131k ve estetik g\u00f6r\u00fcn\u00fcm\u00fc bir arada sunar. 3 farkl\u0131 su p\u00fcsk\u00fcrtme modu ile kullan\u0131c\u0131s\u0131na ki\u015fiselle\u015ftirilebilir bir du\u015f deneyimi sa\u011flar: yo\u011fun masaj modu ile kas a\u011fr\u0131lar\u0131n\u0131 hafifletirken, ya\u011fmur du\u015fu modu ile geni\u015f ve nazik bir su spreyi sunar. \u015eelale sisi modu ise hafif ve ferahlat\u0131c\u0131 bir su bulutu olu\u015fturarak farkl\u0131 bir rahatlama sa\u011flar. Tek tu\u015fla su ak\u0131\u015f\u0131n\u0131 durdurma fonksiyonu, su tasarrufu yapman\u0131z\u0131 sa\u011flar ve pratik bir kullan\u0131m sunar. Ergonomik yap\u0131s\u0131 sayesinde 360 derece d\u00f6nebilir ve 60 derece yukar\u0131-a\u015fa\u011f\u0131 ayarlanabilir, b\u00f6ylece du\u015f a\u00e7\u0131s\u0131n\u0131 kolayca optimize edebilirsiniz. Evrensel ba\u011flant\u0131 sistemi sayesinde mevcut du\u015funuzla kolayca uyumludur. \u00dcr\u00fcn, kolay temizlenebilir filtreler ve sa\u011flam metal hortum ba\u011flant\u0131lar\u0131 ile uzun \u00f6m\u00fcrl\u00fc ve g\u00fcvenilir kullan\u0131m vaat eder.&nbsp;<\/p>\n","protected":false},"excerpt":{"rendered":"<p>Y\u00fcksek kalite paslanmaz \u00e7elik malzemeden \u00fcretilen bu el du\u015f ba\u015fl\u0131\u011f\u0131, dayan\u0131kl\u0131l\u0131k ve estetik g\u00f6r\u00fcn\u00fcm\u00fc bir arada sunar. 3 farkl\u0131 su p\u00fcsk\u00fcrtme modu ile kullan\u0131c\u0131s\u0131na ki\u015fiselle\u015ftirilebilir bir du\u015f deneyimi sa\u011flar: yo\u011fun masaj modu ile kas a\u011fr\u0131lar\u0131n\u0131 hafifletirken, ya\u011fmur du\u015fu modu ile geni\u015f ve nazik bir su spreyi sunar. \u015eelale sisi modu ise hafif ve ferahlat\u0131c\u0131 bir&#8230;<\/p>\n","protected":false},"featured_media":117372,"comment_status":"open","ping_status":"closed","template":"","meta":{"_kad_post_transparent":"","_kad_post_title":"","_kad_post_layout":"","_kad_post_sidebar_id":"","_kad_post_content_style":"","_kad_post_vertical_padding":"","_kad_post_feature":"","_kad_post_feature_position":"","_kad_post_header":false,"_kad_post_footer":false,"_kad_post_classname":""},"product_brand":[],"product_cat":[14915],"product_tag":[],"class_list":{"0":"post-117373","1":"product","2":"type-product","3":"status-publish","4":"has-post-thumbnail","6":"product_cat-dus-basligi-dus-basligi","8":"first","9":"instock","10":"purchasable","11":"product-type-simple","12":"entry","13":"content-bg","14":"loop-entry"},"_links":{"self":[{"href":"https:\/\/www.hediyepazar.com\/index.php?rest_route=\/wp\/v2\/product\/117373","targetHints":{"allow":["GET"]}}],"collection":[{"href":"https:\/\/www.hediyepazar.com\/index.php?rest_route=\/wp\/v2\/product"}],"about":[{"href":"https:\/\/www.hediyepazar.com\/index.php?rest_route=\/wp\/v2\/types\/product"}],"replies":[{"embeddable":true,"href":"https:\/\/www.hediyepazar.com\/index.php?rest_route=%2Fwp%2Fv2%2Fcomments&post=117373"}],"wp:featuredmedia":[{"embeddable":true,"href":"https:\/\/www.hediyepazar.com\/index.php?rest_route=\/wp\/v2\/media\/117372"}],"wp:attachment":[{"href":"https:\/\/www.hediyepazar.com\/index.php?rest_route=%2Fwp%2Fv2%2Fmedia&parent=117373"}],"wp:term":[{"taxonomy":"product_brand","embeddable":true,"href":"https:\/\/www.hediyepazar.com\/index.php?rest_route=%2Fwp%2Fv2%2Fproduct_brand&post=117373"},{"taxonomy":"product_cat","embeddable":true,"href":"https:\/\/www.hediyepazar.com\/index.php?rest_route=%2Fwp%2Fv2%2Fproduct_cat&post=117373"},{"taxonomy":"product_tag","embeddable":true,"href":"https:\/\/www.hediyepazar.com\/index.php?rest_route=%2Fwp%2Fv2%2Fproduct_tag&post=117373"}],"curies":[{"name":"wp","href":"https:\/\/api.w.org\/{rel}","templated":true}]}}