{"id":117377,"date":"2026-05-05T19:43:17","date_gmt":"2026-05-05T22:43:17","guid":{"rendered":"https:\/\/www.hediyepazar.com\/?product=dayanikli-ve-ergonomik-tasarimli-ayarlanabilir-el-dus-basligi"},"modified":"2026-05-05T19:43:17","modified_gmt":"2026-05-05T22:43:17","slug":"dayanikli-ve-ergonomik-tasarimli-ayarlanabilir-el-dus-basligi","status":"publish","type":"product","link":"https:\/\/www.hediyepazar.com\/?product=dayanikli-ve-ergonomik-tasarimli-ayarlanabilir-el-dus-basligi","title":{"rendered":"Dayan\u0131kl\u0131 ve Ergonomik Tasar\u0131ml\u0131 Ayarlanabilir El Du\u015f Ba\u015fl\u0131\u011f\u0131"},"content":{"rendered":"<p>&nbsp;Modern banyolar i\u00e7in tasarlanm\u0131\u015f bu y\u00fcksek kaliteli el du\u015f ba\u015fl\u0131\u011f\u0131, paslanmaz \u00e7elik malzemesiyle dayan\u0131kl\u0131l\u0131k ve uzun \u00f6m\u00fcrl\u00fcl\u00fc\u011f\u00fc garanti eder. \u00d6zellikle d\u00fc\u015f\u00fck su bas\u0131nc\u0131n\u0131n sorun yaratt\u0131\u011f\u0131 ortamlarda bile, suyu art\u0131r\u0131lm\u0131\u015f h\u0131z ve bas\u0131n\u00e7la p\u00fcsk\u00fcrterek m\u00fckemmel bir du\u015f deneyimi sa\u011flar. \u00dc\u00e7 farkl\u0131 su p\u00fcsk\u00fcrtme modu sayesinde, ki\u015fisel ihtiya\u00e7 ve ruh halinize g\u00f6re kolayca ayarlanabilir.Masaj modu, v\u00fccudunuzdaki kaslar\u0131 gev\u015fetmek ve rahatlatmak i\u00e7in g\u00fc\u00e7l\u00fc ve odakl\u0131 su ak\u0131\u015f\u0131 sunar. Ya\u011fmur du\u015fu modu, geni\u015f ve nazik bir su spreyi ile kendinizi do\u011fan\u0131n i\u00e7inde, hafif ya\u011fmur alt\u0131nda gibi hissetmenizi sa\u011flar. \u015eelale sisi modu ise ince ve hafif su damlalar\u0131 ile ferahlat\u0131c\u0131 ve yumu\u015fak bir du\u015f keyfi ya\u015fat\u0131r. Bu modlar aras\u0131nda ge\u00e7i\u015f yapmak i\u00e7in ergonomik ve pratik tek tu\u015flu su durdurma butonu bulunur, b\u00f6ylece su t\u00fcketimini de kontrol edebilirsiniz.360 derece sa\u011fa ve sola d\u00f6nebilen, 60 derece yukar\u0131 ve a\u015fa\u011f\u0131 hareket ettirilebilen bu du\u015f ba\u015fl\u0131\u011f\u0131, farkl\u0131 y\u00fcksekliklerdeki kullan\u0131c\u0131lar\u0131n ihtiya\u00e7lar\u0131na tam uyum sa\u011flar. \u0130ster ayakta ister oturarak du\u015f al\u0131n, su ak\u0131\u015f a\u00e7\u0131s\u0131n\u0131 kolayca ayarlayarak konforunuzu en \u00fcst d\u00fczeye \u00e7\u0131karabilirsiniz.Kolay montaj i\u00e7in evrensel 4 ba\u011flant\u0131 noktal\u0131 aray\u00fcz tasarlanm\u0131\u015ft\u0131r. Mevcut du\u015f ba\u015fl\u0131\u011f\u0131n\u0131z\u0131 de\u011fi\u015ftirmek i\u00e7in herhangi bir teknik bilgiye veya tesisat\u00e7\u0131ya gerek yoktur. Sa\u011flam metal hortum ba\u011flant\u0131lar\u0131, kaliteli filtre sistemi ve dayan\u0131kl\u0131 s\u0131zd\u0131rmazl\u0131k pullar\u0131 sayesinde, uzun s\u00fcre s\u0131z\u0131nt\u0131s\u0131z ve problemsiz bir kullan\u0131m sunar.\u00dcr\u00fcn, estetik a\u00e7\u0131dan farkl\u0131 tercihlere hitap eden \u00fc\u00e7 ayr\u0131 model ile sat\u0131\u015fa sunulur: \u015eeffaf stil ve filtre pamuklu model, kaplama stil ve s\u0131rt s\u00fcrtme fonksiyonlu model, beyaz stil ve s\u0131rt s\u00fcrtme \u00f6zellikli model. T\u00fcm modeller zarif g\u00f6r\u00fcn\u00fcmleri ve pratik fonksiyonlar\u0131 ile banyonuza modern bir dokunu\u015f katar.Du\u015f ba\u015fl\u0131\u011f\u0131n\u0131n boyutlar\u0131 yakla\u015f\u0131k 24,5 cm uzunlu\u011funda ve 8 cm geni\u015fli\u011finde olup, her banyo dekorasyonuna uyum sa\u011flayacak kompakt ve \u015f\u0131k bir tasar\u0131ma sahiptir. S\u0131rt s\u00fcrtme fonksiyonu, g\u00fcnl\u00fck du\u015f al\u0131\u015fkanl\u0131klar\u0131n\u0131za ekstra rahatl\u0131k ve bak\u0131m sa\u011flar.Paket i\u00e7eri\u011finde sadece y\u00fcksek kaliteli du\u015f ba\u015fl\u0131\u011f\u0131 yer almakta olup, her evde rahatl\u0131kla kullan\u0131labilir. Kamp, tatil veya otel gibi farkl\u0131 mekanlarda da g\u00fcvenle tercih edilebilecek dayan\u0131kl\u0131l\u0131k ve kullan\u0131m kolayl\u0131\u011f\u0131 sunar.Sonu\u00e7 olarak, bu du\u015f ba\u015fl\u0131\u011f\u0131, hem teknolojik \u00fcst\u00fcnl\u00fc\u011f\u00fc hem de \u015f\u0131k tasar\u0131m\u0131yla banyonuza konfor ve estetik katar. D\u00fc\u015f\u00fck su bas\u0131nc\u0131n\u0131 g\u00fc\u00e7lendirip su tasarrufu sa\u011flarken, \u00e7oklu fonksiyonlar\u0131 ile her kullan\u0131c\u0131n\u0131n beklentilerini kar\u015f\u0131lar ve size kusursuz bir du\u015f deneyimi ya\u015fat\u0131r.&nbsp;<\/p>\n","protected":false},"excerpt":{"rendered":"<p>&nbsp;Modern banyolar i\u00e7in tasarlanm\u0131\u015f bu y\u00fcksek kaliteli el du\u015f ba\u015fl\u0131\u011f\u0131, paslanmaz \u00e7elik malzemesiyle dayan\u0131kl\u0131l\u0131k ve uzun \u00f6m\u00fcrl\u00fcl\u00fc\u011f\u00fc garanti eder. \u00d6zellikle d\u00fc\u015f\u00fck su bas\u0131nc\u0131n\u0131n sorun yaratt\u0131\u011f\u0131 ortamlarda bile, suyu art\u0131r\u0131lm\u0131\u015f h\u0131z ve bas\u0131n\u00e7la p\u00fcsk\u00fcrterek m\u00fckemmel bir du\u015f deneyimi sa\u011flar. \u00dc\u00e7 farkl\u0131 su p\u00fcsk\u00fcrtme modu sayesinde, ki\u015fisel ihtiya\u00e7 ve ruh halinize g\u00f6re kolayca ayarlanabilir.Masaj modu, v\u00fccudunuzdaki kaslar\u0131&#8230;<\/p>\n","protected":false},"featured_media":117376,"comment_status":"open","ping_status":"closed","template":"","meta":{"_kad_post_transparent":"","_kad_post_title":"","_kad_post_layout":"","_kad_post_sidebar_id":"","_kad_post_content_style":"","_kad_post_vertical_padding":"","_kad_post_feature":"","_kad_post_feature_position":"","_kad_post_header":false,"_kad_post_footer":false,"_kad_post_classname":""},"product_brand":[],"product_cat":[14915],"product_tag":[],"class_list":{"0":"post-117377","1":"product","2":"type-product","3":"status-publish","4":"has-post-thumbnail","6":"product_cat-dus-basligi-dus-basligi","8":"first","9":"instock","10":"purchasable","11":"product-type-simple","12":"entry","13":"content-bg","14":"loop-entry"},"_links":{"self":[{"href":"https:\/\/www.hediyepazar.com\/index.php?rest_route=\/wp\/v2\/product\/117377","targetHints":{"allow":["GET"]}}],"collection":[{"href":"https:\/\/www.hediyepazar.com\/index.php?rest_route=\/wp\/v2\/product"}],"about":[{"href":"https:\/\/www.hediyepazar.com\/index.php?rest_route=\/wp\/v2\/types\/product"}],"replies":[{"embeddable":true,"href":"https:\/\/www.hediyepazar.com\/index.php?rest_route=%2Fwp%2Fv2%2Fcomments&post=117377"}],"wp:featuredmedia":[{"embeddable":true,"href":"https:\/\/www.hediyepazar.com\/index.php?rest_route=\/wp\/v2\/media\/117376"}],"wp:attachment":[{"href":"https:\/\/www.hediyepazar.com\/index.php?rest_route=%2Fwp%2Fv2%2Fmedia&parent=117377"}],"wp:term":[{"taxonomy":"product_brand","embeddable":true,"href":"https:\/\/www.hediyepazar.com\/index.php?rest_route=%2Fwp%2Fv2%2Fproduct_brand&post=117377"},{"taxonomy":"product_cat","embeddable":true,"href":"https:\/\/www.hediyepazar.com\/index.php?rest_route=%2Fwp%2Fv2%2Fproduct_cat&post=117377"},{"taxonomy":"product_tag","embeddable":true,"href":"https:\/\/www.hediyepazar.com\/index.php?rest_route=%2Fwp%2Fv2%2Fproduct_tag&post=117377"}],"curies":[{"name":"wp","href":"https:\/\/api.w.org\/{rel}","templated":true}]}}