{"id":117381,"date":"2026-05-05T19:45:00","date_gmt":"2026-05-05T22:45:00","guid":{"rendered":"https:\/\/www.hediyepazar.com\/?product=ustun-dayaniklilik-ve-profesyonel-tasarim-ile-tasinabilir-kamp-ocagi"},"modified":"2026-05-05T19:45:00","modified_gmt":"2026-05-05T22:45:00","slug":"ustun-dayaniklilik-ve-profesyonel-tasarim-ile-tasinabilir-kamp-ocagi","status":"publish","type":"product","link":"https:\/\/www.hediyepazar.com\/?product=ustun-dayaniklilik-ve-profesyonel-tasarim-ile-tasinabilir-kamp-ocagi","title":{"rendered":"\u00dcst\u00fcn Dayan\u0131kl\u0131l\u0131k ve Profesyonel Tasar\u0131m ile Ta\u015f\u0131nabilir Kamp Oca\u011f\u0131"},"content":{"rendered":"<p>Ocak kullan\u0131m\u0131 s\u0131ras\u0131nda kolayl\u0131k ve g\u00fcvenlik esas al\u0131nm\u0131\u015ft\u0131r. Gaz t\u00fcp\u00fcn\u00fc doldurmak i\u00e7in alt taraftaki dolum kapa\u011f\u0131n\u0131 a\u00e7\u0131n ve t\u00fcp\u00fc yerle\u015ftirin. Ayar d\u00fc\u011fmesiyle gaz ak\u0131\u015f\u0131n\u0131 sa\u011flayarak ate\u015fi yakabilirsiniz. Pi\u015firme s\u0131ras\u0131nda alevin \u015fiddetini ayar d\u00fc\u011fmesiyle rahat\u00e7a kontrol edin. Kullan\u0131m sonras\u0131 \u0131zgara k\u0131sm\u0131 \u00e7\u0131kar\u0131larak kolayca temizlenebilir; bu da uzun \u00f6m\u00fcrl\u00fc hijyen sa\u011flar. \u00dcr\u00fcn\u00fc temizlemek i\u00e7in nemli bez kullanman\u0131z \u00f6nerilir, a\u015f\u0131nd\u0131r\u0131c\u0131 kimyasallardan ka\u00e7\u0131n\u0131n. Kullan\u0131m s\u0131ras\u0131nda do\u011frudan y\u00fcksek s\u0131cakl\u0131klara maruz b\u0131rakmay\u0131n. Bu bak\u0131m \u00f6nerileri, \u00fcr\u00fcn\u00fcn\u00fcz\u00fcn performans\u0131n\u0131 uzun y\u0131llar korumas\u0131n\u0131 sa\u011flar.<\/p>\n","protected":false},"excerpt":{"rendered":"<p>Ocak kullan\u0131m\u0131 s\u0131ras\u0131nda kolayl\u0131k ve g\u00fcvenlik esas al\u0131nm\u0131\u015ft\u0131r. Gaz t\u00fcp\u00fcn\u00fc doldurmak i\u00e7in alt taraftaki dolum kapa\u011f\u0131n\u0131 a\u00e7\u0131n ve t\u00fcp\u00fc yerle\u015ftirin. Ayar d\u00fc\u011fmesiyle gaz ak\u0131\u015f\u0131n\u0131 sa\u011flayarak ate\u015fi yakabilirsiniz. Pi\u015firme s\u0131ras\u0131nda alevin \u015fiddetini ayar d\u00fc\u011fmesiyle rahat\u00e7a kontrol edin. Kullan\u0131m sonras\u0131 \u0131zgara k\u0131sm\u0131 \u00e7\u0131kar\u0131larak kolayca temizlenebilir; bu da uzun \u00f6m\u00fcrl\u00fc hijyen sa\u011flar. \u00dcr\u00fcn\u00fc temizlemek i\u00e7in nemli bez kullanman\u0131z&#8230;<\/p>\n","protected":false},"featured_media":117380,"comment_status":"open","ping_status":"closed","template":"","meta":{"_kad_post_transparent":"","_kad_post_title":"","_kad_post_layout":"","_kad_post_sidebar_id":"","_kad_post_content_style":"","_kad_post_vertical_padding":"","_kad_post_feature":"","_kad_post_feature_position":"","_kad_post_header":false,"_kad_post_footer":false,"_kad_post_classname":""},"product_brand":[],"product_cat":[15076],"product_tag":[],"class_list":{"0":"post-117381","1":"product","2":"type-product","3":"status-publish","4":"has-post-thumbnail","6":"product_cat-kamp-seti-kamp-seti","8":"first","9":"instock","10":"purchasable","11":"product-type-simple","12":"entry","13":"content-bg","14":"loop-entry"},"_links":{"self":[{"href":"https:\/\/www.hediyepazar.com\/index.php?rest_route=\/wp\/v2\/product\/117381","targetHints":{"allow":["GET"]}}],"collection":[{"href":"https:\/\/www.hediyepazar.com\/index.php?rest_route=\/wp\/v2\/product"}],"about":[{"href":"https:\/\/www.hediyepazar.com\/index.php?rest_route=\/wp\/v2\/types\/product"}],"replies":[{"embeddable":true,"href":"https:\/\/www.hediyepazar.com\/index.php?rest_route=%2Fwp%2Fv2%2Fcomments&post=117381"}],"wp:featuredmedia":[{"embeddable":true,"href":"https:\/\/www.hediyepazar.com\/index.php?rest_route=\/wp\/v2\/media\/117380"}],"wp:attachment":[{"href":"https:\/\/www.hediyepazar.com\/index.php?rest_route=%2Fwp%2Fv2%2Fmedia&parent=117381"}],"wp:term":[{"taxonomy":"product_brand","embeddable":true,"href":"https:\/\/www.hediyepazar.com\/index.php?rest_route=%2Fwp%2Fv2%2Fproduct_brand&post=117381"},{"taxonomy":"product_cat","embeddable":true,"href":"https:\/\/www.hediyepazar.com\/index.php?rest_route=%2Fwp%2Fv2%2Fproduct_cat&post=117381"},{"taxonomy":"product_tag","embeddable":true,"href":"https:\/\/www.hediyepazar.com\/index.php?rest_route=%2Fwp%2Fv2%2Fproduct_tag&post=117381"}],"curies":[{"name":"wp","href":"https:\/\/api.w.org\/{rel}","templated":true}]}}