{"id":117391,"date":"2026-05-05T19:45:48","date_gmt":"2026-05-05T22:45:48","guid":{"rendered":"https:\/\/www.hediyepazar.com\/?product=tasinabilir-ve-dayanikli-plastik-kristal-led-disko-isigi"},"modified":"2026-05-05T19:45:48","modified_gmt":"2026-05-05T22:45:48","slug":"tasinabilir-ve-dayanikli-plastik-kristal-led-disko-isigi","status":"publish","type":"product","link":"https:\/\/www.hediyepazar.com\/?product=tasinabilir-ve-dayanikli-plastik-kristal-led-disko-isigi","title":{"rendered":"Ta\u015f\u0131nabilir ve Dayan\u0131kl\u0131 Plastik Kristal LED Disko I\u015f\u0131\u011f\u0131"},"content":{"rendered":"<p>3 watt g\u00fc\u00e7te \u00e7al\u0131\u015fan bu disko topu, d\u00fc\u015f\u00fck enerji t\u00fcketimiyle y\u00fcksek performans sunar. Enerji tasarruflu LED teknolojisi sayesinde uzun s\u00fcreli kullan\u0131mda bile enerji maliyetlerini minimumda tutar. Renkli d\u00f6ner lamba tasar\u0131m\u0131, mekan\u0131n her k\u00f6\u015fesine canl\u0131 \u0131\u015f\u0131klar yayarak partinizin enerjisini art\u0131r\u0131r. Her t\u00fcrl\u00fc sosyal etkinlik, kutlama ve e\u011flencede ortam\u0131n y\u0131ld\u0131z\u0131 olman\u0131z\u0131 sa\u011flar.<\/p>\n","protected":false},"excerpt":{"rendered":"<p>3 watt g\u00fc\u00e7te \u00e7al\u0131\u015fan bu disko topu, d\u00fc\u015f\u00fck enerji t\u00fcketimiyle y\u00fcksek performans sunar. Enerji tasarruflu LED teknolojisi sayesinde uzun s\u00fcreli kullan\u0131mda bile enerji maliyetlerini minimumda tutar. Renkli d\u00f6ner lamba tasar\u0131m\u0131, mekan\u0131n her k\u00f6\u015fesine canl\u0131 \u0131\u015f\u0131klar yayarak partinizin enerjisini art\u0131r\u0131r. Her t\u00fcrl\u00fc sosyal etkinlik, kutlama ve e\u011flencede ortam\u0131n y\u0131ld\u0131z\u0131 olman\u0131z\u0131 sa\u011flar.<\/p>\n","protected":false},"featured_media":117390,"comment_status":"open","ping_status":"closed","template":"","meta":{"_kad_post_transparent":"","_kad_post_title":"","_kad_post_layout":"","_kad_post_sidebar_id":"","_kad_post_content_style":"","_kad_post_vertical_padding":"","_kad_post_feature":"","_kad_post_feature_position":"","_kad_post_header":false,"_kad_post_footer":false,"_kad_post_classname":""},"product_brand":[],"product_cat":[14967],"product_tag":[],"class_list":{"0":"post-117391","1":"product","2":"type-product","3":"status-publish","4":"has-post-thumbnail","6":"product_cat-gece-lambasi-gece-lambasi","8":"first","9":"instock","10":"purchasable","11":"product-type-simple","12":"entry","13":"content-bg","14":"loop-entry"},"_links":{"self":[{"href":"https:\/\/www.hediyepazar.com\/index.php?rest_route=\/wp\/v2\/product\/117391","targetHints":{"allow":["GET"]}}],"collection":[{"href":"https:\/\/www.hediyepazar.com\/index.php?rest_route=\/wp\/v2\/product"}],"about":[{"href":"https:\/\/www.hediyepazar.com\/index.php?rest_route=\/wp\/v2\/types\/product"}],"replies":[{"embeddable":true,"href":"https:\/\/www.hediyepazar.com\/index.php?rest_route=%2Fwp%2Fv2%2Fcomments&post=117391"}],"wp:featuredmedia":[{"embeddable":true,"href":"https:\/\/www.hediyepazar.com\/index.php?rest_route=\/wp\/v2\/media\/117390"}],"wp:attachment":[{"href":"https:\/\/www.hediyepazar.com\/index.php?rest_route=%2Fwp%2Fv2%2Fmedia&parent=117391"}],"wp:term":[{"taxonomy":"product_brand","embeddable":true,"href":"https:\/\/www.hediyepazar.com\/index.php?rest_route=%2Fwp%2Fv2%2Fproduct_brand&post=117391"},{"taxonomy":"product_cat","embeddable":true,"href":"https:\/\/www.hediyepazar.com\/index.php?rest_route=%2Fwp%2Fv2%2Fproduct_cat&post=117391"},{"taxonomy":"product_tag","embeddable":true,"href":"https:\/\/www.hediyepazar.com\/index.php?rest_route=%2Fwp%2Fv2%2Fproduct_tag&post=117391"}],"curies":[{"name":"wp","href":"https:\/\/api.w.org\/{rel}","templated":true}]}}