{"id":117393,"date":"2026-05-05T19:47:05","date_gmt":"2026-05-05T22:47:05","guid":{"rendered":"https:\/\/www.hediyepazar.com\/?product=7-farkli-aydinlatma-modu-ve-ses-sensorlu-disko-topu-lambasi"},"modified":"2026-05-05T19:47:05","modified_gmt":"2026-05-05T22:47:05","slug":"7-farkli-aydinlatma-modu-ve-ses-sensorlu-disko-topu-lambasi","status":"publish","type":"product","link":"https:\/\/www.hediyepazar.com\/?product=7-farkli-aydinlatma-modu-ve-ses-sensorlu-disko-topu-lambasi","title":{"rendered":"7 Farkl\u0131 Ayd\u0131nlatma Modu ve Ses Sens\u00f6rl\u00fc Disko Topu Lambas\u0131"},"content":{"rendered":"<p>Disko topu \u0131\u015f\u0131\u011f\u0131 sadece i\u015flevsel de\u011fil, ayn\u0131 zamanda estetik a\u00e7\u0131dan da dikkat \u00e7ekici bir \u00fcr\u00fcnd\u00fcr. Siyah lamba g\u00f6vdesi ve kristal g\u00f6r\u00fcn\u00fcml\u00fc yap\u0131s\u0131, modern ve \u015f\u0131k bir tasar\u0131m sunar. 7 modlu renk mod\u00fclasyonlu lamba tasar\u0131m\u0131yla ortam\u0131n\u0131za yarat\u0131c\u0131 ve moda odakl\u0131 bir hava katar. Bu \u00fcr\u00fcn, mekan\u0131n\u0131z\u0131 sadece ayd\u0131nlatmakla kalmaz, ayn\u0131 zamanda g\u00f6rsel olarak da parti dekorasyonunuza renk ve enerji katar.<\/p>\n","protected":false},"excerpt":{"rendered":"<p>Disko topu \u0131\u015f\u0131\u011f\u0131 sadece i\u015flevsel de\u011fil, ayn\u0131 zamanda estetik a\u00e7\u0131dan da dikkat \u00e7ekici bir \u00fcr\u00fcnd\u00fcr. Siyah lamba g\u00f6vdesi ve kristal g\u00f6r\u00fcn\u00fcml\u00fc yap\u0131s\u0131, modern ve \u015f\u0131k bir tasar\u0131m sunar. 7 modlu renk mod\u00fclasyonlu lamba tasar\u0131m\u0131yla ortam\u0131n\u0131za yarat\u0131c\u0131 ve moda odakl\u0131 bir hava katar. Bu \u00fcr\u00fcn, mekan\u0131n\u0131z\u0131 sadece ayd\u0131nlatmakla kalmaz, ayn\u0131 zamanda g\u00f6rsel olarak da parti dekorasyonunuza&#8230;<\/p>\n","protected":false},"featured_media":117392,"comment_status":"open","ping_status":"closed","template":"","meta":{"_kad_post_transparent":"","_kad_post_title":"","_kad_post_layout":"","_kad_post_sidebar_id":"","_kad_post_content_style":"","_kad_post_vertical_padding":"","_kad_post_feature":"","_kad_post_feature_position":"","_kad_post_header":false,"_kad_post_footer":false,"_kad_post_classname":""},"product_brand":[],"product_cat":[14967],"product_tag":[],"class_list":{"0":"post-117393","1":"product","2":"type-product","3":"status-publish","4":"has-post-thumbnail","6":"product_cat-gece-lambasi-gece-lambasi","8":"first","9":"instock","10":"purchasable","11":"product-type-simple","12":"entry","13":"content-bg","14":"loop-entry"},"_links":{"self":[{"href":"https:\/\/www.hediyepazar.com\/index.php?rest_route=\/wp\/v2\/product\/117393","targetHints":{"allow":["GET"]}}],"collection":[{"href":"https:\/\/www.hediyepazar.com\/index.php?rest_route=\/wp\/v2\/product"}],"about":[{"href":"https:\/\/www.hediyepazar.com\/index.php?rest_route=\/wp\/v2\/types\/product"}],"replies":[{"embeddable":true,"href":"https:\/\/www.hediyepazar.com\/index.php?rest_route=%2Fwp%2Fv2%2Fcomments&post=117393"}],"wp:featuredmedia":[{"embeddable":true,"href":"https:\/\/www.hediyepazar.com\/index.php?rest_route=\/wp\/v2\/media\/117392"}],"wp:attachment":[{"href":"https:\/\/www.hediyepazar.com\/index.php?rest_route=%2Fwp%2Fv2%2Fmedia&parent=117393"}],"wp:term":[{"taxonomy":"product_brand","embeddable":true,"href":"https:\/\/www.hediyepazar.com\/index.php?rest_route=%2Fwp%2Fv2%2Fproduct_brand&post=117393"},{"taxonomy":"product_cat","embeddable":true,"href":"https:\/\/www.hediyepazar.com\/index.php?rest_route=%2Fwp%2Fv2%2Fproduct_cat&post=117393"},{"taxonomy":"product_tag","embeddable":true,"href":"https:\/\/www.hediyepazar.com\/index.php?rest_route=%2Fwp%2Fv2%2Fproduct_tag&post=117393"}],"curies":[{"name":"wp","href":"https:\/\/api.w.org\/{rel}","templated":true}]}}