{"id":117401,"date":"2026-05-05T19:48:03","date_gmt":"2026-05-05T22:48:03","guid":{"rendered":"https:\/\/www.hediyepazar.com\/?product=orta-boy-kararbiber-ve-tuz-ogutucu-kolay-kullanim-sik-tasarim"},"modified":"2026-05-05T19:48:03","modified_gmt":"2026-05-05T22:48:03","slug":"orta-boy-kararbiber-ve-tuz-ogutucu-kolay-kullanim-sik-tasarim","status":"publish","type":"product","link":"https:\/\/www.hediyepazar.com\/?product=orta-boy-kararbiber-ve-tuz-ogutucu-kolay-kullanim-sik-tasarim","title":{"rendered":"Orta Boy Kararbiber ve Tuz \u00d6\u011f\u00fct\u00fcc\u00fc \u2013 Kolay Kullan\u0131m \u015e\u0131k Tasar\u0131m"},"content":{"rendered":"<p>Orta boy kararbiber, deniz tuzu, Himalaya tuzu gibi \u00e7e\u015fitli baharatlar i\u00e7in ideal olan bu \u00f6\u011f\u00fct\u00fcc\u00fc, ayn\u0131 zamanda bir\u00e7ok baharat \u00e7e\u015fidini de kolayl\u0131kla \u00f6\u011f\u00fctebilir. Minimalist ve \u015f\u0131k tasar\u0131m\u0131 sayesinde yemek masalar\u0131nda da estetik bir g\u00f6r\u00fcnt\u00fc olu\u015fturur. Akrilik penceresi sayesinde baharatlar\u0131n\u0131z\u0131n durumunu anl\u0131k olarak g\u00f6rebilir, yenileme zaman\u0131n\u0131 ka\u00e7\u0131rmazs\u0131n\u0131z. Hem evde hem de profesyonel mutfaklarda g\u00fcvenle kullanabilece\u011finiz dayan\u0131kl\u0131 bir \u00fcr\u00fcnd\u00fcr.<\/p>\n","protected":false},"excerpt":{"rendered":"<p>Orta boy kararbiber, deniz tuzu, Himalaya tuzu gibi \u00e7e\u015fitli baharatlar i\u00e7in ideal olan bu \u00f6\u011f\u00fct\u00fcc\u00fc, ayn\u0131 zamanda bir\u00e7ok baharat \u00e7e\u015fidini de kolayl\u0131kla \u00f6\u011f\u00fctebilir. Minimalist ve \u015f\u0131k tasar\u0131m\u0131 sayesinde yemek masalar\u0131nda da estetik bir g\u00f6r\u00fcnt\u00fc olu\u015fturur. Akrilik penceresi sayesinde baharatlar\u0131n\u0131z\u0131n durumunu anl\u0131k olarak g\u00f6rebilir, yenileme zaman\u0131n\u0131 ka\u00e7\u0131rmazs\u0131n\u0131z. Hem evde hem de profesyonel mutfaklarda g\u00fcvenle kullanabilece\u011finiz dayan\u0131kl\u0131&#8230;<\/p>\n","protected":false},"featured_media":117400,"comment_status":"open","ping_status":"closed","template":"","meta":{"_kad_post_transparent":"","_kad_post_title":"","_kad_post_layout":"","_kad_post_sidebar_id":"","_kad_post_content_style":"","_kad_post_vertical_padding":"","_kad_post_feature":"","_kad_post_feature_position":"","_kad_post_header":false,"_kad_post_footer":false,"_kad_post_classname":""},"product_brand":[],"product_cat":[15016],"product_tag":[],"class_list":{"0":"post-117401","1":"product","2":"type-product","3":"status-publish","4":"has-post-thumbnail","6":"product_cat-baharat-ogutucu-baharat-ogutucu-2","8":"first","9":"instock","10":"purchasable","11":"product-type-simple","12":"entry","13":"content-bg","14":"loop-entry"},"_links":{"self":[{"href":"https:\/\/www.hediyepazar.com\/index.php?rest_route=\/wp\/v2\/product\/117401","targetHints":{"allow":["GET"]}}],"collection":[{"href":"https:\/\/www.hediyepazar.com\/index.php?rest_route=\/wp\/v2\/product"}],"about":[{"href":"https:\/\/www.hediyepazar.com\/index.php?rest_route=\/wp\/v2\/types\/product"}],"replies":[{"embeddable":true,"href":"https:\/\/www.hediyepazar.com\/index.php?rest_route=%2Fwp%2Fv2%2Fcomments&post=117401"}],"wp:featuredmedia":[{"embeddable":true,"href":"https:\/\/www.hediyepazar.com\/index.php?rest_route=\/wp\/v2\/media\/117400"}],"wp:attachment":[{"href":"https:\/\/www.hediyepazar.com\/index.php?rest_route=%2Fwp%2Fv2%2Fmedia&parent=117401"}],"wp:term":[{"taxonomy":"product_brand","embeddable":true,"href":"https:\/\/www.hediyepazar.com\/index.php?rest_route=%2Fwp%2Fv2%2Fproduct_brand&post=117401"},{"taxonomy":"product_cat","embeddable":true,"href":"https:\/\/www.hediyepazar.com\/index.php?rest_route=%2Fwp%2Fv2%2Fproduct_cat&post=117401"},{"taxonomy":"product_tag","embeddable":true,"href":"https:\/\/www.hediyepazar.com\/index.php?rest_route=%2Fwp%2Fv2%2Fproduct_tag&post=117401"}],"curies":[{"name":"wp","href":"https:\/\/api.w.org\/{rel}","templated":true}]}}