{"id":117405,"date":"2026-05-05T19:48:13","date_gmt":"2026-05-05T22:48:13","guid":{"rendered":"https:\/\/www.hediyepazar.com\/?product=kolay-temizlenebilir-kulak-burun-timar-makinesi"},"modified":"2026-05-05T19:48:13","modified_gmt":"2026-05-05T22:48:13","slug":"kolay-temizlenebilir-kulak-burun-timar-makinesi","status":"publish","type":"product","link":"https:\/\/www.hediyepazar.com\/?product=kolay-temizlenebilir-kulak-burun-timar-makinesi","title":{"rendered":"Kolay Temizlenebilir Kulak-Burun T\u0131mar Makinesi"},"content":{"rendered":"<p>Y\u00fcksek kaliteli kulak, burun ve ka\u015f t\u0131ra\u015f makinesi, ki\u015fisel bak\u0131mda konfor ve g\u00fcvenli\u011fi bir araya getirir. 3D kemerli b\u0131\u00e7aklar, hassas b\u00f6lgelere zarar vermeden etkili kesim sa\u011flar. A\u00e7\u0131k stil yar\u0131k yap\u0131s\u0131 sayesinde t\u00fcm t\u00fcyler d\u00fczg\u00fcnce t\u0131mar edilir. Kompakt ve hafif tasar\u0131m\u0131 ile ta\u015f\u0131mas\u0131 kolayd\u0131r. Temizli\u011fi kolayd\u0131r ve kullan\u0131m\u0131 basittir. 1 adet AA pil ile \u00e7al\u0131\u015f\u0131r, pil \u00fcr\u00fcn ile birlikte gelmemektedir.&nbsp;<\/p>\n","protected":false},"excerpt":{"rendered":"<p>Y\u00fcksek kaliteli kulak, burun ve ka\u015f t\u0131ra\u015f makinesi, ki\u015fisel bak\u0131mda konfor ve g\u00fcvenli\u011fi bir araya getirir. 3D kemerli b\u0131\u00e7aklar, hassas b\u00f6lgelere zarar vermeden etkili kesim sa\u011flar. A\u00e7\u0131k stil yar\u0131k yap\u0131s\u0131 sayesinde t\u00fcm t\u00fcyler d\u00fczg\u00fcnce t\u0131mar edilir. Kompakt ve hafif tasar\u0131m\u0131 ile ta\u015f\u0131mas\u0131 kolayd\u0131r. Temizli\u011fi kolayd\u0131r ve kullan\u0131m\u0131 basittir. 1 adet AA pil ile \u00e7al\u0131\u015f\u0131r, pil&#8230;<\/p>\n","protected":false},"featured_media":117404,"comment_status":"open","ping_status":"closed","template":"","meta":{"_kad_post_transparent":"","_kad_post_title":"","_kad_post_layout":"","_kad_post_sidebar_id":"","_kad_post_content_style":"","_kad_post_vertical_padding":"","_kad_post_feature":"","_kad_post_feature_position":"","_kad_post_header":false,"_kad_post_footer":false,"_kad_post_classname":""},"product_brand":[],"product_cat":[14925],"product_tag":[],"class_list":{"0":"post-117405","1":"product","2":"type-product","3":"status-publish","4":"has-post-thumbnail","6":"product_cat-tiras-makinesi-tiras-makinesi","8":"first","9":"instock","10":"purchasable","11":"product-type-simple","12":"entry","13":"content-bg","14":"loop-entry"},"_links":{"self":[{"href":"https:\/\/www.hediyepazar.com\/index.php?rest_route=\/wp\/v2\/product\/117405","targetHints":{"allow":["GET"]}}],"collection":[{"href":"https:\/\/www.hediyepazar.com\/index.php?rest_route=\/wp\/v2\/product"}],"about":[{"href":"https:\/\/www.hediyepazar.com\/index.php?rest_route=\/wp\/v2\/types\/product"}],"replies":[{"embeddable":true,"href":"https:\/\/www.hediyepazar.com\/index.php?rest_route=%2Fwp%2Fv2%2Fcomments&post=117405"}],"wp:featuredmedia":[{"embeddable":true,"href":"https:\/\/www.hediyepazar.com\/index.php?rest_route=\/wp\/v2\/media\/117404"}],"wp:attachment":[{"href":"https:\/\/www.hediyepazar.com\/index.php?rest_route=%2Fwp%2Fv2%2Fmedia&parent=117405"}],"wp:term":[{"taxonomy":"product_brand","embeddable":true,"href":"https:\/\/www.hediyepazar.com\/index.php?rest_route=%2Fwp%2Fv2%2Fproduct_brand&post=117405"},{"taxonomy":"product_cat","embeddable":true,"href":"https:\/\/www.hediyepazar.com\/index.php?rest_route=%2Fwp%2Fv2%2Fproduct_cat&post=117405"},{"taxonomy":"product_tag","embeddable":true,"href":"https:\/\/www.hediyepazar.com\/index.php?rest_route=%2Fwp%2Fv2%2Fproduct_tag&post=117405"}],"curies":[{"name":"wp","href":"https:\/\/api.w.org\/{rel}","templated":true}]}}