{"id":117421,"date":"2026-05-05T19:50:17","date_gmt":"2026-05-05T22:50:17","guid":{"rendered":"https:\/\/www.hediyepazar.com\/?product=ergonomik-tutma-yerli-pedalli-ve-ayarlanabilir-elastik-yayli-spor-ekipmani"},"modified":"2026-05-05T19:51:16","modified_gmt":"2026-05-05T22:51:16","slug":"ergonomik-tutma-yerli-pedalli-ve-ayarlanabilir-elastik-yayli-spor-ekipmani","status":"publish","type":"product","link":"https:\/\/www.hediyepazar.com\/?product=ergonomik-tutma-yerli-pedalli-ve-ayarlanabilir-elastik-yayli-spor-ekipmani","title":{"rendered":"Ergonomik Tutma Yerli Pedall\u0131 ve Ayarlanabilir Elastik Yayl\u0131 Spor Ekipman\u0131"},"content":{"rendered":"<p>Bu yenilik\u00e7i 3\u2019\u00fc 1 arada spor aleti, kol ve g\u00f6\u011f\u00fcs kaslar\u0131n\u0131 geni\u015fletirken mekik \u00e7ubuklar\u0131 ve el tutucular\u0131 ile tam kapsaml\u0131 bir antrenman imkan\u0131 sa\u011flar. \u0130\u00e7erisindeki 5 elastik paslanmaz \u00e7elik yay, farkl\u0131 diren\u00e7 seviyeleriyle ki\u015fisel ihtiya\u00e7lara g\u00f6re ayarlanabilir. Yaylar kolayca \u00e7\u0131kar\u0131l\u0131p tak\u0131labilir ancak en az \u00fc\u00e7 yay kullan\u0131lmas\u0131 \u00f6nerilir. Her yay 15 kilogram y\u00fck ta\u015f\u0131yabilir.Ergonomik tutma yerleri sayesinde egzersiz s\u0131ras\u0131nda eliniz kaymaz ve uzun s\u00fcre konfor sa\u011flar. Pedallar, mekik hareketlerinizde stabiliteyi art\u0131rarak do\u011fru formda \u00e7al\u0131\u015fman\u0131za destek olur. Bu \u00e7ok y\u00f6nl\u00fc spor aleti, kollar, omuzlar, s\u0131rt, kar\u0131n, bel ve bacak kaslar\u0131n\u0131z\u0131 etkili bir \u015fekilde \u00e7al\u0131\u015ft\u0131r\u0131r.Kompakt ve sa\u011flam tasar\u0131m\u0131yla evde, ofiste veya seyahatlerinizde rahatl\u0131kla kullanabilirsiniz. Farkl\u0131 diren\u00e7 seviyeleri sayesinde t\u00fcm aile bireyleri antrenmanlar\u0131n\u0131 ki\u015fiselle\u015ftirebilir ve g\u00fc\u00e7lendirme hedeflerine ula\u015fabilir.<\/p>\n","protected":false},"excerpt":{"rendered":"<p>Bu yenilik\u00e7i 3\u2019\u00fc 1 arada spor aleti, kol ve g\u00f6\u011f\u00fcs kaslar\u0131n\u0131 geni\u015fletirken mekik \u00e7ubuklar\u0131 ve el tutucular\u0131 ile tam kapsaml\u0131 bir antrenman imkan\u0131 sa\u011flar. \u0130\u00e7erisindeki 5 elastik paslanmaz \u00e7elik yay, farkl\u0131 diren\u00e7 seviyeleriyle ki\u015fisel ihtiya\u00e7lara g\u00f6re ayarlanabilir. Yaylar kolayca \u00e7\u0131kar\u0131l\u0131p tak\u0131labilir ancak en az \u00fc\u00e7 yay kullan\u0131lmas\u0131 \u00f6nerilir. Her yay 15 kilogram y\u00fck ta\u015f\u0131yabilir.Ergonomik tutma&#8230;<\/p>\n","protected":false},"featured_media":117419,"comment_status":"open","ping_status":"closed","template":"","meta":{"_kad_post_transparent":"","_kad_post_title":"","_kad_post_layout":"","_kad_post_sidebar_id":"","_kad_post_content_style":"","_kad_post_vertical_padding":"","_kad_post_feature":"","_kad_post_feature_position":"","_kad_post_header":false,"_kad_post_footer":false,"_kad_post_classname":""},"product_brand":[],"product_cat":[15095],"product_tag":[],"class_list":{"0":"post-117421","1":"product","2":"type-product","3":"status-publish","4":"has-post-thumbnail","6":"product_cat-egzersiz-aletleri-egzersiz-aletleri","8":"first","9":"instock","10":"purchasable","11":"product-type-simple","12":"entry","13":"content-bg","14":"loop-entry"},"_links":{"self":[{"href":"https:\/\/www.hediyepazar.com\/index.php?rest_route=\/wp\/v2\/product\/117421","targetHints":{"allow":["GET"]}}],"collection":[{"href":"https:\/\/www.hediyepazar.com\/index.php?rest_route=\/wp\/v2\/product"}],"about":[{"href":"https:\/\/www.hediyepazar.com\/index.php?rest_route=\/wp\/v2\/types\/product"}],"replies":[{"embeddable":true,"href":"https:\/\/www.hediyepazar.com\/index.php?rest_route=%2Fwp%2Fv2%2Fcomments&post=117421"}],"wp:featuredmedia":[{"embeddable":true,"href":"https:\/\/www.hediyepazar.com\/index.php?rest_route=\/wp\/v2\/media\/117419"}],"wp:attachment":[{"href":"https:\/\/www.hediyepazar.com\/index.php?rest_route=%2Fwp%2Fv2%2Fmedia&parent=117421"}],"wp:term":[{"taxonomy":"product_brand","embeddable":true,"href":"https:\/\/www.hediyepazar.com\/index.php?rest_route=%2Fwp%2Fv2%2Fproduct_brand&post=117421"},{"taxonomy":"product_cat","embeddable":true,"href":"https:\/\/www.hediyepazar.com\/index.php?rest_route=%2Fwp%2Fv2%2Fproduct_cat&post=117421"},{"taxonomy":"product_tag","embeddable":true,"href":"https:\/\/www.hediyepazar.com\/index.php?rest_route=%2Fwp%2Fv2%2Fproduct_tag&post=117421"}],"curies":[{"name":"wp","href":"https:\/\/api.w.org\/{rel}","templated":true}]}}