{"id":117423,"date":"2026-05-05T19:51:21","date_gmt":"2026-05-05T22:51:21","guid":{"rendered":"https:\/\/www.hediyepazar.com\/?product=kol-sirt-gogus-ve-karin-kaslari-icin-profesyonel-antrenman-aparati"},"modified":"2026-05-05T19:51:21","modified_gmt":"2026-05-05T22:51:21","slug":"kol-sirt-gogus-ve-karin-kaslari-icin-profesyonel-antrenman-aparati","status":"publish","type":"product","link":"https:\/\/www.hediyepazar.com\/?product=kol-sirt-gogus-ve-karin-kaslari-icin-profesyonel-antrenman-aparati","title":{"rendered":"Kol S\u0131rt G\u00f6\u011f\u00fcs ve Kar\u0131n Kaslar\u0131 \u0130\u00e7in Profesyonel Antrenman Aparat\u0131"},"content":{"rendered":"<p>Kol ve g\u00f6\u011f\u00fcs geni\u015fletici, mekik \u00e7ubuklar\u0131 ve el tutucular\u0131n\u0131 bir araya getiren 3\u2019\u00fc 1 arada bu spor aleti, v\u00fccudunuzun bir\u00e7ok kas grubunu hedef alarak etkili bir egzersiz deneyimi sunar. 5 elastik paslanmaz \u00e7elik yay\u0131 sayesinde diren\u00e7 seviyesi ihtiyac\u0131n\u0131za g\u00f6re kolayca ayarlanabilir. Yaylar minimum \u00fc\u00e7 olmak \u00fczere eklenebilir veya \u00e7\u0131kar\u0131labilir, her biri 15 kilogram y\u00fck ta\u015f\u0131yabilir.Ergonomik olarak tasarlanm\u0131\u015f tutma yerleri, egzersiz s\u0131ras\u0131nda elinizin konforlu ve g\u00fcvenli bir \u015fekilde kavramas\u0131n\u0131 sa\u011flar. Pedallar ise mekik hareketlerinizi destekleyerek stabil bir antrenman yapman\u0131za olanak verir. Bu \u00e7ok fonksiyonlu alet, \u00fcst v\u00fccut, kar\u0131n, s\u0131rt ve bacak kaslar\u0131n\u0131 kapsaml\u0131 bir \u015fekilde \u00e7al\u0131\u015ft\u0131r\u0131r.Dayan\u0131kl\u0131 malzemelerle \u00fcretilmi\u015f olan \u00fcr\u00fcn, uzun \u00f6m\u00fcrl\u00fc kullan\u0131m i\u00e7in idealdir. Ta\u015f\u0131nabilir yap\u0131s\u0131 sayesinde evde veya d\u0131\u015f mekanda kolayca ta\u015f\u0131y\u0131p kullanabilirsiniz. Her seviyeden kullan\u0131c\u0131 i\u00e7in uygun diren\u00e7 se\u00e7enekleri sunar.<\/p>\n","protected":false},"excerpt":{"rendered":"<p>Kol ve g\u00f6\u011f\u00fcs geni\u015fletici, mekik \u00e7ubuklar\u0131 ve el tutucular\u0131n\u0131 bir araya getiren 3\u2019\u00fc 1 arada bu spor aleti, v\u00fccudunuzun bir\u00e7ok kas grubunu hedef alarak etkili bir egzersiz deneyimi sunar. 5 elastik paslanmaz \u00e7elik yay\u0131 sayesinde diren\u00e7 seviyesi ihtiyac\u0131n\u0131za g\u00f6re kolayca ayarlanabilir. Yaylar minimum \u00fc\u00e7 olmak \u00fczere eklenebilir veya \u00e7\u0131kar\u0131labilir, her biri 15 kilogram y\u00fck ta\u015f\u0131yabilir.Ergonomik&#8230;<\/p>\n","protected":false},"featured_media":117422,"comment_status":"open","ping_status":"closed","template":"","meta":{"_kad_post_transparent":"","_kad_post_title":"","_kad_post_layout":"","_kad_post_sidebar_id":"","_kad_post_content_style":"","_kad_post_vertical_padding":"","_kad_post_feature":"","_kad_post_feature_position":"","_kad_post_header":false,"_kad_post_footer":false,"_kad_post_classname":""},"product_brand":[],"product_cat":[15095],"product_tag":[],"class_list":{"0":"post-117423","1":"product","2":"type-product","3":"status-publish","4":"has-post-thumbnail","6":"product_cat-egzersiz-aletleri-egzersiz-aletleri","8":"first","9":"instock","10":"purchasable","11":"product-type-simple","12":"entry","13":"content-bg","14":"loop-entry"},"_links":{"self":[{"href":"https:\/\/www.hediyepazar.com\/index.php?rest_route=\/wp\/v2\/product\/117423","targetHints":{"allow":["GET"]}}],"collection":[{"href":"https:\/\/www.hediyepazar.com\/index.php?rest_route=\/wp\/v2\/product"}],"about":[{"href":"https:\/\/www.hediyepazar.com\/index.php?rest_route=\/wp\/v2\/types\/product"}],"replies":[{"embeddable":true,"href":"https:\/\/www.hediyepazar.com\/index.php?rest_route=%2Fwp%2Fv2%2Fcomments&post=117423"}],"wp:featuredmedia":[{"embeddable":true,"href":"https:\/\/www.hediyepazar.com\/index.php?rest_route=\/wp\/v2\/media\/117422"}],"wp:attachment":[{"href":"https:\/\/www.hediyepazar.com\/index.php?rest_route=%2Fwp%2Fv2%2Fmedia&parent=117423"}],"wp:term":[{"taxonomy":"product_brand","embeddable":true,"href":"https:\/\/www.hediyepazar.com\/index.php?rest_route=%2Fwp%2Fv2%2Fproduct_brand&post=117423"},{"taxonomy":"product_cat","embeddable":true,"href":"https:\/\/www.hediyepazar.com\/index.php?rest_route=%2Fwp%2Fv2%2Fproduct_cat&post=117423"},{"taxonomy":"product_tag","embeddable":true,"href":"https:\/\/www.hediyepazar.com\/index.php?rest_route=%2Fwp%2Fv2%2Fproduct_tag&post=117423"}],"curies":[{"name":"wp","href":"https:\/\/api.w.org\/{rel}","templated":true}]}}