{"id":117426,"date":"2026-05-05T19:51:59","date_gmt":"2026-05-05T22:51:59","guid":{"rendered":"https:\/\/www.hediyepazar.com\/?product=ayarlanabilir-elastik-yayli-ergonomik-tasarimli-kas-guclendirme-seti"},"modified":"2026-05-05T19:51:59","modified_gmt":"2026-05-05T22:51:59","slug":"ayarlanabilir-elastik-yayli-ergonomik-tasarimli-kas-guclendirme-seti","status":"publish","type":"product","link":"https:\/\/www.hediyepazar.com\/?product=ayarlanabilir-elastik-yayli-ergonomik-tasarimli-kas-guclendirme-seti","title":{"rendered":"Ayarlanabilir Elastik Yayl\u0131 Ergonomik Tasar\u0131ml\u0131 Kas G\u00fc\u00e7lendirme Seti"},"content":{"rendered":"<p>&nbsp;Kol ve g\u00f6\u011f\u00fcs kaslar\u0131n\u0131z\u0131 geli\u015ftirmek, mekik \u00e7ekmek ve el kaslar\u0131n\u0131z\u0131 g\u00fc\u00e7lendirmek isteyenler i\u00e7in tasarlanm\u0131\u015f \u00e7ok fonksiyonlu bu spor aleti, evde egzersiz yapmay\u0131 kolayla\u015ft\u0131r\u0131r. Paslanmaz \u00e7elikten \u00fcretilmi\u015f 5 elastik yay\u0131 sayesinde diren\u00e7 seviyesi ihtiya\u00e7lar\u0131n\u0131za g\u00f6re ayarlanabilir. Yaylar kolayca \u00e7\u0131kar\u0131l\u0131p tak\u0131l\u0131r, ancak en az \u00fc\u00e7 yay kullan\u0131m\u0131 \u00f6nerilir.Ergonomik tasar\u0131m\u0131 ve tutma yerleri, uzun s\u00fcreli egzersizlerde bile konfor sunar. Pedallar ise mekik hareketlerini destekleyerek stabilite sa\u011flar. Bu spor aleti, sadece kol ve g\u00f6\u011f\u00fcs de\u011fil, ayn\u0131 zamanda s\u0131rt, kar\u0131n, bacak ve bel kaslar\u0131n\u0131 da etkili bi\u00e7imde \u00e7al\u0131\u015ft\u0131r\u0131r.Dayan\u0131kl\u0131 ve ta\u015f\u0131nabilir yap\u0131s\u0131 sayesinde spor salonuna gitmeden evinizde veya seyahatinizde kaslar\u0131n\u0131z\u0131 g\u00fc\u00e7lendirebilirsiniz. Aile bireyleri aras\u0131nda kolayca payla\u015f\u0131larak herkesin kendi seviyesine uygun egzersiz yapmas\u0131 m\u00fcmk\u00fcnd\u00fcr.<\/p>\n","protected":false},"excerpt":{"rendered":"<p>&nbsp;Kol ve g\u00f6\u011f\u00fcs kaslar\u0131n\u0131z\u0131 geli\u015ftirmek, mekik \u00e7ekmek ve el kaslar\u0131n\u0131z\u0131 g\u00fc\u00e7lendirmek isteyenler i\u00e7in tasarlanm\u0131\u015f \u00e7ok fonksiyonlu bu spor aleti, evde egzersiz yapmay\u0131 kolayla\u015ft\u0131r\u0131r. Paslanmaz \u00e7elikten \u00fcretilmi\u015f 5 elastik yay\u0131 sayesinde diren\u00e7 seviyesi ihtiya\u00e7lar\u0131n\u0131za g\u00f6re ayarlanabilir. Yaylar kolayca \u00e7\u0131kar\u0131l\u0131p tak\u0131l\u0131r, ancak en az \u00fc\u00e7 yay kullan\u0131m\u0131 \u00f6nerilir.Ergonomik tasar\u0131m\u0131 ve tutma yerleri, uzun s\u00fcreli egzersizlerde bile konfor&#8230;<\/p>\n","protected":false},"featured_media":117425,"comment_status":"open","ping_status":"closed","template":"","meta":{"_kad_post_transparent":"","_kad_post_title":"","_kad_post_layout":"","_kad_post_sidebar_id":"","_kad_post_content_style":"","_kad_post_vertical_padding":"","_kad_post_feature":"","_kad_post_feature_position":"","_kad_post_header":false,"_kad_post_footer":false,"_kad_post_classname":""},"product_brand":[],"product_cat":[15095],"product_tag":[],"class_list":{"0":"post-117426","1":"product","2":"type-product","3":"status-publish","4":"has-post-thumbnail","6":"product_cat-egzersiz-aletleri-egzersiz-aletleri","8":"first","9":"instock","10":"purchasable","11":"product-type-simple","12":"entry","13":"content-bg","14":"loop-entry"},"_links":{"self":[{"href":"https:\/\/www.hediyepazar.com\/index.php?rest_route=\/wp\/v2\/product\/117426","targetHints":{"allow":["GET"]}}],"collection":[{"href":"https:\/\/www.hediyepazar.com\/index.php?rest_route=\/wp\/v2\/product"}],"about":[{"href":"https:\/\/www.hediyepazar.com\/index.php?rest_route=\/wp\/v2\/types\/product"}],"replies":[{"embeddable":true,"href":"https:\/\/www.hediyepazar.com\/index.php?rest_route=%2Fwp%2Fv2%2Fcomments&post=117426"}],"wp:featuredmedia":[{"embeddable":true,"href":"https:\/\/www.hediyepazar.com\/index.php?rest_route=\/wp\/v2\/media\/117425"}],"wp:attachment":[{"href":"https:\/\/www.hediyepazar.com\/index.php?rest_route=%2Fwp%2Fv2%2Fmedia&parent=117426"}],"wp:term":[{"taxonomy":"product_brand","embeddable":true,"href":"https:\/\/www.hediyepazar.com\/index.php?rest_route=%2Fwp%2Fv2%2Fproduct_brand&post=117426"},{"taxonomy":"product_cat","embeddable":true,"href":"https:\/\/www.hediyepazar.com\/index.php?rest_route=%2Fwp%2Fv2%2Fproduct_cat&post=117426"},{"taxonomy":"product_tag","embeddable":true,"href":"https:\/\/www.hediyepazar.com\/index.php?rest_route=%2Fwp%2Fv2%2Fproduct_tag&post=117426"}],"curies":[{"name":"wp","href":"https:\/\/api.w.org\/{rel}","templated":true}]}}