{"id":117432,"date":"2026-05-05T19:52:12","date_gmt":"2026-05-05T22:52:12","guid":{"rendered":"https:\/\/www.hediyepazar.com\/?product=bluetooth-usb-ve-aux-girisli-cok-fonksiyonlu-karaoke-hoparlor"},"modified":"2026-05-05T19:52:12","modified_gmt":"2026-05-05T22:52:12","slug":"bluetooth-usb-ve-aux-girisli-cok-fonksiyonlu-karaoke-hoparlor","status":"publish","type":"product","link":"https:\/\/www.hediyepazar.com\/?product=bluetooth-usb-ve-aux-girisli-cok-fonksiyonlu-karaoke-hoparlor","title":{"rendered":"Bluetooth USB ve AUX Giri\u015fli \u00c7ok Fonksiyonlu Karaoke Hoparl\u00f6r"},"content":{"rendered":"<p>Bu ta\u015f\u0131nabilir karaoke cihaz\u0131, hem \u00e7ocuklara y\u00f6nelik e\u011flenceli \u00f6zellikler hem de yeti\u015fkinlerin kullan\u0131m\u0131 i\u00e7in kolayl\u0131klar sunar. Y\u00fcksek ses kalitesi sayesinde m\u00fczikler net ve g\u00fc\u00e7l\u00fc \u015fekilde duyulur. Bluetooth \u00f6zelli\u011fi sayesinde kablosuz kullan\u0131m m\u00fcmk\u00fcnd\u00fcr. USB, SD kart ve AUX giri\u015fi ile farkl\u0131 ba\u011flant\u0131 se\u00e7enekleri sunar. Cihazla birlikte gelen iki mikrofon, arkada\u015flar\u0131n\u0131zla ya da \u00e7ocuklar\u0131n\u0131zla birlikte \u015fark\u0131 s\u00f6ylemenize olanak tan\u0131r. Mikrofonlardan birinde ses de\u011fi\u015ftirme \u00f6zelli\u011fi vard\u0131r. LED \u0131\u015f\u0131klar m\u00fczi\u011fe g\u00f6re yanar ve e\u011flencenize hareket katar. \u015earj edilebilir bataryas\u0131 6 ila 10 saat aras\u0131nda kesintisiz m\u00fczik \u00e7alma kapasitesine sahiptir. Hafif tasar\u0131m\u0131 sayesinde kolayca ta\u015f\u0131nabilir. Okul etkinlikleri, do\u011fum g\u00fcn\u00fc partileri ve a\u00e7\u0131k hava bulu\u015fmalar\u0131 i\u00e7in uygundur.<\/p>\n","protected":false},"excerpt":{"rendered":"<p>Bu ta\u015f\u0131nabilir karaoke cihaz\u0131, hem \u00e7ocuklara y\u00f6nelik e\u011flenceli \u00f6zellikler hem de yeti\u015fkinlerin kullan\u0131m\u0131 i\u00e7in kolayl\u0131klar sunar. Y\u00fcksek ses kalitesi sayesinde m\u00fczikler net ve g\u00fc\u00e7l\u00fc \u015fekilde duyulur. Bluetooth \u00f6zelli\u011fi sayesinde kablosuz kullan\u0131m m\u00fcmk\u00fcnd\u00fcr. USB, SD kart ve AUX giri\u015fi ile farkl\u0131 ba\u011flant\u0131 se\u00e7enekleri sunar. Cihazla birlikte gelen iki mikrofon, arkada\u015flar\u0131n\u0131zla ya da \u00e7ocuklar\u0131n\u0131zla birlikte \u015fark\u0131 s\u00f6ylemenize&#8230;<\/p>\n","protected":false},"featured_media":117431,"comment_status":"open","ping_status":"closed","template":"","meta":{"_kad_post_transparent":"","_kad_post_title":"","_kad_post_layout":"","_kad_post_sidebar_id":"","_kad_post_content_style":"","_kad_post_vertical_padding":"","_kad_post_feature":"","_kad_post_feature_position":"","_kad_post_header":false,"_kad_post_footer":false,"_kad_post_classname":""},"product_brand":[],"product_cat":[14911],"product_tag":[],"class_list":{"0":"post-117432","1":"product","2":"type-product","3":"status-publish","4":"has-post-thumbnail","6":"product_cat-kablosuz-hoparlor-kablosuz-hoparlor","8":"first","9":"instock","10":"purchasable","11":"product-type-simple","12":"entry","13":"content-bg","14":"loop-entry"},"_links":{"self":[{"href":"https:\/\/www.hediyepazar.com\/index.php?rest_route=\/wp\/v2\/product\/117432","targetHints":{"allow":["GET"]}}],"collection":[{"href":"https:\/\/www.hediyepazar.com\/index.php?rest_route=\/wp\/v2\/product"}],"about":[{"href":"https:\/\/www.hediyepazar.com\/index.php?rest_route=\/wp\/v2\/types\/product"}],"replies":[{"embeddable":true,"href":"https:\/\/www.hediyepazar.com\/index.php?rest_route=%2Fwp%2Fv2%2Fcomments&post=117432"}],"wp:featuredmedia":[{"embeddable":true,"href":"https:\/\/www.hediyepazar.com\/index.php?rest_route=\/wp\/v2\/media\/117431"}],"wp:attachment":[{"href":"https:\/\/www.hediyepazar.com\/index.php?rest_route=%2Fwp%2Fv2%2Fmedia&parent=117432"}],"wp:term":[{"taxonomy":"product_brand","embeddable":true,"href":"https:\/\/www.hediyepazar.com\/index.php?rest_route=%2Fwp%2Fv2%2Fproduct_brand&post=117432"},{"taxonomy":"product_cat","embeddable":true,"href":"https:\/\/www.hediyepazar.com\/index.php?rest_route=%2Fwp%2Fv2%2Fproduct_cat&post=117432"},{"taxonomy":"product_tag","embeddable":true,"href":"https:\/\/www.hediyepazar.com\/index.php?rest_route=%2Fwp%2Fv2%2Fproduct_tag&post=117432"}],"curies":[{"name":"wp","href":"https:\/\/api.w.org\/{rel}","templated":true}]}}