{"id":117436,"date":"2026-05-05T19:52:20","date_gmt":"2026-05-05T22:52:20","guid":{"rendered":"https:\/\/www.hediyepazar.com\/?product=tasinabilir-bluetooth-karaoke-sistemi-genis-pil-kapasitesi"},"modified":"2026-05-05T19:52:20","modified_gmt":"2026-05-05T22:52:20","slug":"tasinabilir-bluetooth-karaoke-sistemi-genis-pil-kapasitesi","status":"publish","type":"product","link":"https:\/\/www.hediyepazar.com\/?product=tasinabilir-bluetooth-karaoke-sistemi-genis-pil-kapasitesi","title":{"rendered":"Ta\u015f\u0131nabilir Bluetooth Karaoke Sistemi \u2013 Geni\u015f Pil Kapasitesi"},"content":{"rendered":"<p>Kompakt yap\u0131s\u0131 ve zengin \u00f6zellikleriyle bu mini karaoke cihaz\u0131, e\u011flencenizi her ortama ta\u015f\u0131yor. Bluetooth ba\u011flant\u0131s\u0131 sayesinde telefondan veya tabletten m\u00fczik a\u00e7mak \u00e7ok kolay. USB bellek, AUX kablo veya SD kart ile de kullan\u0131m m\u00fcmk\u00fcnd\u00fcr. \u0130ki kablosuz mikrofonla birlikte gelen \u00fcr\u00fcn, ayn\u0131 anda iki ki\u015finin \u015fark\u0131 s\u00f6ylemesine olanak tan\u0131r. Mikrofonlardan birinde ses de\u011fi\u015ftirme \u00f6zellikleri bulunur: \u00e7ocuk, kad\u0131n, erkek, robot gibi seslerle farkl\u0131 bir e\u011flence ya\u015fars\u0131n\u0131z. LED \u0131\u015f\u0131klar m\u00fczikle birlikte yanar ve ritme ayak uydurur. Bu da \u00f6zellikle \u00e7ocuk partileri, do\u011fum g\u00fcnleri ya da aile e\u011flenceleri i\u00e7in \u00fcr\u00fcn\u00fc daha \u00e7ekici hale getirir. 2400 mAh bataryas\u0131yla tek \u015farjda 6-10 saat aras\u0131 kesintisiz m\u00fczik keyfi sunar.<\/p>\n","protected":false},"excerpt":{"rendered":"<p>Kompakt yap\u0131s\u0131 ve zengin \u00f6zellikleriyle bu mini karaoke cihaz\u0131, e\u011flencenizi her ortama ta\u015f\u0131yor. Bluetooth ba\u011flant\u0131s\u0131 sayesinde telefondan veya tabletten m\u00fczik a\u00e7mak \u00e7ok kolay. USB bellek, AUX kablo veya SD kart ile de kullan\u0131m m\u00fcmk\u00fcnd\u00fcr. \u0130ki kablosuz mikrofonla birlikte gelen \u00fcr\u00fcn, ayn\u0131 anda iki ki\u015finin \u015fark\u0131 s\u00f6ylemesine olanak tan\u0131r. Mikrofonlardan birinde ses de\u011fi\u015ftirme \u00f6zellikleri bulunur: \u00e7ocuk,&#8230;<\/p>\n","protected":false},"featured_media":117435,"comment_status":"open","ping_status":"closed","template":"","meta":{"_kad_post_transparent":"","_kad_post_title":"","_kad_post_layout":"","_kad_post_sidebar_id":"","_kad_post_content_style":"","_kad_post_vertical_padding":"","_kad_post_feature":"","_kad_post_feature_position":"","_kad_post_header":false,"_kad_post_footer":false,"_kad_post_classname":""},"product_brand":[],"product_cat":[14911],"product_tag":[],"class_list":{"0":"post-117436","1":"product","2":"type-product","3":"status-publish","4":"has-post-thumbnail","6":"product_cat-kablosuz-hoparlor-kablosuz-hoparlor","8":"first","9":"instock","10":"purchasable","11":"product-type-simple","12":"entry","13":"content-bg","14":"loop-entry"},"_links":{"self":[{"href":"https:\/\/www.hediyepazar.com\/index.php?rest_route=\/wp\/v2\/product\/117436","targetHints":{"allow":["GET"]}}],"collection":[{"href":"https:\/\/www.hediyepazar.com\/index.php?rest_route=\/wp\/v2\/product"}],"about":[{"href":"https:\/\/www.hediyepazar.com\/index.php?rest_route=\/wp\/v2\/types\/product"}],"replies":[{"embeddable":true,"href":"https:\/\/www.hediyepazar.com\/index.php?rest_route=%2Fwp%2Fv2%2Fcomments&post=117436"}],"wp:featuredmedia":[{"embeddable":true,"href":"https:\/\/www.hediyepazar.com\/index.php?rest_route=\/wp\/v2\/media\/117435"}],"wp:attachment":[{"href":"https:\/\/www.hediyepazar.com\/index.php?rest_route=%2Fwp%2Fv2%2Fmedia&parent=117436"}],"wp:term":[{"taxonomy":"product_brand","embeddable":true,"href":"https:\/\/www.hediyepazar.com\/index.php?rest_route=%2Fwp%2Fv2%2Fproduct_brand&post=117436"},{"taxonomy":"product_cat","embeddable":true,"href":"https:\/\/www.hediyepazar.com\/index.php?rest_route=%2Fwp%2Fv2%2Fproduct_cat&post=117436"},{"taxonomy":"product_tag","embeddable":true,"href":"https:\/\/www.hediyepazar.com\/index.php?rest_route=%2Fwp%2Fv2%2Fproduct_tag&post=117436"}],"curies":[{"name":"wp","href":"https:\/\/api.w.org\/{rel}","templated":true}]}}