{"id":117438,"date":"2026-05-05T19:52:59","date_gmt":"2026-05-05T22:52:59","guid":{"rendered":"https:\/\/www.hediyepazar.com\/?product=yuksek-performansli-kablosuz-karaoke-hoparlor"},"modified":"2026-05-05T19:52:59","modified_gmt":"2026-05-05T22:52:59","slug":"yuksek-performansli-kablosuz-karaoke-hoparlor","status":"publish","type":"product","link":"https:\/\/www.hediyepazar.com\/?product=yuksek-performansli-kablosuz-karaoke-hoparlor","title":{"rendered":"Y\u00fcksek Performansl\u0131 Kablosuz Karaoke Hoparl\u00f6r"},"content":{"rendered":"<p>Bu ta\u015f\u0131nabilir karaoke hoparl\u00f6r, y\u00fcksek ses kalitesi ve kullan\u0131\u015fl\u0131 tasar\u0131m\u0131 ile her ya\u015ftan kullan\u0131c\u0131ya hitap ediyor. Dahili ses s\u00fcr\u00fcc\u00fcleri sayesinde sesler net ve g\u00fc\u00e7l\u00fc \u015fekilde iletilir. Hem m\u00fczik dinlemek hem de karaoke yapmak i\u00e7in ideal bir \u00fcr\u00fcn. \u00dcr\u00fcnle birlikte gelen iki adet mikrofon sayesinde ister tek ba\u015f\u0131n\u0131za ister arkada\u015flar\u0131n\u0131zla birlikte e\u011flenebilirsiniz. Bluetooth 5.0 teknolojisi sayesinde cihaz\u0131n\u0131zla saniyeler i\u00e7inde e\u015fle\u015fir ve m\u00fczik keyfi ba\u015flar. Ayr\u0131ca USB ve AUX giri\u015fleri sayesinde farkl\u0131 kaynaklardan da m\u00fczik \u00e7alabilirsiniz. Renkli LED \u0131\u015f\u0131klar\u0131 ortama enerji katar ve e\u011flencenize g\u00f6rsellik kazand\u0131r\u0131r. Type-C \u015farj giri\u015fi ile h\u0131zl\u0131ca \u015farj olur, uzun s\u00fcre kullan\u0131m sa\u011flar. Hafif yap\u0131s\u0131 ve ta\u015f\u0131ma sap\u0131 sayesinde her yere kolayca g\u00f6t\u00fcr\u00fclebilir.<\/p>\n","protected":false},"excerpt":{"rendered":"<p>Bu ta\u015f\u0131nabilir karaoke hoparl\u00f6r, y\u00fcksek ses kalitesi ve kullan\u0131\u015fl\u0131 tasar\u0131m\u0131 ile her ya\u015ftan kullan\u0131c\u0131ya hitap ediyor. Dahili ses s\u00fcr\u00fcc\u00fcleri sayesinde sesler net ve g\u00fc\u00e7l\u00fc \u015fekilde iletilir. Hem m\u00fczik dinlemek hem de karaoke yapmak i\u00e7in ideal bir \u00fcr\u00fcn. \u00dcr\u00fcnle birlikte gelen iki adet mikrofon sayesinde ister tek ba\u015f\u0131n\u0131za ister arkada\u015flar\u0131n\u0131zla birlikte e\u011flenebilirsiniz. Bluetooth 5.0 teknolojisi sayesinde&#8230;<\/p>\n","protected":false},"featured_media":117437,"comment_status":"open","ping_status":"closed","template":"","meta":{"_kad_post_transparent":"","_kad_post_title":"","_kad_post_layout":"","_kad_post_sidebar_id":"","_kad_post_content_style":"","_kad_post_vertical_padding":"","_kad_post_feature":"","_kad_post_feature_position":"","_kad_post_header":false,"_kad_post_footer":false,"_kad_post_classname":""},"product_brand":[],"product_cat":[14911],"product_tag":[],"class_list":{"0":"post-117438","1":"product","2":"type-product","3":"status-publish","4":"has-post-thumbnail","6":"product_cat-kablosuz-hoparlor-kablosuz-hoparlor","8":"first","9":"instock","10":"purchasable","11":"product-type-simple","12":"entry","13":"content-bg","14":"loop-entry"},"_links":{"self":[{"href":"https:\/\/www.hediyepazar.com\/index.php?rest_route=\/wp\/v2\/product\/117438","targetHints":{"allow":["GET"]}}],"collection":[{"href":"https:\/\/www.hediyepazar.com\/index.php?rest_route=\/wp\/v2\/product"}],"about":[{"href":"https:\/\/www.hediyepazar.com\/index.php?rest_route=\/wp\/v2\/types\/product"}],"replies":[{"embeddable":true,"href":"https:\/\/www.hediyepazar.com\/index.php?rest_route=%2Fwp%2Fv2%2Fcomments&post=117438"}],"wp:featuredmedia":[{"embeddable":true,"href":"https:\/\/www.hediyepazar.com\/index.php?rest_route=\/wp\/v2\/media\/117437"}],"wp:attachment":[{"href":"https:\/\/www.hediyepazar.com\/index.php?rest_route=%2Fwp%2Fv2%2Fmedia&parent=117438"}],"wp:term":[{"taxonomy":"product_brand","embeddable":true,"href":"https:\/\/www.hediyepazar.com\/index.php?rest_route=%2Fwp%2Fv2%2Fproduct_brand&post=117438"},{"taxonomy":"product_cat","embeddable":true,"href":"https:\/\/www.hediyepazar.com\/index.php?rest_route=%2Fwp%2Fv2%2Fproduct_cat&post=117438"},{"taxonomy":"product_tag","embeddable":true,"href":"https:\/\/www.hediyepazar.com\/index.php?rest_route=%2Fwp%2Fv2%2Fproduct_tag&post=117438"}],"curies":[{"name":"wp","href":"https:\/\/api.w.org\/{rel}","templated":true}]}}