{"id":117440,"date":"2026-05-05T19:53:06","date_gmt":"2026-05-05T22:53:06","guid":{"rendered":"https:\/\/www.hediyepazar.com\/?product=x360-speaker"},"modified":"2026-05-05T19:53:06","modified_gmt":"2026-05-05T22:53:06","slug":"x360-speaker","status":"publish","type":"product","link":"https:\/\/www.hediyepazar.com\/?product=x360-speaker","title":{"rendered":"x360- Speaker"},"content":{"rendered":"<p>Bu ta\u015f\u0131nabilir hoparl\u00f6r, \u00e7ift 57\u202fmm s\u00fcr\u00fcc\u00fc ile toplam 20\u202fW RMS ses g\u00fcc\u00fc sunarak, net, g\u00fc\u00e7l\u00fc ve dengeli ses performans\u0131 sa\u011flar. Maksimum 90\u202fdB ses hassasiyeti sayesinde her m\u00fczik t\u00fcr\u00fcnde derin baslar ve temiz vokaller elde edilirBa\u011flant\u0131 konusunda Bluetooth\u202f5.3 deste\u011fi ile yakla\u015f\u0131k 10\u202fmetrelik kablosuz eri\u015fim sa\u011flan\u0131r. Bu sayede cihazlar aras\u0131nda h\u0131zl\u0131 e\u015fle\u015fme imk\u00e2n\u0131 sunulurken, USB, SD kart ve AUX giri\u015fleriyle m\u00fczik kaynaklar\u0131 konusunda da tam esneklik sa\u011flan\u0131r Dahas\u0131, AUX ve mikro SD ile birlikte USB Typ e-A medya oynat\u0131c\u0131 giri\u015fi ve USB Type-C \u015farj portu, kullan\u0131m senaryolar\u0131na y\u00f6nelik y\u00fcksek uyumluluk sunarDayan\u0131kl\u0131l\u0131k a\u00e7\u0131s\u0131ndan IPX6 suya dayan\u0131kl\u0131l\u0131k sertifikas\u0131, a\u00e7\u0131k hava ko\u015fullar\u0131nda\u2014ya\u011fmur, deniz spreyi gibi etkenler\u2014g\u00fcvenli kullan\u0131m sa\u011flar \u00a0\u00dcr\u00fcn\u00fcn toza dayan\u0131kl\u0131 yap\u0131s\u0131 da zorlu ortamlar i\u00e7in avantaj yarat\u0131r . G\u00f6vdeye entegre ta\u015f\u0131ma ask\u0131s\u0131 ile kamp, plaj, piknik gibi d\u0131\u015f mek\u00e2n aktivitelerinde rahatl\u0131kla kullan\u0131labilir.Pil performans\u0131 ise 2.400\u202fmAh kapasiteli 18650 Li-ion batarya ile tek \u015farjda yakla\u015f\u0131k 4\u20135 saat \u00e7alma s\u00fcresi sunar. Maksimum g\u00fc\u00e7 t\u00fcketiminin 2.8V olmas\u0131 enerji verimlili\u011fini art\u0131r\u0131r \u00a0Type-C \u015farj portu sayesinde h\u0131zl\u0131 ve g\u00fcvenilir \u015farj deste\u011fine sahip olmas\u0131, kullan\u0131m kolayl\u0131\u011f\u0131n\u0131 art\u0131r\u0131r.Estetik a\u00e7\u0131dan, \u00fcst y\u00fczeyde yer alan RGB LED \u0131\u015f\u0131klar m\u00fczik ritmine g\u00f6re senkronize olarak g\u00f6rsel bir atmosfer deneyimi sunar. Bu \u00f6zellik, m\u00fczikle g\u00f6rselli\u011fi birle\u015ftirerek partilerde, ev \u0131\u015f\u0131kland\u0131rmas\u0131nda veya d\u0131\u015f mek\u00e2n etkinliklerinde ortam\u0131 canland\u0131r\u0131r.Ayr\u0131ca, TWS (True Wireless Stereo) modu sayesinde iki hoparl\u00f6r\u00fc e\u015fle\u015ftirerek sol\u2011sa\u011f stereo ses deneyimi elde edilebilir; bu \u00f6zellikle geni\u015f alanlarda, ev sinemas\u0131 tarz\u0131 dinleme ortamlar\u0131nda veya grup kullan\u0131mlar\u0131nda b\u00fcy\u00fck avantaj sa\u011flar.Fiziksel \u00f6zellikleri a\u00e7\u0131s\u0131ndan cihaz yakla\u015f\u0131k 900\u202fg a\u011f\u0131rl\u0131\u011f\u0131nda, boyutlar\u0131 ise 220\u202f\u00d7\u202f107\u202f\u00d7\u202f104\u202fmm, bu da onu hem ta\u015f\u0131nabilir hem de yeterince b\u00fcy\u00fck membranlara sahip bir \u00e7\u00f6z\u00fcm haline getirir.Bu \u00dcr\u00fcn\u00fc Tercih Etmeniz \u0130\u00e7in 5 Neden \tG\u00fc\u00e7l\u00fc ses deneyimi \u2013 20\u202fW RMS, 90\u202fdB performans\u0131yla etkileyici ses kalitesi. \t\u00c7oklu ba\u011flant\u0131 esnekli\u011fi \u2013 Bluetooth, USB, SD, AUX se\u00e7enekleriyle her kaynaktan m\u00fczik. \tTa\u015f\u0131nabilirlik &#038; dayan\u0131kl\u0131l\u0131k \u2013 IPX6 sertifikal\u0131 g\u00f6vde ve ta\u015f\u0131ma kolayl\u0131\u011f\u0131. \tRenkli atmosfer \u2013 RGB \u0131\u015f\u0131klar ve m\u00fczikle senkronize g\u00f6rsel \u015fov. \tStereo y\u00fckseltme \u2013 TWS sayesinde kablosuz \u00e7ift hoparl\u00f6rle stereo deneyimi.<\/p>\n","protected":false},"excerpt":{"rendered":"<p>Bu ta\u015f\u0131nabilir hoparl\u00f6r, \u00e7ift 57\u202fmm s\u00fcr\u00fcc\u00fc ile toplam 20\u202fW RMS ses g\u00fcc\u00fc sunarak, net, g\u00fc\u00e7l\u00fc ve dengeli ses performans\u0131 sa\u011flar. Maksimum 90\u202fdB ses hassasiyeti sayesinde her m\u00fczik t\u00fcr\u00fcnde derin baslar ve temiz vokaller elde edilirBa\u011flant\u0131 konusunda Bluetooth\u202f5.3 deste\u011fi ile yakla\u015f\u0131k 10\u202fmetrelik kablosuz eri\u015fim sa\u011flan\u0131r. Bu sayede cihazlar aras\u0131nda h\u0131zl\u0131 e\u015fle\u015fme imk\u00e2n\u0131 sunulurken, USB, SD kart&#8230;<\/p>\n","protected":false},"featured_media":117439,"comment_status":"open","ping_status":"closed","template":"","meta":{"_kad_post_transparent":"","_kad_post_title":"","_kad_post_layout":"","_kad_post_sidebar_id":"","_kad_post_content_style":"","_kad_post_vertical_padding":"","_kad_post_feature":"","_kad_post_feature_position":"","_kad_post_header":false,"_kad_post_footer":false,"_kad_post_classname":""},"product_brand":[],"product_cat":[14911],"product_tag":[],"class_list":{"0":"post-117440","1":"product","2":"type-product","3":"status-publish","4":"has-post-thumbnail","6":"product_cat-kablosuz-hoparlor-kablosuz-hoparlor","8":"first","9":"instock","10":"purchasable","11":"product-type-simple","12":"entry","13":"content-bg","14":"loop-entry"},"_links":{"self":[{"href":"https:\/\/www.hediyepazar.com\/index.php?rest_route=\/wp\/v2\/product\/117440","targetHints":{"allow":["GET"]}}],"collection":[{"href":"https:\/\/www.hediyepazar.com\/index.php?rest_route=\/wp\/v2\/product"}],"about":[{"href":"https:\/\/www.hediyepazar.com\/index.php?rest_route=\/wp\/v2\/types\/product"}],"replies":[{"embeddable":true,"href":"https:\/\/www.hediyepazar.com\/index.php?rest_route=%2Fwp%2Fv2%2Fcomments&post=117440"}],"wp:featuredmedia":[{"embeddable":true,"href":"https:\/\/www.hediyepazar.com\/index.php?rest_route=\/wp\/v2\/media\/117439"}],"wp:attachment":[{"href":"https:\/\/www.hediyepazar.com\/index.php?rest_route=%2Fwp%2Fv2%2Fmedia&parent=117440"}],"wp:term":[{"taxonomy":"product_brand","embeddable":true,"href":"https:\/\/www.hediyepazar.com\/index.php?rest_route=%2Fwp%2Fv2%2Fproduct_brand&post=117440"},{"taxonomy":"product_cat","embeddable":true,"href":"https:\/\/www.hediyepazar.com\/index.php?rest_route=%2Fwp%2Fv2%2Fproduct_cat&post=117440"},{"taxonomy":"product_tag","embeddable":true,"href":"https:\/\/www.hediyepazar.com\/index.php?rest_route=%2Fwp%2Fv2%2Fproduct_tag&post=117440"}],"curies":[{"name":"wp","href":"https:\/\/api.w.org\/{rel}","templated":true}]}}