{"id":117444,"date":"2026-05-05T19:53:15","date_gmt":"2026-05-05T22:53:15","guid":{"rendered":"https:\/\/www.hediyepazar.com\/?product=rgb-isikli-tasinabilir-hoparlor-coklu-baglanti-destegi"},"modified":"2026-05-05T19:53:15","modified_gmt":"2026-05-05T22:53:15","slug":"rgb-isikli-tasinabilir-hoparlor-coklu-baglanti-destegi","status":"publish","type":"product","link":"https:\/\/www.hediyepazar.com\/?product=rgb-isikli-tasinabilir-hoparlor-coklu-baglanti-destegi","title":{"rendered":"RGB I\u015f\u0131kl\u0131 Ta\u015f\u0131nabilir Hoparl\u00f6r \u2013 \u00c7oklu Ba\u011flant\u0131 Deste\u011fi"},"content":{"rendered":"<p>RGB LED \u0131\u015f\u0131klarla donat\u0131lm\u0131\u015f bu model, m\u00fczi\u011fe g\u00f6rsel bir atmosfer katmak i\u00e7in ideal. \u00dcst k\u0131s\u0131mdaki renkli \u0131\u015f\u0131klar, m\u00fczi\u011fin ritmine ba\u011fl\u0131 olarak dinamik bir \u0131\u015f\u0131k yayar . \u00c7ift 57\u202fmm s\u00fcr\u00fcc\u00fcyle 10\u202fW \u00d7\u202f2 \u00e7\u0131k\u0131\u015f sa\u011flar, bu sayede performans\u0131ndan \u00f6d\u00fcn vermez. Ba\u011flant\u0131 se\u00e7enekleri aras\u0131nda Bluetooth 5.3, USB, SD kart ve AUX yer al\u0131r; bu da farkl\u0131 kullan\u0131m senaryolar\u0131 i\u00e7in esneklik sunar IPX6 korumal\u0131 g\u00f6vdesiyle hem plajda hem de bah\u00e7ede rahat\u00e7a kullan\u0131labilir.&nbsp;<\/p>\n","protected":false},"excerpt":{"rendered":"<p>RGB LED \u0131\u015f\u0131klarla donat\u0131lm\u0131\u015f bu model, m\u00fczi\u011fe g\u00f6rsel bir atmosfer katmak i\u00e7in ideal. \u00dcst k\u0131s\u0131mdaki renkli \u0131\u015f\u0131klar, m\u00fczi\u011fin ritmine ba\u011fl\u0131 olarak dinamik bir \u0131\u015f\u0131k yayar . \u00c7ift 57\u202fmm s\u00fcr\u00fcc\u00fcyle 10\u202fW \u00d7\u202f2 \u00e7\u0131k\u0131\u015f sa\u011flar, bu sayede performans\u0131ndan \u00f6d\u00fcn vermez. Ba\u011flant\u0131 se\u00e7enekleri aras\u0131nda Bluetooth 5.3, USB, SD kart ve AUX yer al\u0131r; bu da farkl\u0131 kullan\u0131m senaryolar\u0131&#8230;<\/p>\n","protected":false},"featured_media":117443,"comment_status":"open","ping_status":"closed","template":"","meta":{"_kad_post_transparent":"","_kad_post_title":"","_kad_post_layout":"","_kad_post_sidebar_id":"","_kad_post_content_style":"","_kad_post_vertical_padding":"","_kad_post_feature":"","_kad_post_feature_position":"","_kad_post_header":false,"_kad_post_footer":false,"_kad_post_classname":""},"product_brand":[],"product_cat":[14911],"product_tag":[],"class_list":{"0":"post-117444","1":"product","2":"type-product","3":"status-publish","4":"has-post-thumbnail","6":"product_cat-kablosuz-hoparlor-kablosuz-hoparlor","8":"first","9":"instock","10":"purchasable","11":"product-type-simple","12":"entry","13":"content-bg","14":"loop-entry"},"_links":{"self":[{"href":"https:\/\/www.hediyepazar.com\/index.php?rest_route=\/wp\/v2\/product\/117444","targetHints":{"allow":["GET"]}}],"collection":[{"href":"https:\/\/www.hediyepazar.com\/index.php?rest_route=\/wp\/v2\/product"}],"about":[{"href":"https:\/\/www.hediyepazar.com\/index.php?rest_route=\/wp\/v2\/types\/product"}],"replies":[{"embeddable":true,"href":"https:\/\/www.hediyepazar.com\/index.php?rest_route=%2Fwp%2Fv2%2Fcomments&post=117444"}],"wp:featuredmedia":[{"embeddable":true,"href":"https:\/\/www.hediyepazar.com\/index.php?rest_route=\/wp\/v2\/media\/117443"}],"wp:attachment":[{"href":"https:\/\/www.hediyepazar.com\/index.php?rest_route=%2Fwp%2Fv2%2Fmedia&parent=117444"}],"wp:term":[{"taxonomy":"product_brand","embeddable":true,"href":"https:\/\/www.hediyepazar.com\/index.php?rest_route=%2Fwp%2Fv2%2Fproduct_brand&post=117444"},{"taxonomy":"product_cat","embeddable":true,"href":"https:\/\/www.hediyepazar.com\/index.php?rest_route=%2Fwp%2Fv2%2Fproduct_cat&post=117444"},{"taxonomy":"product_tag","embeddable":true,"href":"https:\/\/www.hediyepazar.com\/index.php?rest_route=%2Fwp%2Fv2%2Fproduct_tag&post=117444"}],"curies":[{"name":"wp","href":"https:\/\/api.w.org\/{rel}","templated":true}]}}