{"id":117472,"date":"2026-05-05T19:57:07","date_gmt":"2026-05-05T22:57:07","guid":{"rendered":"https:\/\/www.hediyepazar.com\/?product=arac-kamerasi-silindir"},"modified":"2026-05-05T19:57:07","modified_gmt":"2026-05-05T22:57:07","slug":"arac-kamerasi-silindir","status":"publish","type":"product","link":"https:\/\/www.hediyepazar.com\/?product=arac-kamerasi-silindir","title":{"rendered":"ARA\u00c7 KAMERASI S\u0130L\u0130ND\u0130R"},"content":{"rendered":"<p>Bu ara\u00e7 i\u00e7i kamera sistemi, kompakt boyutlar\u0131na ra\u011fmen sundu\u011fu \u00fc\u00e7l\u00fc kamera sistemiyle maksimum g\u00fcvenlik sa\u011flar. 1080p \u00e7\u00f6z\u00fcn\u00fcrl\u00fckl\u00fc \u00f6n kamera ile trafikteki detaylar\u0131 ka\u00e7\u0131rmazken, 720p i\u00e7 ve arka kameralar arac\u0131n\u0131z\u0131n i\u00e7ini ve arkas\u0131n\u0131 ayn\u0131 anda kay\u0131t alt\u0131na al\u0131r. 170\u00b0 geni\u015f a\u00e7\u0131 lens sayesinde k\u00f6r nokta kalmaz. Gece g\u00f6r\u00fc\u015f fonksiyonu, \u0131\u015f\u0131k seviyesinin d\u00fc\u015f\u00fck oldu\u011fu ortamlarda bile net ve detayl\u0131 kay\u0131t yap\u0131lmas\u0131na olanak tan\u0131r. Kullan\u0131m\u0131 kolay 2.0 in\u00e7 LCD ekran, t\u00fcm ayarlara eri\u015fim imk\u00e2n\u0131 verir. Hareket alg\u0131lama teknolojisi, park halindeyken dahi potansiyel tehditleri kayda al\u0131r. G-Sens\u00f6r ise \u00e7arpma veya ani frenleme durumunda g\u00f6r\u00fcnt\u00fcleri otomatik olarak kilitleyerek silinmesini \u00f6nler. Dayan\u0131kl\u0131, suya ve toza kar\u015f\u0131 diren\u00e7li yap\u0131s\u0131yla her ara\u00e7ta g\u00fcvenle kullan\u0131labilir.<\/p>\n","protected":false},"excerpt":{"rendered":"<p>Bu ara\u00e7 i\u00e7i kamera sistemi, kompakt boyutlar\u0131na ra\u011fmen sundu\u011fu \u00fc\u00e7l\u00fc kamera sistemiyle maksimum g\u00fcvenlik sa\u011flar. 1080p \u00e7\u00f6z\u00fcn\u00fcrl\u00fckl\u00fc \u00f6n kamera ile trafikteki detaylar\u0131 ka\u00e7\u0131rmazken, 720p i\u00e7 ve arka kameralar arac\u0131n\u0131z\u0131n i\u00e7ini ve arkas\u0131n\u0131 ayn\u0131 anda kay\u0131t alt\u0131na al\u0131r. 170\u00b0 geni\u015f a\u00e7\u0131 lens sayesinde k\u00f6r nokta kalmaz. Gece g\u00f6r\u00fc\u015f fonksiyonu, \u0131\u015f\u0131k seviyesinin d\u00fc\u015f\u00fck oldu\u011fu ortamlarda bile net&#8230;<\/p>\n","protected":false},"featured_media":117471,"comment_status":"open","ping_status":"closed","template":"","meta":{"_kad_post_transparent":"","_kad_post_title":"","_kad_post_layout":"","_kad_post_sidebar_id":"","_kad_post_content_style":"","_kad_post_vertical_padding":"","_kad_post_feature":"","_kad_post_feature_position":"","_kad_post_header":false,"_kad_post_footer":false,"_kad_post_classname":""},"product_brand":[],"product_cat":[14927],"product_tag":[],"class_list":{"0":"post-117472","1":"product","2":"type-product","3":"status-publish","4":"has-post-thumbnail","6":"product_cat-akilli-kamera-akilli-kamera","8":"first","9":"instock","10":"purchasable","11":"product-type-simple","12":"entry","13":"content-bg","14":"loop-entry"},"_links":{"self":[{"href":"https:\/\/www.hediyepazar.com\/index.php?rest_route=\/wp\/v2\/product\/117472","targetHints":{"allow":["GET"]}}],"collection":[{"href":"https:\/\/www.hediyepazar.com\/index.php?rest_route=\/wp\/v2\/product"}],"about":[{"href":"https:\/\/www.hediyepazar.com\/index.php?rest_route=\/wp\/v2\/types\/product"}],"replies":[{"embeddable":true,"href":"https:\/\/www.hediyepazar.com\/index.php?rest_route=%2Fwp%2Fv2%2Fcomments&post=117472"}],"wp:featuredmedia":[{"embeddable":true,"href":"https:\/\/www.hediyepazar.com\/index.php?rest_route=\/wp\/v2\/media\/117471"}],"wp:attachment":[{"href":"https:\/\/www.hediyepazar.com\/index.php?rest_route=%2Fwp%2Fv2%2Fmedia&parent=117472"}],"wp:term":[{"taxonomy":"product_brand","embeddable":true,"href":"https:\/\/www.hediyepazar.com\/index.php?rest_route=%2Fwp%2Fv2%2Fproduct_brand&post=117472"},{"taxonomy":"product_cat","embeddable":true,"href":"https:\/\/www.hediyepazar.com\/index.php?rest_route=%2Fwp%2Fv2%2Fproduct_cat&post=117472"},{"taxonomy":"product_tag","embeddable":true,"href":"https:\/\/www.hediyepazar.com\/index.php?rest_route=%2Fwp%2Fv2%2Fproduct_tag&post=117472"}],"curies":[{"name":"wp","href":"https:\/\/api.w.org\/{rel}","templated":true}]}}