{"id":117500,"date":"2026-05-05T20:03:05","date_gmt":"2026-05-05T23:03:05","guid":{"rendered":"https:\/\/www.hediyepazar.com\/?product=genis-uyumluluklu-kablosuz-fare-windows-mac-linux-destekli"},"modified":"2026-05-05T20:03:05","modified_gmt":"2026-05-05T23:03:05","slug":"genis-uyumluluklu-kablosuz-fare-windows-mac-linux-destekli","status":"publish","type":"product","link":"https:\/\/www.hediyepazar.com\/?product=genis-uyumluluklu-kablosuz-fare-windows-mac-linux-destekli","title":{"rendered":"Geni\u015f Uyumluluklu Kablosuz Fare \u2013 Windows Mac Linux Destekli"},"content":{"rendered":"<p>Bu fare, Windows, MacOS, iOS, iPadOS, Linux, Chrome OS ve Mi Box S gibi platformlarla tam uyumludur. Bluetooth 5.0 ve 2.4GHz ba\u011flant\u0131 deste\u011fi ile t\u00fcm cihazlara an\u0131nda ba\u011flanabilir. Otomatik uyku modu sayesinde enerji tasarrufu yaparken, tu\u015flara t\u0131klanmas\u0131yla h\u0131zla uyan\u0131r.\u015earjl\u0131 bataryas\u0131 30 g\u00fcn kullan\u0131m \u00f6mr\u00fc sunar ve sadece 40 dakikada tamamen \u015farj olur. \u015eeffaf ve modern d\u0131\u015f g\u00f6r\u00fcn\u00fcm\u00fc sayesinde cihaz sadece fonksiyonel de\u011fil, g\u00f6rsel olarak da dikkat \u00e7eker. Sessiz t\u0131klama \u00f6zelli\u011fi, kalabal\u0131k ortamlarda g\u00fcr\u00fclt\u00fcs\u00fcz \u00e7al\u0131\u015fman\u0131za olanak tan\u0131r.Kaymaz alt y\u00fczey ve metal kayd\u0131rma tekeriyle y\u00fcksek hassasiyetli kullan\u0131m sunan fare, g\u00fcnl\u00fck i\u015flerden profesyonel kullan\u0131ma kadar her ihtiyaca cevap verir. 1600 DPI sens\u00f6r ve ayarlanabilir hassasiyet seviyesiyle her ortamda kontrol\u00fc elinizde tutars\u0131n\u0131z.<\/p>\n","protected":false},"excerpt":{"rendered":"<p>Bu fare, Windows, MacOS, iOS, iPadOS, Linux, Chrome OS ve Mi Box S gibi platformlarla tam uyumludur. Bluetooth 5.0 ve 2.4GHz ba\u011flant\u0131 deste\u011fi ile t\u00fcm cihazlara an\u0131nda ba\u011flanabilir. Otomatik uyku modu sayesinde enerji tasarrufu yaparken, tu\u015flara t\u0131klanmas\u0131yla h\u0131zla uyan\u0131r.\u015earjl\u0131 bataryas\u0131 30 g\u00fcn kullan\u0131m \u00f6mr\u00fc sunar ve sadece 40 dakikada tamamen \u015farj olur. \u015eeffaf ve modern&#8230;<\/p>\n","protected":false},"featured_media":117499,"comment_status":"open","ping_status":"closed","template":"","meta":{"_kad_post_transparent":"","_kad_post_title":"","_kad_post_layout":"","_kad_post_sidebar_id":"","_kad_post_content_style":"","_kad_post_vertical_padding":"","_kad_post_feature":"","_kad_post_feature_position":"","_kad_post_header":false,"_kad_post_footer":false,"_kad_post_classname":""},"product_brand":[],"product_cat":[14973],"product_tag":[],"class_list":{"0":"post-117500","1":"product","2":"type-product","3":"status-publish","4":"has-post-thumbnail","6":"product_cat-mouse-mouse","8":"first","9":"instock","10":"purchasable","11":"product-type-simple","12":"entry","13":"content-bg","14":"loop-entry"},"_links":{"self":[{"href":"https:\/\/www.hediyepazar.com\/index.php?rest_route=\/wp\/v2\/product\/117500","targetHints":{"allow":["GET"]}}],"collection":[{"href":"https:\/\/www.hediyepazar.com\/index.php?rest_route=\/wp\/v2\/product"}],"about":[{"href":"https:\/\/www.hediyepazar.com\/index.php?rest_route=\/wp\/v2\/types\/product"}],"replies":[{"embeddable":true,"href":"https:\/\/www.hediyepazar.com\/index.php?rest_route=%2Fwp%2Fv2%2Fcomments&post=117500"}],"wp:featuredmedia":[{"embeddable":true,"href":"https:\/\/www.hediyepazar.com\/index.php?rest_route=\/wp\/v2\/media\/117499"}],"wp:attachment":[{"href":"https:\/\/www.hediyepazar.com\/index.php?rest_route=%2Fwp%2Fv2%2Fmedia&parent=117500"}],"wp:term":[{"taxonomy":"product_brand","embeddable":true,"href":"https:\/\/www.hediyepazar.com\/index.php?rest_route=%2Fwp%2Fv2%2Fproduct_brand&post=117500"},{"taxonomy":"product_cat","embeddable":true,"href":"https:\/\/www.hediyepazar.com\/index.php?rest_route=%2Fwp%2Fv2%2Fproduct_cat&post=117500"},{"taxonomy":"product_tag","embeddable":true,"href":"https:\/\/www.hediyepazar.com\/index.php?rest_route=%2Fwp%2Fv2%2Fproduct_tag&post=117500"}],"curies":[{"name":"wp","href":"https:\/\/api.w.org\/{rel}","templated":true}]}}