{"id":117502,"date":"2026-05-05T20:03:14","date_gmt":"2026-05-05T23:03:14","guid":{"rendered":"https:\/\/www.hediyepazar.com\/?product=hafif-ve-tasinabilir-fare-43-gram-otomatik-uyku-modlu"},"modified":"2026-05-05T20:03:14","modified_gmt":"2026-05-05T23:03:14","slug":"hafif-ve-tasinabilir-fare-43-gram-otomatik-uyku-modlu","status":"publish","type":"product","link":"https:\/\/www.hediyepazar.com\/?product=hafif-ve-tasinabilir-fare-43-gram-otomatik-uyku-modlu","title":{"rendered":"Hafif ve Ta\u015f\u0131nabilir Fare \u2013 43 Gram Otomatik Uyku Modlu"},"content":{"rendered":"<p>1600 DPI optik sens\u00f6re sahip bu \u015f\u0131k fare, oyun, grafik tasar\u0131m\u0131 ve hassas i\u015fler i\u00e7in idealdir. DPI aral\u0131\u011f\u0131 ayarlanabilir oldu\u011fundan, h\u0131zl\u0131 ya da hassas hareketlere uygun ki\u015fisel tercih yap\u0131labilir. Sessiz t\u0131klama \u00f6zelli\u011fi ile \u00e7evreyi rahats\u0131z etmeden tam performans sunar.\u00c7ift ba\u011flant\u0131 \u00f6zelli\u011fi sayesinde Bluetooth 5.0 ile enerji tasarrufu sa\u011flarken, 2.4GHz ile h\u0131zl\u0131 ve kararl\u0131 ba\u011flant\u0131 kurulur. Cihaz\u0131n alt k\u0131sm\u0131nda yer alan ge\u00e7i\u015f anahtar\u0131, modlar aras\u0131nda kolay ge\u00e7i\u015f yapman\u0131z\u0131 sa\u011flar.Metal kayd\u0131rma tekeriyle daha p\u00fcr\u00fczs\u00fcz kontrol, ergonomik yap\u0131s\u0131yla uzun s\u00fcreli kullan\u0131mda bile konfor sa\u011flan\u0131r. USB al\u0131c\u0131s\u0131 farenin g\u00f6vdesinde manyetik olarak saklanabilir. \u015eeffaf d\u0131\u015f y\u00fczey, sade ve zarif bir estetik sunar.<\/p>\n","protected":false},"excerpt":{"rendered":"<p>1600 DPI optik sens\u00f6re sahip bu \u015f\u0131k fare, oyun, grafik tasar\u0131m\u0131 ve hassas i\u015fler i\u00e7in idealdir. DPI aral\u0131\u011f\u0131 ayarlanabilir oldu\u011fundan, h\u0131zl\u0131 ya da hassas hareketlere uygun ki\u015fisel tercih yap\u0131labilir. Sessiz t\u0131klama \u00f6zelli\u011fi ile \u00e7evreyi rahats\u0131z etmeden tam performans sunar.\u00c7ift ba\u011flant\u0131 \u00f6zelli\u011fi sayesinde Bluetooth 5.0 ile enerji tasarrufu sa\u011flarken, 2.4GHz ile h\u0131zl\u0131 ve kararl\u0131 ba\u011flant\u0131 kurulur&#8230;.<\/p>\n","protected":false},"featured_media":117501,"comment_status":"open","ping_status":"closed","template":"","meta":{"_kad_post_transparent":"","_kad_post_title":"","_kad_post_layout":"","_kad_post_sidebar_id":"","_kad_post_content_style":"","_kad_post_vertical_padding":"","_kad_post_feature":"","_kad_post_feature_position":"","_kad_post_header":false,"_kad_post_footer":false,"_kad_post_classname":""},"product_brand":[],"product_cat":[14973],"product_tag":[],"class_list":{"0":"post-117502","1":"product","2":"type-product","3":"status-publish","4":"has-post-thumbnail","6":"product_cat-mouse-mouse","8":"first","9":"instock","10":"purchasable","11":"product-type-simple","12":"entry","13":"content-bg","14":"loop-entry"},"_links":{"self":[{"href":"https:\/\/www.hediyepazar.com\/index.php?rest_route=\/wp\/v2\/product\/117502","targetHints":{"allow":["GET"]}}],"collection":[{"href":"https:\/\/www.hediyepazar.com\/index.php?rest_route=\/wp\/v2\/product"}],"about":[{"href":"https:\/\/www.hediyepazar.com\/index.php?rest_route=\/wp\/v2\/types\/product"}],"replies":[{"embeddable":true,"href":"https:\/\/www.hediyepazar.com\/index.php?rest_route=%2Fwp%2Fv2%2Fcomments&post=117502"}],"wp:featuredmedia":[{"embeddable":true,"href":"https:\/\/www.hediyepazar.com\/index.php?rest_route=\/wp\/v2\/media\/117501"}],"wp:attachment":[{"href":"https:\/\/www.hediyepazar.com\/index.php?rest_route=%2Fwp%2Fv2%2Fmedia&parent=117502"}],"wp:term":[{"taxonomy":"product_brand","embeddable":true,"href":"https:\/\/www.hediyepazar.com\/index.php?rest_route=%2Fwp%2Fv2%2Fproduct_brand&post=117502"},{"taxonomy":"product_cat","embeddable":true,"href":"https:\/\/www.hediyepazar.com\/index.php?rest_route=%2Fwp%2Fv2%2Fproduct_cat&post=117502"},{"taxonomy":"product_tag","embeddable":true,"href":"https:\/\/www.hediyepazar.com\/index.php?rest_route=%2Fwp%2Fv2%2Fproduct_tag&post=117502"}],"curies":[{"name":"wp","href":"https:\/\/api.w.org\/{rel}","templated":true}]}}