{"id":117506,"date":"2026-05-05T20:04:05","date_gmt":"2026-05-05T23:04:05","guid":{"rendered":"https:\/\/www.hediyepazar.com\/?product=sarjli-ergonomik-fare-1600-dpi-sessiz-tiklama-ozellikli"},"modified":"2026-05-05T20:04:05","modified_gmt":"2026-05-05T23:04:05","slug":"sarjli-ergonomik-fare-1600-dpi-sessiz-tiklama-ozellikli","status":"publish","type":"product","link":"https:\/\/www.hediyepazar.com\/?product=sarjli-ergonomik-fare-1600-dpi-sessiz-tiklama-ozellikli","title":{"rendered":"\u015earjl\u0131 Ergonomik Fare \u2013 1600 DPI Sessiz T\u0131klama \u00d6zellikli"},"content":{"rendered":"<p>Bu kablosuz fare, zarif tasar\u0131m\u0131 ve teknik \u00f6zellikleriyle dikkat \u00e7eker. \u015eeffaf PC malzeme ile kapl\u0131 y\u00fczeyi hem \u015f\u0131k hem dayan\u0131kl\u0131d\u0131r. Sessiz t\u0131klama \u00f6zelli\u011fiyle %90 daha az ses \u00e7\u0131kar\u0131r. Ergonomik formu, uzun s\u00fcreli kullan\u0131mda bile konfor sunar.Bluetooth 5.0 ve 2.4GHz ba\u011flant\u0131 deste\u011fi ile farkl\u0131 cihazlara sorunsuz ba\u011flanabilir. \u00dcst k\u0131sm\u0131nda yer alan ge\u00e7i\u015f tu\u015fuyla iki ba\u011flant\u0131 modu aras\u0131nda an\u0131nda ge\u00e7i\u015f yap\u0131labilir. USB al\u0131c\u0131s\u0131, farenin i\u00e7inde manyetik \u015fekilde saklanabilir.Y\u00fcksek kapasiteli \u015farjl\u0131 pili 30 g\u00fcne kadar dayan\u0131r ve 40 dakikada tam dolum sa\u011flar. 1600 DPI optik sens\u00f6r sayesinde hem i\u015f hem de oyun i\u00e7in hassas kontrol sunar. DPI seviyesini manuel olarak ayarlayabilir, her ihtiyaca g\u00f6re optimize edebilirsiniz.<\/p>\n","protected":false},"excerpt":{"rendered":"<p>Bu kablosuz fare, zarif tasar\u0131m\u0131 ve teknik \u00f6zellikleriyle dikkat \u00e7eker. \u015eeffaf PC malzeme ile kapl\u0131 y\u00fczeyi hem \u015f\u0131k hem dayan\u0131kl\u0131d\u0131r. Sessiz t\u0131klama \u00f6zelli\u011fiyle %90 daha az ses \u00e7\u0131kar\u0131r. Ergonomik formu, uzun s\u00fcreli kullan\u0131mda bile konfor sunar.Bluetooth 5.0 ve 2.4GHz ba\u011flant\u0131 deste\u011fi ile farkl\u0131 cihazlara sorunsuz ba\u011flanabilir. \u00dcst k\u0131sm\u0131nda yer alan ge\u00e7i\u015f tu\u015fuyla iki ba\u011flant\u0131 modu&#8230;<\/p>\n","protected":false},"featured_media":117505,"comment_status":"open","ping_status":"closed","template":"","meta":{"_kad_post_transparent":"","_kad_post_title":"","_kad_post_layout":"","_kad_post_sidebar_id":"","_kad_post_content_style":"","_kad_post_vertical_padding":"","_kad_post_feature":"","_kad_post_feature_position":"","_kad_post_header":false,"_kad_post_footer":false,"_kad_post_classname":""},"product_brand":[],"product_cat":[14973],"product_tag":[],"class_list":{"0":"post-117506","1":"product","2":"type-product","3":"status-publish","4":"has-post-thumbnail","6":"product_cat-mouse-mouse","8":"first","9":"instock","10":"purchasable","11":"product-type-simple","12":"entry","13":"content-bg","14":"loop-entry"},"_links":{"self":[{"href":"https:\/\/www.hediyepazar.com\/index.php?rest_route=\/wp\/v2\/product\/117506","targetHints":{"allow":["GET"]}}],"collection":[{"href":"https:\/\/www.hediyepazar.com\/index.php?rest_route=\/wp\/v2\/product"}],"about":[{"href":"https:\/\/www.hediyepazar.com\/index.php?rest_route=\/wp\/v2\/types\/product"}],"replies":[{"embeddable":true,"href":"https:\/\/www.hediyepazar.com\/index.php?rest_route=%2Fwp%2Fv2%2Fcomments&post=117506"}],"wp:featuredmedia":[{"embeddable":true,"href":"https:\/\/www.hediyepazar.com\/index.php?rest_route=\/wp\/v2\/media\/117505"}],"wp:attachment":[{"href":"https:\/\/www.hediyepazar.com\/index.php?rest_route=%2Fwp%2Fv2%2Fmedia&parent=117506"}],"wp:term":[{"taxonomy":"product_brand","embeddable":true,"href":"https:\/\/www.hediyepazar.com\/index.php?rest_route=%2Fwp%2Fv2%2Fproduct_brand&post=117506"},{"taxonomy":"product_cat","embeddable":true,"href":"https:\/\/www.hediyepazar.com\/index.php?rest_route=%2Fwp%2Fv2%2Fproduct_cat&post=117506"},{"taxonomy":"product_tag","embeddable":true,"href":"https:\/\/www.hediyepazar.com\/index.php?rest_route=%2Fwp%2Fv2%2Fproduct_tag&post=117506"}],"curies":[{"name":"wp","href":"https:\/\/api.w.org\/{rel}","templated":true}]}}