{"id":117510,"date":"2026-05-05T20:04:17","date_gmt":"2026-05-05T23:04:17","guid":{"rendered":"https:\/\/www.hediyepazar.com\/?product=kablosuz-sessiz-ergonomik-ve-sarjli-fare-gelismis-coklu-cihaz-destegi"},"modified":"2026-05-05T20:04:17","modified_gmt":"2026-05-05T23:04:17","slug":"kablosuz-sessiz-ergonomik-ve-sarjli-fare-gelismis-coklu-cihaz-destegi","status":"publish","type":"product","link":"https:\/\/www.hediyepazar.com\/?product=kablosuz-sessiz-ergonomik-ve-sarjli-fare-gelismis-coklu-cihaz-destegi","title":{"rendered":"Kablosuz Sessiz Ergonomik ve \u015earjl\u0131 Fare &#8211; Geli\u015fmi\u015f \u00c7oklu Cihaz Deste\u011fi"},"content":{"rendered":"<p>Bu ergonomik kablosuz fare, hem ev hem de ofis ortamlar\u0131 i\u00e7in y\u00fcksek konfor ve i\u015flevsellik sunar. Sessiz t\u0131klama teknolojisi sayesinde %90 daha az ses \u00e7\u0131kar\u0131r, b\u00f6ylece toplant\u0131, gece \u00e7al\u0131\u015fmas\u0131 veya kalabal\u0131k ortamlarda dikkat da\u011f\u0131tmadan kullan\u0131labilir. Ergonomik tasar\u0131m\u0131 elin do\u011fal yap\u0131s\u0131n\u0131 destekler ve uzun s\u00fcreli kullan\u0131mlarda bile el yorgunlu\u011funu minimuma indirir.\u00c7ift modlu ba\u011flant\u0131 \u00f6zelli\u011fi ile Bluetooth 5.0 ve 2.4GHz kablosuz teknolojileri aras\u0131nda kolayca ge\u00e7i\u015f yapabilir, ayn\u0131 anda birden fazla cihazla e\u015fle\u015ftirme yapabilirsiniz. USB nano al\u0131c\u0131s\u0131 i\u00e7in \u00f6zel tasarlanm\u0131\u015f manyetik saklama yuvas\u0131, ta\u015f\u0131nabilirlik ve pratiklik sa\u011flar. \u00dcstelik \u00fcst kapak da manyetik sistemle a\u00e7\u0131l\u0131p kapanabilir.1600 DPI optik sens\u00f6r\u00fc, hassas ve ak\u0131c\u0131 bir kullan\u0131m deneyimi sunar. Ayr\u0131ca DPI seviyesi 1000 ile 5000 aras\u0131nda ayarlanabilir, b\u00f6ylece ister h\u0131zl\u0131 ister detayl\u0131 i\u015flemlerde ki\u015fisel kontrol sa\u011flar.Dahili \u015farjl\u0131 batarya, tek \u015farjla 30 g\u00fcne kadar kullan\u0131m sunarken, sadece 40 dakikada tam doluma ula\u015f\u0131r. Pil durumu entegre g\u00f6stergeyle kolayca takip edilebilir. Otomatik uyku modu sayesinde kullan\u0131lmad\u0131\u011f\u0131nda enerji t\u00fcketimini azaltarak pil \u00f6mr\u00fcn\u00fc uzat\u0131r.<\/p>\n","protected":false},"excerpt":{"rendered":"<p>Bu ergonomik kablosuz fare, hem ev hem de ofis ortamlar\u0131 i\u00e7in y\u00fcksek konfor ve i\u015flevsellik sunar. Sessiz t\u0131klama teknolojisi sayesinde %90 daha az ses \u00e7\u0131kar\u0131r, b\u00f6ylece toplant\u0131, gece \u00e7al\u0131\u015fmas\u0131 veya kalabal\u0131k ortamlarda dikkat da\u011f\u0131tmadan kullan\u0131labilir. Ergonomik tasar\u0131m\u0131 elin do\u011fal yap\u0131s\u0131n\u0131 destekler ve uzun s\u00fcreli kullan\u0131mlarda bile el yorgunlu\u011funu minimuma indirir.\u00c7ift modlu ba\u011flant\u0131 \u00f6zelli\u011fi ile Bluetooth&#8230;<\/p>\n","protected":false},"featured_media":117509,"comment_status":"open","ping_status":"closed","template":"","meta":{"_kad_post_transparent":"","_kad_post_title":"","_kad_post_layout":"","_kad_post_sidebar_id":"","_kad_post_content_style":"","_kad_post_vertical_padding":"","_kad_post_feature":"","_kad_post_feature_position":"","_kad_post_header":false,"_kad_post_footer":false,"_kad_post_classname":""},"product_brand":[],"product_cat":[14973],"product_tag":[],"class_list":{"0":"post-117510","1":"product","2":"type-product","3":"status-publish","4":"has-post-thumbnail","6":"product_cat-mouse-mouse","8":"first","9":"instock","10":"purchasable","11":"product-type-simple","12":"entry","13":"content-bg","14":"loop-entry"},"_links":{"self":[{"href":"https:\/\/www.hediyepazar.com\/index.php?rest_route=\/wp\/v2\/product\/117510","targetHints":{"allow":["GET"]}}],"collection":[{"href":"https:\/\/www.hediyepazar.com\/index.php?rest_route=\/wp\/v2\/product"}],"about":[{"href":"https:\/\/www.hediyepazar.com\/index.php?rest_route=\/wp\/v2\/types\/product"}],"replies":[{"embeddable":true,"href":"https:\/\/www.hediyepazar.com\/index.php?rest_route=%2Fwp%2Fv2%2Fcomments&post=117510"}],"wp:featuredmedia":[{"embeddable":true,"href":"https:\/\/www.hediyepazar.com\/index.php?rest_route=\/wp\/v2\/media\/117509"}],"wp:attachment":[{"href":"https:\/\/www.hediyepazar.com\/index.php?rest_route=%2Fwp%2Fv2%2Fmedia&parent=117510"}],"wp:term":[{"taxonomy":"product_brand","embeddable":true,"href":"https:\/\/www.hediyepazar.com\/index.php?rest_route=%2Fwp%2Fv2%2Fproduct_brand&post=117510"},{"taxonomy":"product_cat","embeddable":true,"href":"https:\/\/www.hediyepazar.com\/index.php?rest_route=%2Fwp%2Fv2%2Fproduct_cat&post=117510"},{"taxonomy":"product_tag","embeddable":true,"href":"https:\/\/www.hediyepazar.com\/index.php?rest_route=%2Fwp%2Fv2%2Fproduct_tag&post=117510"}],"curies":[{"name":"wp","href":"https:\/\/api.w.org\/{rel}","templated":true}]}}