{"id":117512,"date":"2026-05-05T20:04:23","date_gmt":"2026-05-05T23:04:23","guid":{"rendered":"https:\/\/www.hediyepazar.com\/?product=ayarlanabilir-dpi-ozellikli-mouse-sessiz-estetik-ve-uyumlu"},"modified":"2026-05-05T20:04:23","modified_gmt":"2026-05-05T23:04:23","slug":"ayarlanabilir-dpi-ozellikli-mouse-sessiz-estetik-ve-uyumlu","status":"publish","type":"product","link":"https:\/\/www.hediyepazar.com\/?product=ayarlanabilir-dpi-ozellikli-mouse-sessiz-estetik-ve-uyumlu","title":{"rendered":"Ayarlanabilir DPI \u00d6zellikli Mouse \u2013 Sessiz Estetik ve Uyumlu"},"content":{"rendered":"<p>Sessiz ve y\u00fcksek performansl\u0131 bu mouse, modern \u00e7al\u0131\u015fma ve oyun ihtiya\u00e7lar\u0131na hitap eder. T\u0131klama sesi yok denecek kadar azd\u0131r, bu da \u00f6zellikle payla\u015f\u0131ml\u0131 alanlarda \u00e7al\u0131\u015f\u0131rken b\u00fcy\u00fck fark yarat\u0131r. Gece \u00e7al\u0131\u015fanlar ve sessizli\u011fi sevenler i\u00e7in \u00f6zel olarak tasarlanm\u0131\u015ft\u0131r.Cihaz, enerji verimlili\u011fiyle dikkat \u00e7eker. Ak\u0131ll\u0131 bekleme moduna sahip olmas\u0131 sayesinde kullan\u0131lmad\u0131\u011f\u0131nda kendini otomatik olarak kapat\u0131r. B\u00f6ylece hem do\u011fay\u0131 korur hem de pil tasarrufu sa\u011flar.Estetik detaylarla donat\u0131lm\u0131\u015f ergonomik yap\u0131s\u0131 sayesinde uzun saatler boyunca rahat bir kullan\u0131m sunar. Elinize tam oturur, konfor sa\u011flar ve \u00e7al\u0131\u015fma performans\u0131n\u0131z\u0131 olumlu y\u00f6nde etkiler.Hafifli\u011fi de en az di\u011fer \u00f6zellikleri kadar \u00f6ne \u00e7\u0131kar. Sadece 43 gram olan bu mouse, bile\u011fe y\u00fck bindirmeden t\u00fcm g\u00fcn boyunca kullan\u0131labilir. Ta\u015f\u0131mada da kolayl\u0131k sa\u011flar.Geni\u015f platform deste\u011fiyle fark yarat\u0131r. Windows, Mac, iOS, iPad OS, Chrome OS, Linux ve Mi Box S ile uyumlu olarak \u00e7al\u0131\u015f\u0131r. 10 metreye kadar ba\u011flant\u0131 mesafesi, masaya ba\u011fl\u0131 kalmadan \u00f6zg\u00fcr kullan\u0131m sunar.1600 DPI optik sens\u00f6r\u00fc, hassasiyet isteyen her i\u015f i\u00e7in g\u00fc\u00e7l\u00fc performans sergiler. DPI ayar\u0131 ise 1000 ila 5000 aras\u0131nda de\u011fi\u015ftirilebilir. Bu, hem hassas grafik d\u00fczenleme hem de h\u0131zl\u0131 tepkili oyun deneyimleri i\u00e7in \u00f6nemli bir avantajd\u0131r.USB ba\u011flant\u0131s\u0131 sayesinde tak \u00e7al\u0131\u015ft\u0131r deste\u011fiyle an\u0131nda kullan\u0131ma haz\u0131rd\u0131r. Hi\u00e7bir kurulumla u\u011fra\u015fmadan, sadece ba\u011flayarak i\u015finize odaklanabilirsiniz.<\/p>\n","protected":false},"excerpt":{"rendered":"<p>Sessiz ve y\u00fcksek performansl\u0131 bu mouse, modern \u00e7al\u0131\u015fma ve oyun ihtiya\u00e7lar\u0131na hitap eder. T\u0131klama sesi yok denecek kadar azd\u0131r, bu da \u00f6zellikle payla\u015f\u0131ml\u0131 alanlarda \u00e7al\u0131\u015f\u0131rken b\u00fcy\u00fck fark yarat\u0131r. Gece \u00e7al\u0131\u015fanlar ve sessizli\u011fi sevenler i\u00e7in \u00f6zel olarak tasarlanm\u0131\u015ft\u0131r.Cihaz, enerji verimlili\u011fiyle dikkat \u00e7eker. Ak\u0131ll\u0131 bekleme moduna sahip olmas\u0131 sayesinde kullan\u0131lmad\u0131\u011f\u0131nda kendini otomatik olarak kapat\u0131r. B\u00f6ylece hem do\u011fay\u0131&#8230;<\/p>\n","protected":false},"featured_media":117511,"comment_status":"open","ping_status":"closed","template":"","meta":{"_kad_post_transparent":"","_kad_post_title":"","_kad_post_layout":"","_kad_post_sidebar_id":"","_kad_post_content_style":"","_kad_post_vertical_padding":"","_kad_post_feature":"","_kad_post_feature_position":"","_kad_post_header":false,"_kad_post_footer":false,"_kad_post_classname":""},"product_brand":[],"product_cat":[14973],"product_tag":[],"class_list":{"0":"post-117512","1":"product","2":"type-product","3":"status-publish","4":"has-post-thumbnail","6":"product_cat-mouse-mouse","8":"first","9":"instock","10":"purchasable","11":"product-type-simple","12":"entry","13":"content-bg","14":"loop-entry"},"_links":{"self":[{"href":"https:\/\/www.hediyepazar.com\/index.php?rest_route=\/wp\/v2\/product\/117512","targetHints":{"allow":["GET"]}}],"collection":[{"href":"https:\/\/www.hediyepazar.com\/index.php?rest_route=\/wp\/v2\/product"}],"about":[{"href":"https:\/\/www.hediyepazar.com\/index.php?rest_route=\/wp\/v2\/types\/product"}],"replies":[{"embeddable":true,"href":"https:\/\/www.hediyepazar.com\/index.php?rest_route=%2Fwp%2Fv2%2Fcomments&post=117512"}],"wp:featuredmedia":[{"embeddable":true,"href":"https:\/\/www.hediyepazar.com\/index.php?rest_route=\/wp\/v2\/media\/117511"}],"wp:attachment":[{"href":"https:\/\/www.hediyepazar.com\/index.php?rest_route=%2Fwp%2Fv2%2Fmedia&parent=117512"}],"wp:term":[{"taxonomy":"product_brand","embeddable":true,"href":"https:\/\/www.hediyepazar.com\/index.php?rest_route=%2Fwp%2Fv2%2Fproduct_brand&post=117512"},{"taxonomy":"product_cat","embeddable":true,"href":"https:\/\/www.hediyepazar.com\/index.php?rest_route=%2Fwp%2Fv2%2Fproduct_cat&post=117512"},{"taxonomy":"product_tag","embeddable":true,"href":"https:\/\/www.hediyepazar.com\/index.php?rest_route=%2Fwp%2Fv2%2Fproduct_tag&post=117512"}],"curies":[{"name":"wp","href":"https:\/\/api.w.org\/{rel}","templated":true}]}}