{"id":117514,"date":"2026-05-05T20:06:00","date_gmt":"2026-05-05T23:06:00","guid":{"rendered":"https:\/\/www.hediyepazar.com\/?product=genis-uyumluluga-sahip-sessiz-fare-yuksek-dpi-ve-hafif"},"modified":"2026-05-05T20:06:00","modified_gmt":"2026-05-05T23:06:00","slug":"genis-uyumluluga-sahip-sessiz-fare-yuksek-dpi-ve-hafif","status":"publish","type":"product","link":"https:\/\/www.hediyepazar.com\/?product=genis-uyumluluga-sahip-sessiz-fare-yuksek-dpi-ve-hafif","title":{"rendered":"Geni\u015f Uyumlulu\u011fa Sahip Sessiz Fare \u2013 Y\u00fcksek DPI ve Hafif"},"content":{"rendered":"<p>Sessizlik, hafiflik, ergonomi ve performans bu mouse\u2019ta birle\u015fiyor. Sessiz t\u0131klama teknolojisi sayesinde art\u0131k \u00e7al\u0131\u015f\u0131rken rahats\u0131z edici sesler ortadan kalk\u0131yor. Ev ortam\u0131nda, toplant\u0131 esnas\u0131nda ya da kalabal\u0131k ofislerde sorunsuzca kullan\u0131labilir.Cihaz, enerji tasarrufunu ak\u0131ll\u0131 bir \u015fekilde y\u00f6netir. Kullan\u0131lmad\u0131\u011f\u0131nda devreye giren bekleme modu, gereksiz enerji harcamas\u0131n\u0131 engelleyerek uzun \u00f6m\u00fcrl\u00fc pil kullan\u0131m\u0131 sa\u011flar.Tasar\u0131m\u0131 hem \u015f\u0131k hem ergonomiktir. Elin do\u011fal yap\u0131s\u0131na uyum sa\u011flayan formu sayesinde uzun s\u00fcreli kullan\u0131mda bile el yorgunlu\u011fu ya\u015fanmaz. Sade hatlar\u0131 ve yumu\u015fak y\u00fczeyiyle estetik a\u00e7\u0131dan da olduk\u00e7a tatmin edicidir.Yaln\u0131zca 43 graml\u0131k hafifli\u011fi sayesinde ta\u015f\u0131mak kolayd\u0131r. \u00d6zellikle mobil \u00e7al\u0131\u015fanlar veya \u00f6\u011frenciler i\u00e7in b\u00fcy\u00fck avantaj sunar.T\u00fcm pop\u00fcler i\u015fletim sistemleriyle tam uyum sa\u011flar. Windows, Mac OS, iOS, iPad OS, Chrome OS, Linux ve Mi Box S ile uyumludur. Ayr\u0131ca 10 metreye kadar olan kablosuz menziliyle masadan uzakla\u015f\u0131p rahat\u00e7a kullanabilirsiniz.Y\u00fcksek performansl\u0131 1600 DPI optik sens\u00f6r\u00fc, milimetrik hareketleri bile do\u011fru \u015fekilde alg\u0131lar. Bu sens\u00f6r, hem profesyonel i\u015fler hem de oyun deneyimi i\u00e7in m\u00fckemmel sonu\u00e7lar sunar. Kullan\u0131c\u0131, 1000 ile 5000 DPI aras\u0131nda ayar yaparak cihaz\u0131 kendi ihtiyac\u0131na g\u00f6re optimize edebilir.USB ba\u011flant\u0131s\u0131 sayesinde sadece birka\u00e7 saniye i\u00e7inde \u00e7al\u0131\u015fmaya ba\u015flar. Ekstra yaz\u0131l\u0131m ya da kurulum i\u015flemi gerekmeden do\u011frudan kullan\u0131labilir.<\/p>\n","protected":false},"excerpt":{"rendered":"<p>Sessizlik, hafiflik, ergonomi ve performans bu mouse\u2019ta birle\u015fiyor. Sessiz t\u0131klama teknolojisi sayesinde art\u0131k \u00e7al\u0131\u015f\u0131rken rahats\u0131z edici sesler ortadan kalk\u0131yor. Ev ortam\u0131nda, toplant\u0131 esnas\u0131nda ya da kalabal\u0131k ofislerde sorunsuzca kullan\u0131labilir.Cihaz, enerji tasarrufunu ak\u0131ll\u0131 bir \u015fekilde y\u00f6netir. Kullan\u0131lmad\u0131\u011f\u0131nda devreye giren bekleme modu, gereksiz enerji harcamas\u0131n\u0131 engelleyerek uzun \u00f6m\u00fcrl\u00fc pil kullan\u0131m\u0131 sa\u011flar.Tasar\u0131m\u0131 hem \u015f\u0131k hem ergonomiktir. Elin do\u011fal&#8230;<\/p>\n","protected":false},"featured_media":117513,"comment_status":"open","ping_status":"closed","template":"","meta":{"_kad_post_transparent":"","_kad_post_title":"","_kad_post_layout":"","_kad_post_sidebar_id":"","_kad_post_content_style":"","_kad_post_vertical_padding":"","_kad_post_feature":"","_kad_post_feature_position":"","_kad_post_header":false,"_kad_post_footer":false,"_kad_post_classname":""},"product_brand":[],"product_cat":[14973],"product_tag":[],"class_list":{"0":"post-117514","1":"product","2":"type-product","3":"status-publish","4":"has-post-thumbnail","6":"product_cat-mouse-mouse","8":"first","9":"instock","10":"purchasable","11":"product-type-simple","12":"entry","13":"content-bg","14":"loop-entry"},"_links":{"self":[{"href":"https:\/\/www.hediyepazar.com\/index.php?rest_route=\/wp\/v2\/product\/117514","targetHints":{"allow":["GET"]}}],"collection":[{"href":"https:\/\/www.hediyepazar.com\/index.php?rest_route=\/wp\/v2\/product"}],"about":[{"href":"https:\/\/www.hediyepazar.com\/index.php?rest_route=\/wp\/v2\/types\/product"}],"replies":[{"embeddable":true,"href":"https:\/\/www.hediyepazar.com\/index.php?rest_route=%2Fwp%2Fv2%2Fcomments&post=117514"}],"wp:featuredmedia":[{"embeddable":true,"href":"https:\/\/www.hediyepazar.com\/index.php?rest_route=\/wp\/v2\/media\/117513"}],"wp:attachment":[{"href":"https:\/\/www.hediyepazar.com\/index.php?rest_route=%2Fwp%2Fv2%2Fmedia&parent=117514"}],"wp:term":[{"taxonomy":"product_brand","embeddable":true,"href":"https:\/\/www.hediyepazar.com\/index.php?rest_route=%2Fwp%2Fv2%2Fproduct_brand&post=117514"},{"taxonomy":"product_cat","embeddable":true,"href":"https:\/\/www.hediyepazar.com\/index.php?rest_route=%2Fwp%2Fv2%2Fproduct_cat&post=117514"},{"taxonomy":"product_tag","embeddable":true,"href":"https:\/\/www.hediyepazar.com\/index.php?rest_route=%2Fwp%2Fv2%2Fproduct_tag&post=117514"}],"curies":[{"name":"wp","href":"https:\/\/api.w.org\/{rel}","templated":true}]}}