{"id":117516,"date":"2026-05-05T20:06:06","date_gmt":"2026-05-05T23:06:06","guid":{"rendered":"https:\/\/www.hediyepazar.com\/?product=sessiz-ve-ergonomik-mouse-usb-baglantili-ve-dpi-ayarli"},"modified":"2026-05-05T20:06:06","modified_gmt":"2026-05-05T23:06:06","slug":"sessiz-ve-ergonomik-mouse-usb-baglantili-ve-dpi-ayarli","status":"publish","type":"product","link":"https:\/\/www.hediyepazar.com\/?product=sessiz-ve-ergonomik-mouse-usb-baglantili-ve-dpi-ayarli","title":{"rendered":"Sessiz ve Ergonomik Mouse \u2013 USB Ba\u011flant\u0131l\u0131 ve DPI Ayarl\u0131"},"content":{"rendered":"<p>Bu geli\u015fmi\u015f kablosuz mouse, sessiz \u00e7al\u0131\u015fmay\u0131 tercih eden herkesin beklentilerini kar\u015f\u0131layacak d\u00fczeydedir. T\u0131klama s\u0131ras\u0131nda \u00e7\u0131kan klasik &#8220;klik&#8221; sesi, bu \u00fcr\u00fcnde neredeyse yok denecek kadar azd\u0131r. Sessizli\u011fiyle ofislerde, k\u00fct\u00fcphanelerde ve gece \u00e7al\u0131\u015fma ortamlar\u0131nda fark yarat\u0131r.Enerji tasarrufu sa\u011flayan ak\u0131ll\u0131 bekleme modu sayesinde cihaz kullan\u0131lmad\u0131\u011f\u0131nda otomatik olarak kapan\u0131r. Bu \u00f6zellik sayesinde pil \u00f6mr\u00fc korunur ve uzun s\u00fcreli kullan\u0131mlarda maliyet avantaj\u0131 sa\u011flar.Estetik detaylarla tasarlanm\u0131\u015f ergonomik yap\u0131s\u0131 sayesinde elin do\u011fal duru\u015funa uyum sa\u011flar. \u015e\u0131kl\u0131\u011f\u0131yla dikkat \u00e7eken mouse, ayn\u0131 zamanda uzun s\u00fcreli kullan\u0131mda konfor sunar. Avu\u00e7 i\u00e7ine oturur, kaymaz ve bile\u011fi yormaz.Pilsiz a\u011f\u0131rl\u0131\u011f\u0131 yaln\u0131zca 43 gram olan bu fare, ultra hafif yap\u0131s\u0131yla her ortamda rahat ta\u015f\u0131nabilir. Seyahatlerde ya da s\u00fcrekli yer de\u011fi\u015ftiren kullan\u0131c\u0131lar i\u00e7in m\u00fckemmel bir alternatiftir.Windows 11\/10\/8\/7, Mac OS 10.5 ve \u00fczeri, iOS 13.4+, iPad OS 14+, Chrome OS, Linux ve Mi Box S gibi bir\u00e7ok cihazla uyumludur. 10 metreye kadar kablosuz ba\u011flant\u0131 mesafesiyle \u00f6zg\u00fcrce kullan\u0131m imk\u00e2n\u0131 sa\u011flar.1600 DPI optik sens\u00f6r\u00fc, y\u00fcksek do\u011fruluk ve h\u0131z gerektiren i\u015fler i\u00e7in idealdir. Oyunlardan grafik tasar\u0131ma kadar her alanda keskin hareketler yapabilmenizi sa\u011flar. Ayarlanabilir DPI aral\u0131\u011f\u0131 (1000 &#8211; 5000) ile farkl\u0131 kullan\u0131m senaryolar\u0131na g\u00f6re hassasiyet seviyesi se\u00e7ilebilir.USB ba\u011flant\u0131 portu sayesinde s\u00fcr\u00fcc\u00fc kurulumu gerekmeden an\u0131nda kullan\u0131labilir. Tak \u00e7al\u0131\u015ft\u0131r \u00f6zelli\u011fi, cihaz\u0131 ba\u011flad\u0131\u011f\u0131n\u0131z anda \u00e7al\u0131\u015fmaya ba\u015flaman\u0131z\u0131 sa\u011flar.<\/p>\n","protected":false},"excerpt":{"rendered":"<p>Bu geli\u015fmi\u015f kablosuz mouse, sessiz \u00e7al\u0131\u015fmay\u0131 tercih eden herkesin beklentilerini kar\u015f\u0131layacak d\u00fczeydedir. T\u0131klama s\u0131ras\u0131nda \u00e7\u0131kan klasik &#8220;klik&#8221; sesi, bu \u00fcr\u00fcnde neredeyse yok denecek kadar azd\u0131r. Sessizli\u011fiyle ofislerde, k\u00fct\u00fcphanelerde ve gece \u00e7al\u0131\u015fma ortamlar\u0131nda fark yarat\u0131r.Enerji tasarrufu sa\u011flayan ak\u0131ll\u0131 bekleme modu sayesinde cihaz kullan\u0131lmad\u0131\u011f\u0131nda otomatik olarak kapan\u0131r. Bu \u00f6zellik sayesinde pil \u00f6mr\u00fc korunur ve uzun s\u00fcreli kullan\u0131mlarda&#8230;<\/p>\n","protected":false},"featured_media":117515,"comment_status":"open","ping_status":"closed","template":"","meta":{"_kad_post_transparent":"","_kad_post_title":"","_kad_post_layout":"","_kad_post_sidebar_id":"","_kad_post_content_style":"","_kad_post_vertical_padding":"","_kad_post_feature":"","_kad_post_feature_position":"","_kad_post_header":false,"_kad_post_footer":false,"_kad_post_classname":""},"product_brand":[],"product_cat":[14973],"product_tag":[],"class_list":{"0":"post-117516","1":"product","2":"type-product","3":"status-publish","4":"has-post-thumbnail","6":"product_cat-mouse-mouse","8":"first","9":"instock","10":"purchasable","11":"product-type-simple","12":"entry","13":"content-bg","14":"loop-entry"},"_links":{"self":[{"href":"https:\/\/www.hediyepazar.com\/index.php?rest_route=\/wp\/v2\/product\/117516","targetHints":{"allow":["GET"]}}],"collection":[{"href":"https:\/\/www.hediyepazar.com\/index.php?rest_route=\/wp\/v2\/product"}],"about":[{"href":"https:\/\/www.hediyepazar.com\/index.php?rest_route=\/wp\/v2\/types\/product"}],"replies":[{"embeddable":true,"href":"https:\/\/www.hediyepazar.com\/index.php?rest_route=%2Fwp%2Fv2%2Fcomments&post=117516"}],"wp:featuredmedia":[{"embeddable":true,"href":"https:\/\/www.hediyepazar.com\/index.php?rest_route=\/wp\/v2\/media\/117515"}],"wp:attachment":[{"href":"https:\/\/www.hediyepazar.com\/index.php?rest_route=%2Fwp%2Fv2%2Fmedia&parent=117516"}],"wp:term":[{"taxonomy":"product_brand","embeddable":true,"href":"https:\/\/www.hediyepazar.com\/index.php?rest_route=%2Fwp%2Fv2%2Fproduct_brand&post=117516"},{"taxonomy":"product_cat","embeddable":true,"href":"https:\/\/www.hediyepazar.com\/index.php?rest_route=%2Fwp%2Fv2%2Fproduct_cat&post=117516"},{"taxonomy":"product_tag","embeddable":true,"href":"https:\/\/www.hediyepazar.com\/index.php?rest_route=%2Fwp%2Fv2%2Fproduct_tag&post=117516"}],"curies":[{"name":"wp","href":"https:\/\/api.w.org\/{rel}","templated":true}]}}