{"id":117518,"date":"2026-05-05T20:06:11","date_gmt":"2026-05-05T23:06:11","guid":{"rendered":"https:\/\/www.hediyepazar.com\/?product=optik-sensorlu-sessiz-fare-genis-uyumluluk-ve-ergonomik-yapi"},"modified":"2026-05-05T20:06:11","modified_gmt":"2026-05-05T23:06:11","slug":"optik-sensorlu-sessiz-fare-genis-uyumluluk-ve-ergonomik-yapi","status":"publish","type":"product","link":"https:\/\/www.hediyepazar.com\/?product=optik-sensorlu-sessiz-fare-genis-uyumluluk-ve-ergonomik-yapi","title":{"rendered":"Optik Sens\u00f6rl\u00fc Sessiz Fare \u2013 Geni\u015f Uyumluluk ve Ergonomik Yap\u0131"},"content":{"rendered":"<p>Bu kablosuz mouse, sessiz \u00e7al\u0131\u015fma ihtiyac\u0131 duyan kullan\u0131c\u0131lar i\u00e7in geli\u015ftirilmi\u015f ileri teknolojiye sahip bir \u00fcr\u00fcnd\u00fcr. Evde ya da i\u015f yerinde \u00e7al\u0131\u015f\u0131rken t\u0131klama sesi duymak istemiyorsan\u0131z, bu \u00fcr\u00fcn sizin i\u00e7in ideal bir tercihtir. Sessiz t\u0131klama \u00f6zelli\u011fi, dikkat da\u011f\u0131n\u0131kl\u0131\u011f\u0131n\u0131 \u00f6nlerken sessiz bir \u00e7al\u0131\u015fma ortam\u0131 olu\u015fturur.Mouse\u2019un enerji tasarrufu sa\u011flayan ak\u0131ll\u0131 bekleme modu, kullan\u0131c\u0131s\u0131na daha uzun s\u00fcreli ve verimli bir deneyim sunar. Kullan\u0131lmad\u0131\u011f\u0131 durumlarda otomatik olarak uykuya ge\u00e7erek enerjiyi korur ve pil t\u00fcketimini azalt\u0131r.Estetik ve ergonomik yap\u0131s\u0131, hem g\u00f6ze hitap eder hem de elinize rahat\u00e7a oturur. El \u015fekline uyum sa\u011flayan formu, uzun s\u00fcreli kullan\u0131mda el ve bilekte yorgunlu\u011fu azalt\u0131r.43 gram a\u011f\u0131rl\u0131\u011f\u0131ndaki hafif g\u00f6vdesiyle ta\u015f\u0131ma kolayl\u0131\u011f\u0131 sa\u011flar. G\u00fcn boyu rahatl\u0131kla kullan\u0131labilir, seyahatlerde ekstra y\u00fck olu\u015fturmaz. Bu hafiflik, performans\u0131ndan \u00f6d\u00fcn vermeden pratiklik kazand\u0131r\u0131r.Windows, Mac OS, iOS, iPad OS, Chrome OS, Linux ve Mi Box S gibi bir\u00e7ok i\u015fletim sistemi ile uyumludur. 10 metreye kadar kablosuz ba\u011flant\u0131 menzili sayesinde hareket \u00f6zg\u00fcrl\u00fc\u011f\u00fc sunar.Y\u00fcksek hassasiyetli 1600 DPI optik sens\u00f6r ile donat\u0131lm\u0131\u015f olan bu fare, h\u0131zl\u0131 ve net tepkiler sunar. \u00d6zellikle grafik tasar\u0131m ve oyun kullan\u0131mlar\u0131 i\u00e7in idealdir. Ayr\u0131ca 1000 ile 5000 DPI aras\u0131nda ayarlanabilir hassasiyet ayarlar\u0131, kullan\u0131c\u0131ya ihtiyac\u0131na g\u00f6re ki\u015fisel deneyim sunar.USB ba\u011flant\u0131 \u00f6zelli\u011fi sayesinde kurulum gerektirmez; tak \u00e7al\u0131\u015ft\u0131r deste\u011fiyle an\u0131nda kullan\u0131ma haz\u0131rd\u0131r. Bu sayede zaman kayb\u0131 ya\u015famadan i\u015flerinize h\u0131zl\u0131ca ba\u015flayabilirsiniz.<\/p>\n","protected":false},"excerpt":{"rendered":"<p>Bu kablosuz mouse, sessiz \u00e7al\u0131\u015fma ihtiyac\u0131 duyan kullan\u0131c\u0131lar i\u00e7in geli\u015ftirilmi\u015f ileri teknolojiye sahip bir \u00fcr\u00fcnd\u00fcr. Evde ya da i\u015f yerinde \u00e7al\u0131\u015f\u0131rken t\u0131klama sesi duymak istemiyorsan\u0131z, bu \u00fcr\u00fcn sizin i\u00e7in ideal bir tercihtir. Sessiz t\u0131klama \u00f6zelli\u011fi, dikkat da\u011f\u0131n\u0131kl\u0131\u011f\u0131n\u0131 \u00f6nlerken sessiz bir \u00e7al\u0131\u015fma ortam\u0131 olu\u015fturur.Mouse\u2019un enerji tasarrufu sa\u011flayan ak\u0131ll\u0131 bekleme modu, kullan\u0131c\u0131s\u0131na daha uzun s\u00fcreli ve verimli&#8230;<\/p>\n","protected":false},"featured_media":117517,"comment_status":"open","ping_status":"closed","template":"","meta":{"_kad_post_transparent":"","_kad_post_title":"","_kad_post_layout":"","_kad_post_sidebar_id":"","_kad_post_content_style":"","_kad_post_vertical_padding":"","_kad_post_feature":"","_kad_post_feature_position":"","_kad_post_header":false,"_kad_post_footer":false,"_kad_post_classname":""},"product_brand":[],"product_cat":[14973],"product_tag":[],"class_list":{"0":"post-117518","1":"product","2":"type-product","3":"status-publish","4":"has-post-thumbnail","6":"product_cat-mouse-mouse","8":"first","9":"instock","10":"purchasable","11":"product-type-simple","12":"entry","13":"content-bg","14":"loop-entry"},"_links":{"self":[{"href":"https:\/\/www.hediyepazar.com\/index.php?rest_route=\/wp\/v2\/product\/117518","targetHints":{"allow":["GET"]}}],"collection":[{"href":"https:\/\/www.hediyepazar.com\/index.php?rest_route=\/wp\/v2\/product"}],"about":[{"href":"https:\/\/www.hediyepazar.com\/index.php?rest_route=\/wp\/v2\/types\/product"}],"replies":[{"embeddable":true,"href":"https:\/\/www.hediyepazar.com\/index.php?rest_route=%2Fwp%2Fv2%2Fcomments&post=117518"}],"wp:featuredmedia":[{"embeddable":true,"href":"https:\/\/www.hediyepazar.com\/index.php?rest_route=\/wp\/v2\/media\/117517"}],"wp:attachment":[{"href":"https:\/\/www.hediyepazar.com\/index.php?rest_route=%2Fwp%2Fv2%2Fmedia&parent=117518"}],"wp:term":[{"taxonomy":"product_brand","embeddable":true,"href":"https:\/\/www.hediyepazar.com\/index.php?rest_route=%2Fwp%2Fv2%2Fproduct_brand&post=117518"},{"taxonomy":"product_cat","embeddable":true,"href":"https:\/\/www.hediyepazar.com\/index.php?rest_route=%2Fwp%2Fv2%2Fproduct_cat&post=117518"},{"taxonomy":"product_tag","embeddable":true,"href":"https:\/\/www.hediyepazar.com\/index.php?rest_route=%2Fwp%2Fv2%2Fproduct_tag&post=117518"}],"curies":[{"name":"wp","href":"https:\/\/api.w.org\/{rel}","templated":true}]}}