{"id":117520,"date":"2026-05-05T20:06:15","date_gmt":"2026-05-05T23:06:15","guid":{"rendered":"https:\/\/www.hediyepazar.com\/?product=sessiz-wireless-mouse-5000-dpi-hassasiyetli-ve-hafif-tasarim"},"modified":"2026-05-05T20:06:15","modified_gmt":"2026-05-05T23:06:15","slug":"sessiz-wireless-mouse-5000-dpi-hassasiyetli-ve-hafif-tasarim","status":"publish","type":"product","link":"https:\/\/www.hediyepazar.com\/?product=sessiz-wireless-mouse-5000-dpi-hassasiyetli-ve-hafif-tasarim","title":{"rendered":"Sessiz Wireless Mouse \u2013 5000 DPI Hassasiyetli ve Hafif Tasar\u0131m"},"content":{"rendered":"<p>Ofis ortam\u0131nda ya da evde \u00e7al\u0131\u015fanlar i\u00e7in geli\u015ftirilen bu sessiz mouse, t\u0131klama seslerini minimuma indirir. \u00d6zellikle gece \u00e7al\u0131\u015f\u0131rken ya da toplu alanlarda kullan\u0131c\u0131ya sessiz bir deneyim sunar. Bu \u00f6zelli\u011fiyle rahats\u0131zl\u0131k vermeden i\u015flerinize odaklanman\u0131z\u0131 sa\u011flar.Kullan\u0131m d\u0131\u015f\u0131 kald\u0131\u011f\u0131nda devreye giren ak\u0131ll\u0131 bekleme modu, pilin gereksiz yere t\u00fckenmesini \u00f6nler. Bu sayede enerji verimlili\u011fi sa\u011flan\u0131r ve pil \u00f6mr\u00fc uzar.Estetik a\u00e7\u0131dan sade ve \u015f\u0131k bir g\u00f6r\u00fcn\u00fcme sahiptir. Ergonomik yap\u0131s\u0131 sayesinde uzun s\u00fcreli kullan\u0131mlarda bile bilek ve el rahat kal\u0131r. Elinize do\u011fal \u015fekilde oturan yap\u0131s\u0131yla kullan\u0131m kolayl\u0131\u011f\u0131 sa\u011flar.43 graml\u0131k hafif g\u00f6vdesiyle g\u00fcn boyu konforlu kullan\u0131m sunar. Hafif yap\u0131s\u0131 sayesinde \u00e7antada rahatl\u0131kla ta\u015f\u0131nabilir ve masa\u00fcst\u00fcn\u00fczde neredeyse hi\u00e7 yer kaplamaz.Uyumluluk a\u00e7\u0131s\u0131ndan son derece geni\u015ftir. Windows, Mac OS, iOS, iPad OS, Chrome OS, Linux ve Mi Box S ile uyumludur. 10 metreye kadar ba\u011flant\u0131 mesafesiyle esnek bir kullan\u0131m deneyimi sunar.1600 DPI \u00e7\u00f6z\u00fcn\u00fcrl\u00fck sunan optik sens\u00f6r\u00fc sayesinde her hareketi net ve h\u0131zl\u0131 alg\u0131lar. \u00dcstelik 1000 ile 5000 DPI aras\u0131nda ayarlanabilen hassasiyet seviyesi ile kullan\u0131c\u0131ya \u00f6zel performans sa\u011flar. Bu \u00f6zellik hem oyun severler hem de detayl\u0131 grafik i\u015fleriyle u\u011fra\u015fanlar i\u00e7in idealdir.USB ba\u011flant\u0131 noktas\u0131 ile herhangi bir s\u00fcr\u00fcc\u00fcye gerek kalmadan hemen kullan\u0131labilir. Tak \u00e7al\u0131\u015ft\u0131r \u00f6zelli\u011fi ile pratik ve h\u0131zl\u0131 kurulum sa\u011flar.<\/p>\n","protected":false},"excerpt":{"rendered":"<p>Ofis ortam\u0131nda ya da evde \u00e7al\u0131\u015fanlar i\u00e7in geli\u015ftirilen bu sessiz mouse, t\u0131klama seslerini minimuma indirir. \u00d6zellikle gece \u00e7al\u0131\u015f\u0131rken ya da toplu alanlarda kullan\u0131c\u0131ya sessiz bir deneyim sunar. Bu \u00f6zelli\u011fiyle rahats\u0131zl\u0131k vermeden i\u015flerinize odaklanman\u0131z\u0131 sa\u011flar.Kullan\u0131m d\u0131\u015f\u0131 kald\u0131\u011f\u0131nda devreye giren ak\u0131ll\u0131 bekleme modu, pilin gereksiz yere t\u00fckenmesini \u00f6nler. Bu sayede enerji verimlili\u011fi sa\u011flan\u0131r ve pil \u00f6mr\u00fc uzar.Estetik&#8230;<\/p>\n","protected":false},"featured_media":117519,"comment_status":"open","ping_status":"closed","template":"","meta":{"_kad_post_transparent":"","_kad_post_title":"","_kad_post_layout":"","_kad_post_sidebar_id":"","_kad_post_content_style":"","_kad_post_vertical_padding":"","_kad_post_feature":"","_kad_post_feature_position":"","_kad_post_header":false,"_kad_post_footer":false,"_kad_post_classname":""},"product_brand":[],"product_cat":[14973],"product_tag":[],"class_list":{"0":"post-117520","1":"product","2":"type-product","3":"status-publish","4":"has-post-thumbnail","6":"product_cat-mouse-mouse","8":"first","9":"instock","10":"purchasable","11":"product-type-simple","12":"entry","13":"content-bg","14":"loop-entry"},"_links":{"self":[{"href":"https:\/\/www.hediyepazar.com\/index.php?rest_route=\/wp\/v2\/product\/117520","targetHints":{"allow":["GET"]}}],"collection":[{"href":"https:\/\/www.hediyepazar.com\/index.php?rest_route=\/wp\/v2\/product"}],"about":[{"href":"https:\/\/www.hediyepazar.com\/index.php?rest_route=\/wp\/v2\/types\/product"}],"replies":[{"embeddable":true,"href":"https:\/\/www.hediyepazar.com\/index.php?rest_route=%2Fwp%2Fv2%2Fcomments&post=117520"}],"wp:featuredmedia":[{"embeddable":true,"href":"https:\/\/www.hediyepazar.com\/index.php?rest_route=\/wp\/v2\/media\/117519"}],"wp:attachment":[{"href":"https:\/\/www.hediyepazar.com\/index.php?rest_route=%2Fwp%2Fv2%2Fmedia&parent=117520"}],"wp:term":[{"taxonomy":"product_brand","embeddable":true,"href":"https:\/\/www.hediyepazar.com\/index.php?rest_route=%2Fwp%2Fv2%2Fproduct_brand&post=117520"},{"taxonomy":"product_cat","embeddable":true,"href":"https:\/\/www.hediyepazar.com\/index.php?rest_route=%2Fwp%2Fv2%2Fproduct_cat&post=117520"},{"taxonomy":"product_tag","embeddable":true,"href":"https:\/\/www.hediyepazar.com\/index.php?rest_route=%2Fwp%2Fv2%2Fproduct_tag&post=117520"}],"curies":[{"name":"wp","href":"https:\/\/api.w.org\/{rel}","templated":true}]}}