{"id":117522,"date":"2026-05-05T20:07:56","date_gmt":"2026-05-05T23:07:56","guid":{"rendered":"https:\/\/www.hediyepazar.com\/?product=kablosuz-sessiz-mouse-ayarlanabilir-dpi-ve-usb-baglantili"},"modified":"2026-05-05T20:07:56","modified_gmt":"2026-05-05T23:07:56","slug":"kablosuz-sessiz-mouse-ayarlanabilir-dpi-ve-usb-baglantili","status":"publish","type":"product","link":"https:\/\/www.hediyepazar.com\/?product=kablosuz-sessiz-mouse-ayarlanabilir-dpi-ve-usb-baglantili","title":{"rendered":"Kablosuz Sessiz Mouse \u2013 Ayarlanabilir DPI ve USB Ba\u011flant\u0131l\u0131"},"content":{"rendered":"<p>Bu kablosuz mouse, sessizli\u011fi ve performans\u0131 bir arada sunar. Sessiz t\u0131klama \u00f6zelli\u011fi sayesinde hem ev hem de i\u015f yerinde dikkat da\u011f\u0131tmadan kullan\u0131m sa\u011flar. T\u0131klama sesi neredeyse tamamen ortadan kalkar, bu da \u00f6zellikle ortak alanlarda b\u00fcy\u00fck avantaj sa\u011flar.Enerji tasarrufu sa\u011flayan ak\u0131ll\u0131 bekleme modu, kullan\u0131lmad\u0131\u011f\u0131 durumlarda fareyi otomatik olarak uyku moduna ge\u00e7irerek pil t\u00fcketimini en aza indirir. Bu \u00e7evreci ve ekonomik \u00f6zellik, uzun s\u00fcreli verimli kullan\u0131m sa\u011flar.Estetik ve ergonomik tasar\u0131m\u0131, elin do\u011fal yap\u0131s\u0131na uyum sa\u011flar. Avu\u00e7 i\u00e7ine tam oturan yap\u0131s\u0131yla uzun s\u00fcreli kullan\u0131mlarda el yorgunlu\u011funu \u00f6nler. Sade ve modern g\u00f6r\u00fcn\u00fcm\u00fc, her masa d\u00fczenine uyum g\u00f6sterir.Ultra hafif olan bu mouse, sadece 43 gram (pilsiz) a\u011f\u0131rl\u0131\u011f\u0131ndad\u0131r. Bu hafiflik sayesinde ta\u015f\u0131mak son derece kolayd\u0131r ve kullan\u0131rken bile\u011finizde neredeyse varl\u0131\u011f\u0131n\u0131 hissetmezsiniz.Cihaz, geni\u015f uyumluluk sunar: Windows 11\/10\/8\/7, Mac OS 10.5 ve \u00fczeri, iOS 13.4+, iPad OS 14+, Chrome OS, Linux ve Mi Box S ile sorunsuz \u00e7al\u0131\u015f\u0131r. 10 metreye kadar kablosuz ba\u011flant\u0131 mesafesiyle \u00f6zg\u00fcrce hareket etmenizi sa\u011flar.1600 DPI optik sens\u00f6r, y\u00fcksek hassasiyetli izleme sunar. \u00d6zellikle grafik tasar\u0131m ve oyun gibi alanlarda m\u00fckemmel performans sa\u011flar. Ayr\u0131ca 1000 ile 5000 DPI aras\u0131nda ayarlanabilir hassasiyet sayesinde ihtiyac\u0131n\u0131za g\u00f6re ki\u015fiselle\u015ftirme yap\u0131labilir.USB ba\u011flant\u0131s\u0131 sayesinde cihaz\u0131n\u0131z\u0131 an\u0131nda tan\u0131r ve s\u00fcr\u00fcc\u00fc y\u00fcklemeden kullan\u0131ma haz\u0131r hale gelir. Tak \u00e7al\u0131\u015ft\u0131r \u00f6zelli\u011fi ile zaman kaybetmeden \u00e7al\u0131\u015fmaya ba\u015flayabilirsiniz.<\/p>\n","protected":false},"excerpt":{"rendered":"<p>Bu kablosuz mouse, sessizli\u011fi ve performans\u0131 bir arada sunar. Sessiz t\u0131klama \u00f6zelli\u011fi sayesinde hem ev hem de i\u015f yerinde dikkat da\u011f\u0131tmadan kullan\u0131m sa\u011flar. T\u0131klama sesi neredeyse tamamen ortadan kalkar, bu da \u00f6zellikle ortak alanlarda b\u00fcy\u00fck avantaj sa\u011flar.Enerji tasarrufu sa\u011flayan ak\u0131ll\u0131 bekleme modu, kullan\u0131lmad\u0131\u011f\u0131 durumlarda fareyi otomatik olarak uyku moduna ge\u00e7irerek pil t\u00fcketimini en aza indirir&#8230;.<\/p>\n","protected":false},"featured_media":117521,"comment_status":"open","ping_status":"closed","template":"","meta":{"_kad_post_transparent":"","_kad_post_title":"","_kad_post_layout":"","_kad_post_sidebar_id":"","_kad_post_content_style":"","_kad_post_vertical_padding":"","_kad_post_feature":"","_kad_post_feature_position":"","_kad_post_header":false,"_kad_post_footer":false,"_kad_post_classname":""},"product_brand":[],"product_cat":[14973],"product_tag":[],"class_list":{"0":"post-117522","1":"product","2":"type-product","3":"status-publish","4":"has-post-thumbnail","6":"product_cat-mouse-mouse","8":"first","9":"instock","10":"purchasable","11":"product-type-simple","12":"entry","13":"content-bg","14":"loop-entry"},"_links":{"self":[{"href":"https:\/\/www.hediyepazar.com\/index.php?rest_route=\/wp\/v2\/product\/117522","targetHints":{"allow":["GET"]}}],"collection":[{"href":"https:\/\/www.hediyepazar.com\/index.php?rest_route=\/wp\/v2\/product"}],"about":[{"href":"https:\/\/www.hediyepazar.com\/index.php?rest_route=\/wp\/v2\/types\/product"}],"replies":[{"embeddable":true,"href":"https:\/\/www.hediyepazar.com\/index.php?rest_route=%2Fwp%2Fv2%2Fcomments&post=117522"}],"wp:featuredmedia":[{"embeddable":true,"href":"https:\/\/www.hediyepazar.com\/index.php?rest_route=\/wp\/v2\/media\/117521"}],"wp:attachment":[{"href":"https:\/\/www.hediyepazar.com\/index.php?rest_route=%2Fwp%2Fv2%2Fmedia&parent=117522"}],"wp:term":[{"taxonomy":"product_brand","embeddable":true,"href":"https:\/\/www.hediyepazar.com\/index.php?rest_route=%2Fwp%2Fv2%2Fproduct_brand&post=117522"},{"taxonomy":"product_cat","embeddable":true,"href":"https:\/\/www.hediyepazar.com\/index.php?rest_route=%2Fwp%2Fv2%2Fproduct_cat&post=117522"},{"taxonomy":"product_tag","embeddable":true,"href":"https:\/\/www.hediyepazar.com\/index.php?rest_route=%2Fwp%2Fv2%2Fproduct_tag&post=117522"}],"curies":[{"name":"wp","href":"https:\/\/api.w.org\/{rel}","templated":true}]}}