{"id":117524,"date":"2026-05-05T20:08:01","date_gmt":"2026-05-05T23:08:01","guid":{"rendered":"https:\/\/www.hediyepazar.com\/?product=aninda-baski-ve-yuksek-cozunurluklu-cift-lensli-fotograf-makinesi"},"modified":"2026-05-05T20:08:01","modified_gmt":"2026-05-05T23:08:01","slug":"aninda-baski-ve-yuksek-cozunurluklu-cift-lensli-fotograf-makinesi","status":"publish","type":"product","link":"https:\/\/www.hediyepazar.com\/?product=aninda-baski-ve-yuksek-cozunurluklu-cift-lensli-fotograf-makinesi","title":{"rendered":"An\u0131nda Bask\u0131 ve Y\u00fcksek \u00c7\u00f6z\u00fcn\u00fcrl\u00fckl\u00fc \u00c7ift Lensli Foto\u011fraf Makinesi"},"content":{"rendered":"<p>bask\u0131 kamera, dijital foto\u011fraf \u00e7ekim deneyimini an\u0131nda bask\u0131 \u00f6zelli\u011fi ile birle\u015ftiriyor. \u00c7ift lens sistemi sayesinde \u00e7ekilen foto\u011fraflar hem net hem de canl\u0131 renklere sahip olur. 10X dijital zoom ile en k\u00fc\u00e7\u00fck detaylar\u0131 bile kolayca yakalayabilirsiniz. 0.5 metreden sonsuz mesafeye kadar odaklama yapabilen kamera, her t\u00fcr \u00e7ekim i\u00e7in uygundur.Foto\u011fraf kalitesini art\u0131ran ISO ayarlar\u0131 (otomatik, 50, 100, 200, 400, 800, 1600) sayesinde, farkl\u0131 \u0131\u015f\u0131k ko\u015fullar\u0131nda dahi m\u00fckemmel sonu\u00e7lar elde edebilirsiniz. 12 farkl\u0131 \u00f6zel efekt, \u00e7ekimlerinize yarat\u0131c\u0131l\u0131k katman\u0131za olanak sa\u011flar. Self-timer se\u00e7enekleri ile grup foto\u011fraflar\u0131n\u0131zda veya ki\u015fisel \u00e7ekimlerde kolayl\u0131kla zaman ayarlamas\u0131 yapabilirsiniz.Kamera, 3 adet bask\u0131 rulosu ile birlikte gelir ve her rulo 500 foto\u011fraf basma kapasitesi sunar. Uzun s\u00fcre bask\u0131 yapabilme imkan\u0131 ile kullan\u0131c\u0131lar\u0131n ihtiya\u00e7lar\u0131na cevap verir. Ayr\u0131ca, 64GB\u2019a kadar TF kart deste\u011fi sayesinde depolama alan\u0131n\u0131z\u0131 art\u0131rabilirsiniz.1080P ve 720P video \u00e7ekim \u00f6zelli\u011fi ve dahili mikrofonu ile sadece foto\u011fraf de\u011fil, ayn\u0131 zamanda y\u00fcksek kaliteli video kay\u0131tlar\u0131 da yapabilirsiniz. MP3 m\u00fczik \u00e7alar fonksiyonu ise cihaz\u0131 \u00e7ok y\u00f6nl\u00fc bir multimedya arac\u0131na d\u00f6n\u00fc\u015ft\u00fcr\u00fcr.\u00c7oklu dil deste\u011fi sayesinde farkl\u0131 dillerde kolay kullan\u0131m imkan\u0131 sa\u011flar. Ergonomik ve kullan\u0131c\u0131 dostu tasar\u0131m\u0131 ile her ya\u015ftan kullan\u0131c\u0131ya hitap eden GCH62 bask\u0131 kamera, an\u0131lar\u0131n\u0131z\u0131 en kaliteli \u015fekilde yakalaman\u0131za ve an\u0131nda fiziksel bask\u0131s\u0131n\u0131 alman\u0131za olanak tan\u0131r.<\/p>\n","protected":false},"excerpt":{"rendered":"<p>bask\u0131 kamera, dijital foto\u011fraf \u00e7ekim deneyimini an\u0131nda bask\u0131 \u00f6zelli\u011fi ile birle\u015ftiriyor. \u00c7ift lens sistemi sayesinde \u00e7ekilen foto\u011fraflar hem net hem de canl\u0131 renklere sahip olur. 10X dijital zoom ile en k\u00fc\u00e7\u00fck detaylar\u0131 bile kolayca yakalayabilirsiniz. 0.5 metreden sonsuz mesafeye kadar odaklama yapabilen kamera, her t\u00fcr \u00e7ekim i\u00e7in uygundur.Foto\u011fraf kalitesini art\u0131ran ISO ayarlar\u0131 (otomatik, 50, 100,&#8230;<\/p>\n","protected":false},"featured_media":117523,"comment_status":"open","ping_status":"closed","template":"","meta":{"_kad_post_transparent":"","_kad_post_title":"","_kad_post_layout":"","_kad_post_sidebar_id":"","_kad_post_content_style":"","_kad_post_vertical_padding":"","_kad_post_feature":"","_kad_post_feature_position":"","_kad_post_header":false,"_kad_post_footer":false,"_kad_post_classname":""},"product_brand":[],"product_cat":[14987],"product_tag":[],"class_list":{"0":"post-117524","1":"product","2":"type-product","3":"status-publish","4":"has-post-thumbnail","6":"product_cat-cocuk-kamera-cocuk-kamera","8":"first","9":"instock","10":"purchasable","11":"product-type-simple","12":"entry","13":"content-bg","14":"loop-entry"},"_links":{"self":[{"href":"https:\/\/www.hediyepazar.com\/index.php?rest_route=\/wp\/v2\/product\/117524","targetHints":{"allow":["GET"]}}],"collection":[{"href":"https:\/\/www.hediyepazar.com\/index.php?rest_route=\/wp\/v2\/product"}],"about":[{"href":"https:\/\/www.hediyepazar.com\/index.php?rest_route=\/wp\/v2\/types\/product"}],"replies":[{"embeddable":true,"href":"https:\/\/www.hediyepazar.com\/index.php?rest_route=%2Fwp%2Fv2%2Fcomments&post=117524"}],"wp:featuredmedia":[{"embeddable":true,"href":"https:\/\/www.hediyepazar.com\/index.php?rest_route=\/wp\/v2\/media\/117523"}],"wp:attachment":[{"href":"https:\/\/www.hediyepazar.com\/index.php?rest_route=%2Fwp%2Fv2%2Fmedia&parent=117524"}],"wp:term":[{"taxonomy":"product_brand","embeddable":true,"href":"https:\/\/www.hediyepazar.com\/index.php?rest_route=%2Fwp%2Fv2%2Fproduct_brand&post=117524"},{"taxonomy":"product_cat","embeddable":true,"href":"https:\/\/www.hediyepazar.com\/index.php?rest_route=%2Fwp%2Fv2%2Fproduct_cat&post=117524"},{"taxonomy":"product_tag","embeddable":true,"href":"https:\/\/www.hediyepazar.com\/index.php?rest_route=%2Fwp%2Fv2%2Fproduct_tag&post=117524"}],"curies":[{"name":"wp","href":"https:\/\/api.w.org\/{rel}","templated":true}]}}