{"id":117556,"date":"2026-05-05T20:13:13","date_gmt":"2026-05-05T23:13:13","guid":{"rendered":"https:\/\/www.hediyepazar.com\/?product=otomatik-dikey-duzeltmeli-ve-manuel-zoom-fonksiyonlu-akilli-projektor"},"modified":"2026-05-05T20:13:13","modified_gmt":"2026-05-05T23:13:13","slug":"otomatik-dikey-duzeltmeli-ve-manuel-zoom-fonksiyonlu-akilli-projektor","status":"publish","type":"product","link":"https:\/\/www.hediyepazar.com\/?product=otomatik-dikey-duzeltmeli-ve-manuel-zoom-fonksiyonlu-akilli-projektor","title":{"rendered":"Otomatik Dikey D\u00fczeltmeli ve Manuel Zoom Fonksiyonlu Ak\u0131ll\u0131 Projekt\u00f6r"},"content":{"rendered":"<p>Bu projekt\u00f6r, g\u00f6r\u00fcnt\u00fc hizalamas\u0131n\u0131 kullan\u0131c\u0131 dostu hale getiren otomatik keystone d\u00fczeltme (dikey e\u011fim d\u00fczeltme) \u00f6zelli\u011fine sahiptir. Projekt\u00f6r\u00fcn\u00fcz\u00fcn a\u00e7\u0131s\u0131 ne olursa olsun, g\u00f6r\u00fcnt\u00fc kendini otomatik olarak d\u00fczle\u015ftirir ve ekrana simetrik olarak oturur. Bu \u00f6zellik \u00f6zellikle tavan montaj\u0131 veya a\u00e7\u0131l\u0131 kullan\u0131m durumlar\u0131nda b\u00fcy\u00fck avantaj sa\u011flar.Ayr\u0131ca manuel zoom fonksiyonu sayesinde ekran boyutunu fiziksel olarak cihaz\u0131 hareket ettirmeden ayarlayabilirsiniz. Bu, k\u00fc\u00e7\u00fck odalarda bile istenilen ekran boyutunu elde etme imk\u00e2n\u0131 sunar. 1 ile 4 metre aras\u0131nda projeksiyon mesafesi sayesinde kullan\u0131c\u0131 ekran boyutunu ortama g\u00f6re \u00f6zelle\u015ftirebilir.G\u00f6r\u00fcnt\u00fc format\u0131 olarak 16:9 deste\u011fi sunar. Bu, sinema format\u0131na en yak\u0131n orand\u0131r ve hem film hem de dizi izlerken daha ger\u00e7ek\u00e7i bir ekran deneyimi sa\u011flar. D\u00fcz bir beyaz duvar \u00fczerine yans\u0131tt\u0131\u011f\u0131n\u0131zda ek perde ya da ekran sat\u0131n alman\u0131za gerek kalmaz. Her y\u00fczey bu cihaz i\u00e7in bir sinema perdesine d\u00f6n\u00fc\u015febilir.Kullan\u0131m\u0131 kolayla\u015ft\u0131ran bu geli\u015fmi\u015f d\u00fczeltme sistemleri sayesinde, kullan\u0131c\u0131 hi\u00e7bir teknik bilgiye sahip olmasa bile cihazdan maksimum performans alabilir.<\/p>\n","protected":false},"excerpt":{"rendered":"<p>Bu projekt\u00f6r, g\u00f6r\u00fcnt\u00fc hizalamas\u0131n\u0131 kullan\u0131c\u0131 dostu hale getiren otomatik keystone d\u00fczeltme (dikey e\u011fim d\u00fczeltme) \u00f6zelli\u011fine sahiptir. Projekt\u00f6r\u00fcn\u00fcz\u00fcn a\u00e7\u0131s\u0131 ne olursa olsun, g\u00f6r\u00fcnt\u00fc kendini otomatik olarak d\u00fczle\u015ftirir ve ekrana simetrik olarak oturur. Bu \u00f6zellik \u00f6zellikle tavan montaj\u0131 veya a\u00e7\u0131l\u0131 kullan\u0131m durumlar\u0131nda b\u00fcy\u00fck avantaj sa\u011flar.Ayr\u0131ca manuel zoom fonksiyonu sayesinde ekran boyutunu fiziksel olarak cihaz\u0131 hareket ettirmeden ayarlayabilirsiniz&#8230;.<\/p>\n","protected":false},"featured_media":117555,"comment_status":"open","ping_status":"closed","template":"","meta":{"_kad_post_transparent":"","_kad_post_title":"","_kad_post_layout":"","_kad_post_sidebar_id":"","_kad_post_content_style":"","_kad_post_vertical_padding":"","_kad_post_feature":"","_kad_post_feature_position":"","_kad_post_header":false,"_kad_post_footer":false,"_kad_post_classname":""},"product_brand":[],"product_cat":[14905],"product_tag":[],"class_list":{"0":"post-117556","1":"product","2":"type-product","3":"status-publish","4":"has-post-thumbnail","6":"product_cat-projeksiyon-projeksiyon","8":"first","9":"instock","10":"purchasable","11":"product-type-simple","12":"entry","13":"content-bg","14":"loop-entry"},"_links":{"self":[{"href":"https:\/\/www.hediyepazar.com\/index.php?rest_route=\/wp\/v2\/product\/117556","targetHints":{"allow":["GET"]}}],"collection":[{"href":"https:\/\/www.hediyepazar.com\/index.php?rest_route=\/wp\/v2\/product"}],"about":[{"href":"https:\/\/www.hediyepazar.com\/index.php?rest_route=\/wp\/v2\/types\/product"}],"replies":[{"embeddable":true,"href":"https:\/\/www.hediyepazar.com\/index.php?rest_route=%2Fwp%2Fv2%2Fcomments&post=117556"}],"wp:featuredmedia":[{"embeddable":true,"href":"https:\/\/www.hediyepazar.com\/index.php?rest_route=\/wp\/v2\/media\/117555"}],"wp:attachment":[{"href":"https:\/\/www.hediyepazar.com\/index.php?rest_route=%2Fwp%2Fv2%2Fmedia&parent=117556"}],"wp:term":[{"taxonomy":"product_brand","embeddable":true,"href":"https:\/\/www.hediyepazar.com\/index.php?rest_route=%2Fwp%2Fv2%2Fproduct_brand&post=117556"},{"taxonomy":"product_cat","embeddable":true,"href":"https:\/\/www.hediyepazar.com\/index.php?rest_route=%2Fwp%2Fv2%2Fproduct_cat&post=117556"},{"taxonomy":"product_tag","embeddable":true,"href":"https:\/\/www.hediyepazar.com\/index.php?rest_route=%2Fwp%2Fv2%2Fproduct_tag&post=117556"}],"curies":[{"name":"wp","href":"https:\/\/api.w.org\/{rel}","templated":true}]}}