{"id":117558,"date":"2026-05-05T20:13:17","date_gmt":"2026-05-05T23:13:17","guid":{"rendered":"https:\/\/www.hediyepazar.com\/?product=wifi6-ve-bluetooth-5-0-teknolojili-kablosuz-baglanti-ozellikli-projektor"},"modified":"2026-05-05T20:13:17","modified_gmt":"2026-05-05T23:13:17","slug":"wifi6-ve-bluetooth-5-0-teknolojili-kablosuz-baglanti-ozellikli-projektor","status":"publish","type":"product","link":"https:\/\/www.hediyepazar.com\/?product=wifi6-ve-bluetooth-5-0-teknolojili-kablosuz-baglanti-ozellikli-projektor","title":{"rendered":"WiFi6 ve Bluetooth 5.0 Teknolojili Kablosuz Ba\u011flant\u0131 \u00d6zellikli Projekt\u00f6r"},"content":{"rendered":"<p>Bu ta\u015f\u0131nabilir projekt\u00f6r, kablosuz ba\u011flant\u0131da son teknolojiyi sunan WiFi6 ve Bluetooth 5.0 deste\u011fi ile donat\u0131lm\u0131\u015ft\u0131r. Geli\u015fmi\u015f \u00e7ift bantl\u0131 WiFi \u00f6zelli\u011fi sayesinde videolar, sunumlar ve oyun i\u00e7erikleri h\u0131zl\u0131, kesintisiz ve gecikmesiz bir \u015fekilde yans\u0131t\u0131labilir. Bu sayede mobil cihazlar veya diz\u00fcst\u00fc bilgisayarlar \u00fczerinden kablosuz medya aktar\u0131m\u0131 olduk\u00e7a kolay hale gelir.Bluetooth 5.0 \u00f6zelli\u011fi, ses cihazlar\u0131yla h\u0131zl\u0131 ve stabil bir ba\u011flant\u0131 kurman\u0131z\u0131 sa\u011flar. Harici hoparl\u00f6rler, kulakl\u0131klar veya soundbar sistemleri ile an\u0131nda e\u015fle\u015ferek ses deneyimini \u00fcst seviyeye \u00e7\u0131karabilirsiniz. Ancak dileyen kullan\u0131c\u0131lar i\u00e7in dahili hoparl\u00f6r sayesinde ekstra cihaza gerek kalmadan da ses al\u0131nabilir.Bu teknoloji kombinasyonu sayesinde hem ses hem de g\u00f6r\u00fcnt\u00fc senkronizasyonu en ideal hale getirilmi\u015f, izleme ya da sunum deneyimi kullan\u0131c\u0131y\u0131 yormayacak \u015fekilde optimize edilmi\u015ftir. Kablosuz kumanda \u00f6zelli\u011fi ise cihaz\u0131 uzaktan kontrol etmenizi sa\u011flar, \u00f6zellikle sunum yapan veya yatakta film izleyen kullan\u0131c\u0131lar i\u00e7in b\u00fcy\u00fck kolayl\u0131k sa\u011flar.WiFi6 + Bluetooth 5.0 kombinasyonu, g\u00fcn\u00fcm\u00fcz kullan\u0131c\u0131lar\u0131n\u0131n hem mobilite hem de kalite ihtiya\u00e7lar\u0131na do\u011frudan yan\u0131t verir.<\/p>\n","protected":false},"excerpt":{"rendered":"<p>Bu ta\u015f\u0131nabilir projekt\u00f6r, kablosuz ba\u011flant\u0131da son teknolojiyi sunan WiFi6 ve Bluetooth 5.0 deste\u011fi ile donat\u0131lm\u0131\u015ft\u0131r. Geli\u015fmi\u015f \u00e7ift bantl\u0131 WiFi \u00f6zelli\u011fi sayesinde videolar, sunumlar ve oyun i\u00e7erikleri h\u0131zl\u0131, kesintisiz ve gecikmesiz bir \u015fekilde yans\u0131t\u0131labilir. Bu sayede mobil cihazlar veya diz\u00fcst\u00fc bilgisayarlar \u00fczerinden kablosuz medya aktar\u0131m\u0131 olduk\u00e7a kolay hale gelir.Bluetooth 5.0 \u00f6zelli\u011fi, ses cihazlar\u0131yla h\u0131zl\u0131 ve stabil&#8230;<\/p>\n","protected":false},"featured_media":117557,"comment_status":"open","ping_status":"closed","template":"","meta":{"_kad_post_transparent":"","_kad_post_title":"","_kad_post_layout":"","_kad_post_sidebar_id":"","_kad_post_content_style":"","_kad_post_vertical_padding":"","_kad_post_feature":"","_kad_post_feature_position":"","_kad_post_header":false,"_kad_post_footer":false,"_kad_post_classname":""},"product_brand":[],"product_cat":[14905],"product_tag":[],"class_list":{"0":"post-117558","1":"product","2":"type-product","3":"status-publish","4":"has-post-thumbnail","6":"product_cat-projeksiyon-projeksiyon","8":"first","9":"instock","10":"purchasable","11":"product-type-simple","12":"entry","13":"content-bg","14":"loop-entry"},"_links":{"self":[{"href":"https:\/\/www.hediyepazar.com\/index.php?rest_route=\/wp\/v2\/product\/117558","targetHints":{"allow":["GET"]}}],"collection":[{"href":"https:\/\/www.hediyepazar.com\/index.php?rest_route=\/wp\/v2\/product"}],"about":[{"href":"https:\/\/www.hediyepazar.com\/index.php?rest_route=\/wp\/v2\/types\/product"}],"replies":[{"embeddable":true,"href":"https:\/\/www.hediyepazar.com\/index.php?rest_route=%2Fwp%2Fv2%2Fcomments&post=117558"}],"wp:featuredmedia":[{"embeddable":true,"href":"https:\/\/www.hediyepazar.com\/index.php?rest_route=\/wp\/v2\/media\/117557"}],"wp:attachment":[{"href":"https:\/\/www.hediyepazar.com\/index.php?rest_route=%2Fwp%2Fv2%2Fmedia&parent=117558"}],"wp:term":[{"taxonomy":"product_brand","embeddable":true,"href":"https:\/\/www.hediyepazar.com\/index.php?rest_route=%2Fwp%2Fv2%2Fproduct_brand&post=117558"},{"taxonomy":"product_cat","embeddable":true,"href":"https:\/\/www.hediyepazar.com\/index.php?rest_route=%2Fwp%2Fv2%2Fproduct_cat&post=117558"},{"taxonomy":"product_tag","embeddable":true,"href":"https:\/\/www.hediyepazar.com\/index.php?rest_route=%2Fwp%2Fv2%2Fproduct_tag&post=117558"}],"curies":[{"name":"wp","href":"https:\/\/api.w.org\/{rel}","templated":true}]}}