{"id":117560,"date":"2026-05-05T20:13:58","date_gmt":"2026-05-05T23:13:58","guid":{"rendered":"https:\/\/www.hediyepazar.com\/?product=1080p-full-hd-cozunurluk-ve-4k-destekli-projektor"},"modified":"2026-05-05T20:13:58","modified_gmt":"2026-05-05T23:13:58","slug":"1080p-full-hd-cozunurluk-ve-4k-destekli-projektor","status":"publish","type":"product","link":"https:\/\/www.hediyepazar.com\/?product=1080p-full-hd-cozunurluk-ve-4k-destekli-projektor","title":{"rendered":"1080P Full HD \u00c7\u00f6z\u00fcn\u00fcrl\u00fck ve 4K Destekli Projekt\u00f6r"},"content":{"rendered":"<p>Bu geli\u015fmi\u015f video projekt\u00f6r\u00fc, yerli 1920&#215;1080 Full HD \u00e7\u00f6z\u00fcn\u00fcrl\u00fc\u011f\u00fcyle son derece net ve ayr\u0131nt\u0131l\u0131 bir g\u00f6r\u00fcnt\u00fc deneyimi sunar. Ayr\u0131ca 4K \u00e7\u00f6z\u00fcn\u00fcrl\u00fck deste\u011fi sayesinde, daha y\u00fcksek \u00e7\u00f6z\u00fcn\u00fcrl\u00fckteki videolar\u0131 da destekleyerek kullan\u0131c\u0131ya geli\u015fmi\u015f bir izleme keyfi sa\u011flar. Di\u011fer mini projekt\u00f6rlerle kar\u015f\u0131la\u015ft\u0131r\u0131ld\u0131\u011f\u0131nda \u00e7ok daha parlak, keskin ve renk a\u00e7\u0131s\u0131ndan zengin g\u00f6r\u00fcnt\u00fcler \u00fcretir.Kalibrasyon ve renk ayarlama teknolojileriyle donat\u0131lm\u0131\u015f olan bu model, \u00f6zellikle d\u00fc\u015f\u00fck \u0131\u015f\u0131kl\u0131 ortamlarda y\u00fcksek performans g\u00f6sterir. Gece film izlemek, TV \u015fovlar\u0131 takip etmek ya da oyun oynamak i\u00e7in ideal bir \u00e7\u00f6z\u00fcm sunar. Renk do\u011frulu\u011fu \u00fcst seviyede olup tonlar do\u011fal g\u00f6r\u00fcn\u00fcr. Bu da uzun s\u00fcreli izlemelerde g\u00f6z yorgunlu\u011funu azalt\u0131r.Yatak odas\u0131nda, oturma odas\u0131nda veya kamp gibi ta\u015f\u0131nabilir kullan\u0131mlarda bu projekt\u00f6r, etkileyici bir g\u00f6rsel kalite sa\u011flamakla kalmaz, ayn\u0131 zamanda kompakt yap\u0131s\u0131yla kolay ta\u015f\u0131nabilirlik de sunar. Ekran ihtiyac\u0131n\u0131 da ortadan kald\u0131ran yap\u0131s\u0131yla sadece d\u00fcz, temiz ve a\u00e7\u0131k renkte bir duvar yeterlidir.G\u00f6r\u00fcnt\u00fc deneyiminde y\u00fcksek kalite arayan kullan\u0131c\u0131lar i\u00e7in ideal olan bu projekt\u00f6r, sinema keyfini evinize ta\u015f\u0131r.<\/p>\n","protected":false},"excerpt":{"rendered":"<p>Bu geli\u015fmi\u015f video projekt\u00f6r\u00fc, yerli 1920&#215;1080 Full HD \u00e7\u00f6z\u00fcn\u00fcrl\u00fc\u011f\u00fcyle son derece net ve ayr\u0131nt\u0131l\u0131 bir g\u00f6r\u00fcnt\u00fc deneyimi sunar. Ayr\u0131ca 4K \u00e7\u00f6z\u00fcn\u00fcrl\u00fck deste\u011fi sayesinde, daha y\u00fcksek \u00e7\u00f6z\u00fcn\u00fcrl\u00fckteki videolar\u0131 da destekleyerek kullan\u0131c\u0131ya geli\u015fmi\u015f bir izleme keyfi sa\u011flar. Di\u011fer mini projekt\u00f6rlerle kar\u015f\u0131la\u015ft\u0131r\u0131ld\u0131\u011f\u0131nda \u00e7ok daha parlak, keskin ve renk a\u00e7\u0131s\u0131ndan zengin g\u00f6r\u00fcnt\u00fcler \u00fcretir.Kalibrasyon ve renk ayarlama teknolojileriyle donat\u0131lm\u0131\u015f olan&#8230;<\/p>\n","protected":false},"featured_media":117559,"comment_status":"open","ping_status":"closed","template":"","meta":{"_kad_post_transparent":"","_kad_post_title":"","_kad_post_layout":"","_kad_post_sidebar_id":"","_kad_post_content_style":"","_kad_post_vertical_padding":"","_kad_post_feature":"","_kad_post_feature_position":"","_kad_post_header":false,"_kad_post_footer":false,"_kad_post_classname":""},"product_brand":[],"product_cat":[14905],"product_tag":[],"class_list":{"0":"post-117560","1":"product","2":"type-product","3":"status-publish","4":"has-post-thumbnail","6":"product_cat-projeksiyon-projeksiyon","8":"first","9":"instock","10":"purchasable","11":"product-type-simple","12":"entry","13":"content-bg","14":"loop-entry"},"_links":{"self":[{"href":"https:\/\/www.hediyepazar.com\/index.php?rest_route=\/wp\/v2\/product\/117560","targetHints":{"allow":["GET"]}}],"collection":[{"href":"https:\/\/www.hediyepazar.com\/index.php?rest_route=\/wp\/v2\/product"}],"about":[{"href":"https:\/\/www.hediyepazar.com\/index.php?rest_route=\/wp\/v2\/types\/product"}],"replies":[{"embeddable":true,"href":"https:\/\/www.hediyepazar.com\/index.php?rest_route=%2Fwp%2Fv2%2Fcomments&post=117560"}],"wp:featuredmedia":[{"embeddable":true,"href":"https:\/\/www.hediyepazar.com\/index.php?rest_route=\/wp\/v2\/media\/117559"}],"wp:attachment":[{"href":"https:\/\/www.hediyepazar.com\/index.php?rest_route=%2Fwp%2Fv2%2Fmedia&parent=117560"}],"wp:term":[{"taxonomy":"product_brand","embeddable":true,"href":"https:\/\/www.hediyepazar.com\/index.php?rest_route=%2Fwp%2Fv2%2Fproduct_brand&post=117560"},{"taxonomy":"product_cat","embeddable":true,"href":"https:\/\/www.hediyepazar.com\/index.php?rest_route=%2Fwp%2Fv2%2Fproduct_cat&post=117560"},{"taxonomy":"product_tag","embeddable":true,"href":"https:\/\/www.hediyepazar.com\/index.php?rest_route=%2Fwp%2Fv2%2Fproduct_tag&post=117560"}],"curies":[{"name":"wp","href":"https:\/\/api.w.org\/{rel}","templated":true}]}}