{"id":117561,"date":"2026-05-05T20:14:22","date_gmt":"2026-05-05T23:14:22","guid":{"rendered":"https:\/\/www.hediyepazar.com\/?product=hafif-ve-tasinabilir-projektor-750-gram-agirlikla-mobil-kullanima-uygun"},"modified":"2026-05-05T20:14:22","modified_gmt":"2026-05-05T23:14:22","slug":"hafif-ve-tasinabilir-projektor-750-gram-agirlikla-mobil-kullanima-uygun","status":"publish","type":"product","link":"https:\/\/www.hediyepazar.com\/?product=hafif-ve-tasinabilir-projektor-750-gram-agirlikla-mobil-kullanima-uygun","title":{"rendered":"Hafif ve Ta\u015f\u0131nabilir Projekt\u00f6r \u2013 750 Gram A\u011f\u0131rl\u0131kla Mobil Kullan\u0131ma Uygun"},"content":{"rendered":"<p>Sadece 750 gram a\u011f\u0131rl\u0131\u011f\u0131nda olan bu mini projekt\u00f6r, ta\u015f\u0131nabilirlik konusunda b\u00fcy\u00fck avantaj sa\u011flar. K\u00fc\u00e7\u00fck \u00e7antalara veya el bagaj\u0131na kolayl\u0131kla s\u0131\u011far, her yere g\u00f6t\u00fcr\u00fclebilir. B\u00f6ylece evde, i\u015f yerinde, tatilde ya da d\u0131\u015f mek\u00e2n etkinliklerinde g\u00f6r\u00fcnt\u00fcleme \u00f6zg\u00fcrl\u00fc\u011f\u00fc sunar.A\u011f\u0131rl\u0131\u011f\u0131n\u0131n hafif olmas\u0131, cihaz\u0131n kullan\u0131m\u0131 s\u0131ras\u0131nda tripod ya da masa \u00fczerine kolayca yerle\u015ftirilmesini sa\u011flar. Dengeli yap\u0131s\u0131 sayesinde sars\u0131lmadan sabit g\u00f6r\u00fcnt\u00fc verir. Kutu i\u00e7eri\u011finde yer alan tripod sayesinde a\u00e7\u0131l\u0131 yans\u0131tma da yap\u0131labilir.Elektrik kablosu \u00fczerinden do\u011frudan \u00e7al\u0131\u015ft\u0131\u011f\u0131 i\u00e7in ekstra \u015farj ya da batarya ta\u015f\u0131maya gerek yoktur. Sadece prize tak\u0131n ve kullanmaya ba\u015flay\u0131n. Bu pratiklik, cihaz\u0131 \u00e7ok ama\u00e7l\u0131 kullan\u0131ma daha da uygun hale getirir.Ta\u015f\u0131nabilirli\u011fi kadar i\u015flevselli\u011fi de \u00f6n planda olan bu projekt\u00f6r, hem e\u011flence hem de i\u015f ama\u00e7l\u0131 kullan\u0131mda ideal \u00e7\u00f6z\u00fcmler sunar. K\u00fc\u00e7\u00fck boyut, b\u00fcy\u00fck performans arayanlar i\u00e7in m\u00fckemmel bir tercihtir.<\/p>\n","protected":false},"excerpt":{"rendered":"<p>Sadece 750 gram a\u011f\u0131rl\u0131\u011f\u0131nda olan bu mini projekt\u00f6r, ta\u015f\u0131nabilirlik konusunda b\u00fcy\u00fck avantaj sa\u011flar. K\u00fc\u00e7\u00fck \u00e7antalara veya el bagaj\u0131na kolayl\u0131kla s\u0131\u011far, her yere g\u00f6t\u00fcr\u00fclebilir. B\u00f6ylece evde, i\u015f yerinde, tatilde ya da d\u0131\u015f mek\u00e2n etkinliklerinde g\u00f6r\u00fcnt\u00fcleme \u00f6zg\u00fcrl\u00fc\u011f\u00fc sunar.A\u011f\u0131rl\u0131\u011f\u0131n\u0131n hafif olmas\u0131, cihaz\u0131n kullan\u0131m\u0131 s\u0131ras\u0131nda tripod ya da masa \u00fczerine kolayca yerle\u015ftirilmesini sa\u011flar. Dengeli yap\u0131s\u0131 sayesinde sars\u0131lmadan sabit g\u00f6r\u00fcnt\u00fc&#8230;<\/p>\n","protected":false},"featured_media":0,"comment_status":"open","ping_status":"closed","template":"","meta":{"_kad_post_transparent":"","_kad_post_title":"","_kad_post_layout":"","_kad_post_sidebar_id":"","_kad_post_content_style":"","_kad_post_vertical_padding":"","_kad_post_feature":"","_kad_post_feature_position":"","_kad_post_header":false,"_kad_post_footer":false,"_kad_post_classname":""},"product_brand":[],"product_cat":[14905],"product_tag":[],"class_list":{"0":"post-117561","1":"product","2":"type-product","3":"status-publish","5":"product_cat-projeksiyon-projeksiyon","7":"first","8":"instock","9":"purchasable","10":"product-type-simple","11":"entry","12":"content-bg","13":"loop-entry"},"_links":{"self":[{"href":"https:\/\/www.hediyepazar.com\/index.php?rest_route=\/wp\/v2\/product\/117561","targetHints":{"allow":["GET"]}}],"collection":[{"href":"https:\/\/www.hediyepazar.com\/index.php?rest_route=\/wp\/v2\/product"}],"about":[{"href":"https:\/\/www.hediyepazar.com\/index.php?rest_route=\/wp\/v2\/types\/product"}],"replies":[{"embeddable":true,"href":"https:\/\/www.hediyepazar.com\/index.php?rest_route=%2Fwp%2Fv2%2Fcomments&post=117561"}],"wp:attachment":[{"href":"https:\/\/www.hediyepazar.com\/index.php?rest_route=%2Fwp%2Fv2%2Fmedia&parent=117561"}],"wp:term":[{"taxonomy":"product_brand","embeddable":true,"href":"https:\/\/www.hediyepazar.com\/index.php?rest_route=%2Fwp%2Fv2%2Fproduct_brand&post=117561"},{"taxonomy":"product_cat","embeddable":true,"href":"https:\/\/www.hediyepazar.com\/index.php?rest_route=%2Fwp%2Fv2%2Fproduct_cat&post=117561"},{"taxonomy":"product_tag","embeddable":true,"href":"https:\/\/www.hediyepazar.com\/index.php?rest_route=%2Fwp%2Fv2%2Fproduct_tag&post=117561"}],"curies":[{"name":"wp","href":"https:\/\/api.w.org\/{rel}","templated":true}]}}