{"id":117563,"date":"2026-05-05T20:15:00","date_gmt":"2026-05-05T23:15:00","guid":{"rendered":"https:\/\/www.hediyepazar.com\/?product=50-inc-tv-deneyimli-projektor-yakin-mesafede-genis-goruntu"},"modified":"2026-05-05T20:15:00","modified_gmt":"2026-05-05T23:15:00","slug":"50-inc-tv-deneyimli-projektor-yakin-mesafede-genis-goruntu","status":"publish","type":"product","link":"https:\/\/www.hediyepazar.com\/?product=50-inc-tv-deneyimli-projektor-yakin-mesafede-genis-goruntu","title":{"rendered":"50 in\u00e7 TV Deneyimli Projekt\u00f6r \u2013 Yak\u0131n Mesafede Geni\u015f G\u00f6r\u00fcnt\u00fc"},"content":{"rendered":"<p>Bu mini projekt\u00f6r, yaln\u0131zca 1 metre mesafeden yakla\u015f\u0131k 50 in\u00e7 boyutunda bir ekran deneyimi sunar. K\u00fc\u00e7\u00fck alanlarda b\u00fcy\u00fck g\u00f6r\u00fcnt\u00fc almak isteyen kullan\u0131c\u0131lar i\u00e7in olduk\u00e7a idealdir. Duvarda, projeksiyon perdesinde veya d\u00fcz bir y\u00fczeyde net ve b\u00fcy\u00fck g\u00f6r\u00fcnt\u00fcler olu\u015fturabilir.Ultra HD \u00e7\u00f6z\u00fcn\u00fcrl\u00fck ile birle\u015fen bu yak\u0131n mesafe g\u00f6r\u00fcnt\u00fcleme avantaj\u0131, \u00f6zellikle k\u00fc\u00e7\u00fck evler, yurt odalar\u0131 veya a\u00e7\u0131k hava etkinliklerinde olduk\u00e7a i\u015flevseldir. D\u00fc\u015f\u00fck \u0131\u015f\u0131kl\u0131 ortamlarda y\u00fcksek parlakl\u0131k sa\u011flar, g\u00f6r\u00fcnt\u00fcler bozulmaz veya bulan\u0131kla\u015fmaz.Ayr\u0131ca tripod ve HDMI kablosu gibi kutu i\u00e7eri\u011fiyle birlikte geldi\u011finden, ek aksesuar ihtiyac\u0131 olmadan kolay kurulum yap\u0131labilir. Kumandas\u0131 sayesinde uzaktan kontrol sa\u011flanabilir, b\u00f6ylece izleme s\u0131ras\u0131nda rahatl\u0131k korunur.Ta\u015f\u0131nabilir boyutu ve hafifli\u011fiyle cihaz, sabit kullan\u0131m kadar mobil kullan\u0131m i\u00e7in de uygundur. \u00d6zellikle film geceleri, sunumlar ve \u00e7ocuklar i\u00e7in e\u011flenceli i\u00e7erikler sunmak isteyenler i\u00e7in ideal bir \u00e7\u00f6z\u00fcmd\u00fcr.<\/p>\n","protected":false},"excerpt":{"rendered":"<p>Bu mini projekt\u00f6r, yaln\u0131zca 1 metre mesafeden yakla\u015f\u0131k 50 in\u00e7 boyutunda bir ekran deneyimi sunar. K\u00fc\u00e7\u00fck alanlarda b\u00fcy\u00fck g\u00f6r\u00fcnt\u00fc almak isteyen kullan\u0131c\u0131lar i\u00e7in olduk\u00e7a idealdir. Duvarda, projeksiyon perdesinde veya d\u00fcz bir y\u00fczeyde net ve b\u00fcy\u00fck g\u00f6r\u00fcnt\u00fcler olu\u015fturabilir.Ultra HD \u00e7\u00f6z\u00fcn\u00fcrl\u00fck ile birle\u015fen bu yak\u0131n mesafe g\u00f6r\u00fcnt\u00fcleme avantaj\u0131, \u00f6zellikle k\u00fc\u00e7\u00fck evler, yurt odalar\u0131 veya a\u00e7\u0131k hava etkinliklerinde&#8230;<\/p>\n","protected":false},"featured_media":117562,"comment_status":"open","ping_status":"closed","template":"","meta":{"_kad_post_transparent":"","_kad_post_title":"","_kad_post_layout":"","_kad_post_sidebar_id":"","_kad_post_content_style":"","_kad_post_vertical_padding":"","_kad_post_feature":"","_kad_post_feature_position":"","_kad_post_header":false,"_kad_post_footer":false,"_kad_post_classname":""},"product_brand":[],"product_cat":[14905],"product_tag":[],"class_list":{"0":"post-117563","1":"product","2":"type-product","3":"status-publish","4":"has-post-thumbnail","6":"product_cat-projeksiyon-projeksiyon","8":"first","9":"instock","10":"purchasable","11":"product-type-simple","12":"entry","13":"content-bg","14":"loop-entry"},"_links":{"self":[{"href":"https:\/\/www.hediyepazar.com\/index.php?rest_route=\/wp\/v2\/product\/117563","targetHints":{"allow":["GET"]}}],"collection":[{"href":"https:\/\/www.hediyepazar.com\/index.php?rest_route=\/wp\/v2\/product"}],"about":[{"href":"https:\/\/www.hediyepazar.com\/index.php?rest_route=\/wp\/v2\/types\/product"}],"replies":[{"embeddable":true,"href":"https:\/\/www.hediyepazar.com\/index.php?rest_route=%2Fwp%2Fv2%2Fcomments&post=117563"}],"wp:featuredmedia":[{"embeddable":true,"href":"https:\/\/www.hediyepazar.com\/index.php?rest_route=\/wp\/v2\/media\/117562"}],"wp:attachment":[{"href":"https:\/\/www.hediyepazar.com\/index.php?rest_route=%2Fwp%2Fv2%2Fmedia&parent=117563"}],"wp:term":[{"taxonomy":"product_brand","embeddable":true,"href":"https:\/\/www.hediyepazar.com\/index.php?rest_route=%2Fwp%2Fv2%2Fproduct_brand&post=117563"},{"taxonomy":"product_cat","embeddable":true,"href":"https:\/\/www.hediyepazar.com\/index.php?rest_route=%2Fwp%2Fv2%2Fproduct_cat&post=117563"},{"taxonomy":"product_tag","embeddable":true,"href":"https:\/\/www.hediyepazar.com\/index.php?rest_route=%2Fwp%2Fv2%2Fproduct_tag&post=117563"}],"curies":[{"name":"wp","href":"https:\/\/api.w.org\/{rel}","templated":true}]}}