{"id":117565,"date":"2026-05-05T20:15:07","date_gmt":"2026-05-05T23:15:07","guid":{"rendered":"https:\/\/www.hediyepazar.com\/?product=android-sistemli-mini-projektor-uygulama-destekli-akilli-kullanim"},"modified":"2026-05-05T20:15:07","modified_gmt":"2026-05-05T23:15:07","slug":"android-sistemli-mini-projektor-uygulama-destekli-akilli-kullanim","status":"publish","type":"product","link":"https:\/\/www.hediyepazar.com\/?product=android-sistemli-mini-projektor-uygulama-destekli-akilli-kullanim","title":{"rendered":"Android Sistemli Mini Projekt\u00f6r \u2013 Uygulama Destekli Ak\u0131ll\u0131 Kullan\u0131m"},"content":{"rendered":"<p>Bu projekt\u00f6r, entegre Android i\u015fletim sistemi ile klasik cihazlardan ayr\u0131l\u0131r. Play Store \u00fczerinden uygulama indirme, video platformlar\u0131na eri\u015fim, medya oynatma gibi i\u015flevleri do\u011frudan cihaz \u00fczerinden ger\u00e7ekle\u015ftirebilirsiniz.YouTube, Netflix, VLC gibi platformlar\u0131 harici cihaza gerek kalmadan kullanabilir, favori i\u00e7eriklerinizi kablosuz \u015fekilde yans\u0131tabilirsiniz. Bu, \u00f6zellikle k\u00fc\u00e7\u00fck alanlarda ve mobil kullan\u0131mda b\u00fcy\u00fck avantaj sa\u011flar.1 GB RAM ve 32 GB dahili haf\u0131za sayesinde uygulamalar ak\u0131c\u0131 \u015fekilde \u00e7al\u0131\u015f\u0131r, video oynatma ve gezinme s\u0131ras\u0131nda tak\u0131lma ya\u015fanmaz. Haf\u0131za sayesinde film ve belgelerinizi direkt cihazda depolayabilir, internet ba\u011flant\u0131s\u0131 olmadan da g\u00f6r\u00fcnt\u00fc oynatabilirsiniz.Kullan\u0131m\u0131 kolay aray\u00fcz, Android cihazlara al\u0131\u015f\u0131k olan herkes i\u00e7in tan\u0131d\u0131k bir deneyim sunar. Bluetooth deste\u011fi sayesinde klavye, hoparl\u00f6r veya gamepad gibi harici donan\u0131mlar\u0131 kolayca ba\u011flayabilir, projekt\u00f6r\u00fc interaktif hale getirebilirsiniz.Ak\u0131ll\u0131 \u00f6zellikleri sayesinde sadece bir projekt\u00f6r de\u011fil, ayn\u0131 zamanda ta\u015f\u0131nabilir bir medya merkezi i\u015flevi g\u00f6r\u00fcr.<\/p>\n","protected":false},"excerpt":{"rendered":"<p>Bu projekt\u00f6r, entegre Android i\u015fletim sistemi ile klasik cihazlardan ayr\u0131l\u0131r. Play Store \u00fczerinden uygulama indirme, video platformlar\u0131na eri\u015fim, medya oynatma gibi i\u015flevleri do\u011frudan cihaz \u00fczerinden ger\u00e7ekle\u015ftirebilirsiniz.YouTube, Netflix, VLC gibi platformlar\u0131 harici cihaza gerek kalmadan kullanabilir, favori i\u00e7eriklerinizi kablosuz \u015fekilde yans\u0131tabilirsiniz. Bu, \u00f6zellikle k\u00fc\u00e7\u00fck alanlarda ve mobil kullan\u0131mda b\u00fcy\u00fck avantaj sa\u011flar.1 GB RAM ve 32 GB&#8230;<\/p>\n","protected":false},"featured_media":117564,"comment_status":"open","ping_status":"closed","template":"","meta":{"_kad_post_transparent":"","_kad_post_title":"","_kad_post_layout":"","_kad_post_sidebar_id":"","_kad_post_content_style":"","_kad_post_vertical_padding":"","_kad_post_feature":"","_kad_post_feature_position":"","_kad_post_header":false,"_kad_post_footer":false,"_kad_post_classname":""},"product_brand":[],"product_cat":[14905],"product_tag":[],"class_list":{"0":"post-117565","1":"product","2":"type-product","3":"status-publish","4":"has-post-thumbnail","6":"product_cat-projeksiyon-projeksiyon","8":"first","9":"instock","10":"purchasable","11":"product-type-simple","12":"entry","13":"content-bg","14":"loop-entry"},"_links":{"self":[{"href":"https:\/\/www.hediyepazar.com\/index.php?rest_route=\/wp\/v2\/product\/117565","targetHints":{"allow":["GET"]}}],"collection":[{"href":"https:\/\/www.hediyepazar.com\/index.php?rest_route=\/wp\/v2\/product"}],"about":[{"href":"https:\/\/www.hediyepazar.com\/index.php?rest_route=\/wp\/v2\/types\/product"}],"replies":[{"embeddable":true,"href":"https:\/\/www.hediyepazar.com\/index.php?rest_route=%2Fwp%2Fv2%2Fcomments&post=117565"}],"wp:featuredmedia":[{"embeddable":true,"href":"https:\/\/www.hediyepazar.com\/index.php?rest_route=\/wp\/v2\/media\/117564"}],"wp:attachment":[{"href":"https:\/\/www.hediyepazar.com\/index.php?rest_route=%2Fwp%2Fv2%2Fmedia&parent=117565"}],"wp:term":[{"taxonomy":"product_brand","embeddable":true,"href":"https:\/\/www.hediyepazar.com\/index.php?rest_route=%2Fwp%2Fv2%2Fproduct_brand&post=117565"},{"taxonomy":"product_cat","embeddable":true,"href":"https:\/\/www.hediyepazar.com\/index.php?rest_route=%2Fwp%2Fv2%2Fproduct_cat&post=117565"},{"taxonomy":"product_tag","embeddable":true,"href":"https:\/\/www.hediyepazar.com\/index.php?rest_route=%2Fwp%2Fv2%2Fproduct_tag&post=117565"}],"curies":[{"name":"wp","href":"https:\/\/api.w.org\/{rel}","templated":true}]}}