{"id":117569,"date":"2026-05-05T20:15:15","date_gmt":"2026-05-05T23:15:15","guid":{"rendered":"https:\/\/www.hediyepazar.com\/?product=ultra-hd-cozunurluklu-tasinabilir-projektor-1920x1080-piksel-goruntu-kalitesi"},"modified":"2026-05-05T20:15:15","modified_gmt":"2026-05-05T23:15:15","slug":"ultra-hd-cozunurluklu-tasinabilir-projektor-1920x1080-piksel-goruntu-kalitesi","status":"publish","type":"product","link":"https:\/\/www.hediyepazar.com\/?product=ultra-hd-cozunurluklu-tasinabilir-projektor-1920x1080-piksel-goruntu-kalitesi","title":{"rendered":"Ultra HD \u00c7\u00f6z\u00fcn\u00fcrl\u00fckl\u00fc Ta\u015f\u0131nabilir Projekt\u00f6r \u2013 1920&#215;1080 Piksel G\u00f6r\u00fcnt\u00fc Kalitesi"},"content":{"rendered":"<p>Bu kompakt projekt\u00f6r, sahip oldu\u011fu 1920&#215;1080 piksel Ultra HD \u00e7\u00f6z\u00fcn\u00fcrl\u00fck ile ev sinemas\u0131 deneyimini yeni bir seviyeye ta\u015f\u0131r. K\u00fc\u00e7\u00fck boyutuna ra\u011fmen sundu\u011fu canl\u0131 ve keskin g\u00f6r\u00fcnt\u00fcler sayesinde ister evde, ister toplant\u0131 odas\u0131nda, isterseniz a\u00e7\u0131k havada rahatl\u0131kla kullan\u0131labilir.G\u00f6r\u00fcnt\u00fclerdeki renk doygunlu\u011fu ve netlik seviyesi olduk\u00e7a tatmin edicidir. Bu sayede video izlerken ya da sunum yaparken detaylar daha belirgin ve keyifli hale gelir. Yakla\u015f\u0131k 1 metre mesafeden 50 in\u00e7 ekran kalitesi sunarak televizyon boyutunda bir g\u00f6r\u00fcnt\u00fc sa\u011flar.\u0130ster duvara yans\u0131t\u0131n ister perde kullan\u0131n, projekt\u00f6r\u00fcn g\u00fc\u00e7l\u00fc g\u00f6r\u00fcnt\u00fc performans\u0131 d\u00fc\u015f\u00fck \u0131\u015f\u0131kl\u0131 ortamlarda bile \u00fcst\u00fcn deneyim sa\u011flar. Hafif ve ta\u015f\u0131nabilir yap\u0131s\u0131 sayesinde seyahatlerde yan\u0131n\u0131za alabilir, kablo derdi ya\u015famadan her ortam\u0131 sinema salonuna \u00e7evirebilirsiniz.Dahili fan sistemi cihaz\u0131n uzun s\u00fcre \u00e7al\u0131\u015fmas\u0131nda a\u015f\u0131r\u0131 \u0131s\u0131nmay\u0131 engeller. Bu da hem cihaz \u00f6mr\u00fcn\u00fc uzat\u0131r hem de kesintisiz izleme keyfi sunar.<\/p>\n","protected":false},"excerpt":{"rendered":"<p>Bu kompakt projekt\u00f6r, sahip oldu\u011fu 1920&#215;1080 piksel Ultra HD \u00e7\u00f6z\u00fcn\u00fcrl\u00fck ile ev sinemas\u0131 deneyimini yeni bir seviyeye ta\u015f\u0131r. K\u00fc\u00e7\u00fck boyutuna ra\u011fmen sundu\u011fu canl\u0131 ve keskin g\u00f6r\u00fcnt\u00fcler sayesinde ister evde, ister toplant\u0131 odas\u0131nda, isterseniz a\u00e7\u0131k havada rahatl\u0131kla kullan\u0131labilir.G\u00f6r\u00fcnt\u00fclerdeki renk doygunlu\u011fu ve netlik seviyesi olduk\u00e7a tatmin edicidir. Bu sayede video izlerken ya da sunum yaparken detaylar daha&#8230;<\/p>\n","protected":false},"featured_media":117568,"comment_status":"open","ping_status":"closed","template":"","meta":{"_kad_post_transparent":"","_kad_post_title":"","_kad_post_layout":"","_kad_post_sidebar_id":"","_kad_post_content_style":"","_kad_post_vertical_padding":"","_kad_post_feature":"","_kad_post_feature_position":"","_kad_post_header":false,"_kad_post_footer":false,"_kad_post_classname":""},"product_brand":[],"product_cat":[14905],"product_tag":[],"class_list":{"0":"post-117569","1":"product","2":"type-product","3":"status-publish","4":"has-post-thumbnail","6":"product_cat-projeksiyon-projeksiyon","8":"first","9":"instock","10":"purchasable","11":"product-type-simple","12":"entry","13":"content-bg","14":"loop-entry"},"_links":{"self":[{"href":"https:\/\/www.hediyepazar.com\/index.php?rest_route=\/wp\/v2\/product\/117569","targetHints":{"allow":["GET"]}}],"collection":[{"href":"https:\/\/www.hediyepazar.com\/index.php?rest_route=\/wp\/v2\/product"}],"about":[{"href":"https:\/\/www.hediyepazar.com\/index.php?rest_route=\/wp\/v2\/types\/product"}],"replies":[{"embeddable":true,"href":"https:\/\/www.hediyepazar.com\/index.php?rest_route=%2Fwp%2Fv2%2Fcomments&post=117569"}],"wp:featuredmedia":[{"embeddable":true,"href":"https:\/\/www.hediyepazar.com\/index.php?rest_route=\/wp\/v2\/media\/117568"}],"wp:attachment":[{"href":"https:\/\/www.hediyepazar.com\/index.php?rest_route=%2Fwp%2Fv2%2Fmedia&parent=117569"}],"wp:term":[{"taxonomy":"product_brand","embeddable":true,"href":"https:\/\/www.hediyepazar.com\/index.php?rest_route=%2Fwp%2Fv2%2Fproduct_brand&post=117569"},{"taxonomy":"product_cat","embeddable":true,"href":"https:\/\/www.hediyepazar.com\/index.php?rest_route=%2Fwp%2Fv2%2Fproduct_cat&post=117569"},{"taxonomy":"product_tag","embeddable":true,"href":"https:\/\/www.hediyepazar.com\/index.php?rest_route=%2Fwp%2Fv2%2Fproduct_tag&post=117569"}],"curies":[{"name":"wp","href":"https:\/\/api.w.org\/{rel}","templated":true}]}}