{"id":117573,"date":"2026-05-05T20:16:56","date_gmt":"2026-05-05T23:16:56","guid":{"rendered":"https:\/\/www.hediyepazar.com\/?product=cilt-dostu-isik-teknolojili-kurutucu-guvenli-ve-konforlu-kullanim"},"modified":"2026-05-05T20:16:56","modified_gmt":"2026-05-05T23:16:56","slug":"cilt-dostu-isik-teknolojili-kurutucu-guvenli-ve-konforlu-kullanim","status":"publish","type":"product","link":"https:\/\/www.hediyepazar.com\/?product=cilt-dostu-isik-teknolojili-kurutucu-guvenli-ve-konforlu-kullanim","title":{"rendered":"Cilt Dostu I\u015f\u0131k Teknolojili Kurutucu \u2013 G\u00fcvenli ve Konforlu Kullan\u0131m"},"content":{"rendered":"<p>Bu \u00fcr\u00fcn, t\u0131rnak kurutma i\u015flemini g\u00fcvenli hale getirmek i\u00e7in cilt dostu \u0131\u015f\u0131k teknolojisi ile \u00fcretilmi\u015ftir. \u00c7ift dalga boyuna sahip \u0131\u015f\u0131k sistemi (365-405 nm), hem etkili kurutma sa\u011flar hem de cilde ve g\u00f6zlere zarar vermez. Siyah tenli kullan\u0131c\u0131lar i\u00e7in de renk de\u011fi\u015fimi ya da \u0131\u015f\u0131k hassasiyeti riski olmadan kullan\u0131labilir.Yaln\u0131zca 3 adet UVLED boncuk ile \u00e7al\u0131\u015fan bu cihaz, k\u00fc\u00e7\u00fck yap\u0131s\u0131na ra\u011fmen b\u00fcy\u00fck performans sunar. Ojeyi 30 saniye gibi k\u0131sa s\u00fcrede sabitleyerek zamandan tasarruf etmenizi sa\u011flar. Ayr\u0131ca LED jel, UV jel, yap\u0131land\u0131rma jeli gibi \u00e7e\u015fitli malzemelerle tam uyumludur.Kullan\u0131m\u0131 son derece basittir: cihaz\u0131 USB ile bir g\u00fc\u00e7 kayna\u011f\u0131na ba\u011flay\u0131n, ojeyi uygulay\u0131n ve \u0131\u015f\u0131k alt\u0131nda bekletin. Kurutma i\u015flemi otomatik olarak ger\u00e7ekle\u015fir, herhangi bir butona ihtiya\u00e7 duymazs\u0131n\u0131z.Kompakt yap\u0131s\u0131yla ev, ofis, seyahat ya da acil durum \u00e7antalar\u0131nda yer bulur. Sa\u011fl\u0131\u011fa zarars\u0131z yap\u0131s\u0131 ve h\u0131zl\u0131 performans\u0131 ile t\u0131rnak bak\u0131m\u0131na \u00f6zen g\u00f6steren herkesin kullanabilece\u011fi pratik bir \u00e7\u00f6z\u00fcmd\u00fcr.<\/p>\n","protected":false},"excerpt":{"rendered":"<p>Bu \u00fcr\u00fcn, t\u0131rnak kurutma i\u015flemini g\u00fcvenli hale getirmek i\u00e7in cilt dostu \u0131\u015f\u0131k teknolojisi ile \u00fcretilmi\u015ftir. \u00c7ift dalga boyuna sahip \u0131\u015f\u0131k sistemi (365-405 nm), hem etkili kurutma sa\u011flar hem de cilde ve g\u00f6zlere zarar vermez. Siyah tenli kullan\u0131c\u0131lar i\u00e7in de renk de\u011fi\u015fimi ya da \u0131\u015f\u0131k hassasiyeti riski olmadan kullan\u0131labilir.Yaln\u0131zca 3 adet UVLED boncuk ile \u00e7al\u0131\u015fan bu&#8230;<\/p>\n","protected":false},"featured_media":117572,"comment_status":"open","ping_status":"closed","template":"","meta":{"_kad_post_transparent":"","_kad_post_title":"","_kad_post_layout":"","_kad_post_sidebar_id":"","_kad_post_content_style":"","_kad_post_vertical_padding":"","_kad_post_feature":"","_kad_post_feature_position":"","_kad_post_header":false,"_kad_post_footer":false,"_kad_post_classname":""},"product_brand":[],"product_cat":[15044],"product_tag":[],"class_list":{"0":"post-117573","1":"product","2":"type-product","3":"status-publish","4":"has-post-thumbnail","6":"product_cat-oje-kurutucu-oje-kurutucu","8":"first","9":"instock","10":"purchasable","11":"product-type-simple","12":"entry","13":"content-bg","14":"loop-entry"},"_links":{"self":[{"href":"https:\/\/www.hediyepazar.com\/index.php?rest_route=\/wp\/v2\/product\/117573","targetHints":{"allow":["GET"]}}],"collection":[{"href":"https:\/\/www.hediyepazar.com\/index.php?rest_route=\/wp\/v2\/product"}],"about":[{"href":"https:\/\/www.hediyepazar.com\/index.php?rest_route=\/wp\/v2\/types\/product"}],"replies":[{"embeddable":true,"href":"https:\/\/www.hediyepazar.com\/index.php?rest_route=%2Fwp%2Fv2%2Fcomments&post=117573"}],"wp:featuredmedia":[{"embeddable":true,"href":"https:\/\/www.hediyepazar.com\/index.php?rest_route=\/wp\/v2\/media\/117572"}],"wp:attachment":[{"href":"https:\/\/www.hediyepazar.com\/index.php?rest_route=%2Fwp%2Fv2%2Fmedia&parent=117573"}],"wp:term":[{"taxonomy":"product_brand","embeddable":true,"href":"https:\/\/www.hediyepazar.com\/index.php?rest_route=%2Fwp%2Fv2%2Fproduct_brand&post=117573"},{"taxonomy":"product_cat","embeddable":true,"href":"https:\/\/www.hediyepazar.com\/index.php?rest_route=%2Fwp%2Fv2%2Fproduct_cat&post=117573"},{"taxonomy":"product_tag","embeddable":true,"href":"https:\/\/www.hediyepazar.com\/index.php?rest_route=%2Fwp%2Fv2%2Fproduct_tag&post=117573"}],"curies":[{"name":"wp","href":"https:\/\/api.w.org\/{rel}","templated":true}]}}