{"id":117579,"date":"2026-05-05T20:17:11","date_gmt":"2026-05-05T23:17:11","guid":{"rendered":"https:\/\/www.hediyepazar.com\/?product=usb-baglantili-tirnak-kurutucu-bilgisayar-ve-powerbank-ile-uyumlu"},"modified":"2026-05-05T20:17:11","modified_gmt":"2026-05-05T23:17:11","slug":"usb-baglantili-tirnak-kurutucu-bilgisayar-ve-powerbank-ile-uyumlu","status":"publish","type":"product","link":"https:\/\/www.hediyepazar.com\/?product=usb-baglantili-tirnak-kurutucu-bilgisayar-ve-powerbank-ile-uyumlu","title":{"rendered":"USB Ba\u011flant\u0131l\u0131 T\u0131rnak Kurutucu \u2013 Bilgisayar ve Powerbank ile Uyumlu"},"content":{"rendered":"<p>G\u00fcnl\u00fck bak\u0131m rutinlerinizi kolayla\u015ft\u0131rmak i\u00e7in tasarlanan bu mini t\u0131rnak kurutucu, USB ba\u011flant\u0131 deste\u011fi ile her ortamda pratik \u015fekilde kullan\u0131labilir. Bilgisayara, ta\u015f\u0131nabilir \u015farj cihaz\u0131na veya duvar adapt\u00f6r\u00fcne kolayca ba\u011flanarak \u00e7al\u0131\u015f\u0131r; ekstra adapt\u00f6r ta\u015f\u0131man\u0131za gerek kalmaz.Kompakt boyutu sayesinde seyahatlerde yan\u0131n\u0131zda ta\u015f\u0131mak i\u00e7in idealdir. K\u00fc\u00e7\u00fck olmas\u0131na ra\u011fmen 3 adet y\u00fcksek g\u00fc\u00e7l\u00fc UVLED boncuk i\u00e7erir. Bu boncuklar, 45 derecelik a\u00e7\u0131larla yerle\u015ftirilmi\u015f olup, t\u0131rnak y\u00fczeyine homojen \u015fekilde \u0131\u015f\u0131k yayar. B\u00f6ylece ojeniz h\u0131zl\u0131ca kurur, jel sabitlenir ve p\u00fcr\u00fczs\u00fcz bir y\u00fczey elde edilir.Cihaz, \u00e7ift dalga boyu teknolojisi (365-405 nm) ile \u00e7al\u0131\u015f\u0131r. UV jel, uzatma jeli ve LED jel gibi farkl\u0131 \u00fcr\u00fcnleri kurutmak i\u00e7in uygundur. Ayr\u0131ca bu \u0131\u015f\u0131k aral\u0131\u011f\u0131, g\u00f6z ve cilt sa\u011fl\u0131\u011f\u0131na zarar vermeyecek \u015fekilde tasarlanm\u0131\u015ft\u0131r. Cilt rengine duyarl\u0131, nazik bir kurutma deneyimi sunar.Tak-\u00e7al\u0131\u015ft\u0131r \u00f6zelli\u011fi sayesinde kullan\u0131m\u0131 olduk\u00e7a kolayd\u0131r. \u015earj etme veya pil de\u011fi\u015ftirme derdi olmadan an\u0131nda \u00e7al\u0131\u015ft\u0131r\u0131labilir. Kurutma s\u00fcresi \u00fcr\u00fcn t\u00fcr\u00fcne g\u00f6re de\u011fi\u015fmekle birlikte genellikle 30 saniye gibi k\u0131sa bir s\u00fcre i\u00e7inde sonu\u00e7 verir.Kablolu ama mobil bir \u00e7\u00f6z\u00fcm arayanlar i\u00e7in bu \u00fcr\u00fcn hem i\u015flevsel hem de estetik a\u00e7\u0131dan beklentileri kar\u015f\u0131lar.<\/p>\n","protected":false},"excerpt":{"rendered":"<p>G\u00fcnl\u00fck bak\u0131m rutinlerinizi kolayla\u015ft\u0131rmak i\u00e7in tasarlanan bu mini t\u0131rnak kurutucu, USB ba\u011flant\u0131 deste\u011fi ile her ortamda pratik \u015fekilde kullan\u0131labilir. Bilgisayara, ta\u015f\u0131nabilir \u015farj cihaz\u0131na veya duvar adapt\u00f6r\u00fcne kolayca ba\u011flanarak \u00e7al\u0131\u015f\u0131r; ekstra adapt\u00f6r ta\u015f\u0131man\u0131za gerek kalmaz.Kompakt boyutu sayesinde seyahatlerde yan\u0131n\u0131zda ta\u015f\u0131mak i\u00e7in idealdir. K\u00fc\u00e7\u00fck olmas\u0131na ra\u011fmen 3 adet y\u00fcksek g\u00fc\u00e7l\u00fc UVLED boncuk i\u00e7erir. Bu boncuklar, 45 derecelik&#8230;<\/p>\n","protected":false},"featured_media":117578,"comment_status":"open","ping_status":"closed","template":"","meta":{"_kad_post_transparent":"","_kad_post_title":"","_kad_post_layout":"","_kad_post_sidebar_id":"","_kad_post_content_style":"","_kad_post_vertical_padding":"","_kad_post_feature":"","_kad_post_feature_position":"","_kad_post_header":false,"_kad_post_footer":false,"_kad_post_classname":""},"product_brand":[],"product_cat":[15044],"product_tag":[],"class_list":{"0":"post-117579","1":"product","2":"type-product","3":"status-publish","4":"has-post-thumbnail","6":"product_cat-oje-kurutucu-oje-kurutucu","8":"first","9":"instock","10":"purchasable","11":"product-type-simple","12":"entry","13":"content-bg","14":"loop-entry"},"_links":{"self":[{"href":"https:\/\/www.hediyepazar.com\/index.php?rest_route=\/wp\/v2\/product\/117579","targetHints":{"allow":["GET"]}}],"collection":[{"href":"https:\/\/www.hediyepazar.com\/index.php?rest_route=\/wp\/v2\/product"}],"about":[{"href":"https:\/\/www.hediyepazar.com\/index.php?rest_route=\/wp\/v2\/types\/product"}],"replies":[{"embeddable":true,"href":"https:\/\/www.hediyepazar.com\/index.php?rest_route=%2Fwp%2Fv2%2Fcomments&post=117579"}],"wp:featuredmedia":[{"embeddable":true,"href":"https:\/\/www.hediyepazar.com\/index.php?rest_route=\/wp\/v2\/media\/117578"}],"wp:attachment":[{"href":"https:\/\/www.hediyepazar.com\/index.php?rest_route=%2Fwp%2Fv2%2Fmedia&parent=117579"}],"wp:term":[{"taxonomy":"product_brand","embeddable":true,"href":"https:\/\/www.hediyepazar.com\/index.php?rest_route=%2Fwp%2Fv2%2Fproduct_brand&post=117579"},{"taxonomy":"product_cat","embeddable":true,"href":"https:\/\/www.hediyepazar.com\/index.php?rest_route=%2Fwp%2Fv2%2Fproduct_cat&post=117579"},{"taxonomy":"product_tag","embeddable":true,"href":"https:\/\/www.hediyepazar.com\/index.php?rest_route=%2Fwp%2Fv2%2Fproduct_tag&post=117579"}],"curies":[{"name":"wp","href":"https:\/\/api.w.org\/{rel}","templated":true}]}}