{"id":117581,"date":"2026-05-05T20:17:16","date_gmt":"2026-05-05T23:17:16","guid":{"rendered":"https:\/\/www.hediyepazar.com\/?product=mini-tirnak-kurutucu-hizli-kurutma-icin-uvled-isik-teknolojisi"},"modified":"2026-05-05T20:17:16","modified_gmt":"2026-05-05T23:17:16","slug":"mini-tirnak-kurutucu-hizli-kurutma-icin-uvled-isik-teknolojisi","status":"publish","type":"product","link":"https:\/\/www.hediyepazar.com\/?product=mini-tirnak-kurutucu-hizli-kurutma-icin-uvled-isik-teknolojisi","title":{"rendered":"Mini T\u0131rnak Kurutucu \u2013 H\u0131zl\u0131 Kurutma \u0130\u00e7in UVLED I\u015f\u0131k Teknolojisi"},"content":{"rendered":"<p>Bu kompakt t\u0131rnak kurutucu, g\u00fc\u00e7l\u00fc UVLED \u0131\u015f\u0131k teknolojisi sayesinde oje ve jelleri saniyeler i\u00e7inde kurutarak size hem zaman kazand\u0131r\u0131r hem de daha profesyonel bir t\u0131rnak g\u00f6r\u00fcn\u00fcm\u00fc sunar. K\u00fc\u00e7\u00fck boyutuna ra\u011fmen y\u00fcksek verimlilik sa\u011flayan bu cihaz, t\u0131rnak bak\u0131m s\u00fcrecinizi h\u0131zland\u0131rmak ve kolayla\u015ft\u0131rmak i\u00e7in geli\u015ftirilmi\u015ftir.Cihaz i\u00e7erisinde 3 adet UVLED boncuk bulunur ve bu boncuklar 45 derece a\u00e7\u0131yla yerle\u015ftirilmi\u015ftir. Bu yerle\u015fim, t\u0131rnak y\u00fczeyine e\u015fit \u0131\u015f\u0131k yay\u0131lmas\u0131n\u0131 sa\u011flar ve kurutma s\u00fcresini minimuma indirir. \u00d6zellikle UV jel, LED jel ve uzatma jeli gibi farkl\u0131 t\u00fcrdeki t\u0131rnak \u00fcr\u00fcnleriyle uyumlu \u00e7al\u0131\u015f\u0131r. Yakla\u015f\u0131k 30 saniye i\u00e7inde tam kuruma sa\u011flayabilir.\u00c7ift \u0131\u015f\u0131k kayna\u011f\u0131 sistemiyle \u00e7al\u0131\u015fan bu cihaz, 365-405 nm dalga boyu aral\u0131\u011f\u0131nda \u0131\u015f\u0131k yayar. Bu dalga boyu, t\u0131rnak \u00fcr\u00fcnlerinin etkili ve g\u00fcvenli \u015fekilde kurumas\u0131n\u0131 sa\u011flarken, ayn\u0131 zamanda g\u00f6z ve cilt sa\u011fl\u0131\u011f\u0131na zarar vermez. Siyah tenli kullan\u0131c\u0131lar i\u00e7in de g\u00fcvenle kullan\u0131labilir.Cihaz, USB ba\u011flant\u0131 deste\u011fi ile kolayca \u00e7al\u0131\u015ft\u0131r\u0131l\u0131r. \u0130ster bilgisayar, ister powerbank, ister standart bir \u015farj cihaz\u0131 kullan\u0131n; d\u00fc\u015f\u00fck enerji t\u00fcketimiyle pratik bir kullan\u0131m sunar. Evde, seyahatte veya ofiste rahatl\u0131kla ta\u015f\u0131nabilir.G\u00fcnl\u00fck kullan\u0131m i\u00e7in ideal olan bu mini kurutucu, h\u0131zl\u0131 sonu\u00e7lar almak isteyen herkesin bak\u0131m rutininin vazge\u00e7ilmez bir par\u00e7as\u0131 haline gelir.<\/p>\n","protected":false},"excerpt":{"rendered":"<p>Bu kompakt t\u0131rnak kurutucu, g\u00fc\u00e7l\u00fc UVLED \u0131\u015f\u0131k teknolojisi sayesinde oje ve jelleri saniyeler i\u00e7inde kurutarak size hem zaman kazand\u0131r\u0131r hem de daha profesyonel bir t\u0131rnak g\u00f6r\u00fcn\u00fcm\u00fc sunar. K\u00fc\u00e7\u00fck boyutuna ra\u011fmen y\u00fcksek verimlilik sa\u011flayan bu cihaz, t\u0131rnak bak\u0131m s\u00fcrecinizi h\u0131zland\u0131rmak ve kolayla\u015ft\u0131rmak i\u00e7in geli\u015ftirilmi\u015ftir.Cihaz i\u00e7erisinde 3 adet UVLED boncuk bulunur ve bu boncuklar 45 derece a\u00e7\u0131yla&#8230;<\/p>\n","protected":false},"featured_media":117580,"comment_status":"open","ping_status":"closed","template":"","meta":{"_kad_post_transparent":"","_kad_post_title":"","_kad_post_layout":"","_kad_post_sidebar_id":"","_kad_post_content_style":"","_kad_post_vertical_padding":"","_kad_post_feature":"","_kad_post_feature_position":"","_kad_post_header":false,"_kad_post_footer":false,"_kad_post_classname":""},"product_brand":[],"product_cat":[15044],"product_tag":[],"class_list":{"0":"post-117581","1":"product","2":"type-product","3":"status-publish","4":"has-post-thumbnail","6":"product_cat-oje-kurutucu-oje-kurutucu","8":"first","9":"instock","10":"purchasable","11":"product-type-simple","12":"entry","13":"content-bg","14":"loop-entry"},"_links":{"self":[{"href":"https:\/\/www.hediyepazar.com\/index.php?rest_route=\/wp\/v2\/product\/117581","targetHints":{"allow":["GET"]}}],"collection":[{"href":"https:\/\/www.hediyepazar.com\/index.php?rest_route=\/wp\/v2\/product"}],"about":[{"href":"https:\/\/www.hediyepazar.com\/index.php?rest_route=\/wp\/v2\/types\/product"}],"replies":[{"embeddable":true,"href":"https:\/\/www.hediyepazar.com\/index.php?rest_route=%2Fwp%2Fv2%2Fcomments&post=117581"}],"wp:featuredmedia":[{"embeddable":true,"href":"https:\/\/www.hediyepazar.com\/index.php?rest_route=\/wp\/v2\/media\/117580"}],"wp:attachment":[{"href":"https:\/\/www.hediyepazar.com\/index.php?rest_route=%2Fwp%2Fv2%2Fmedia&parent=117581"}],"wp:term":[{"taxonomy":"product_brand","embeddable":true,"href":"https:\/\/www.hediyepazar.com\/index.php?rest_route=%2Fwp%2Fv2%2Fproduct_brand&post=117581"},{"taxonomy":"product_cat","embeddable":true,"href":"https:\/\/www.hediyepazar.com\/index.php?rest_route=%2Fwp%2Fv2%2Fproduct_cat&post=117581"},{"taxonomy":"product_tag","embeddable":true,"href":"https:\/\/www.hediyepazar.com\/index.php?rest_route=%2Fwp%2Fv2%2Fproduct_tag&post=117581"}],"curies":[{"name":"wp","href":"https:\/\/api.w.org\/{rel}","templated":true}]}}