{"id":117583,"date":"2026-05-05T20:17:56","date_gmt":"2026-05-05T23:17:56","guid":{"rendered":"https:\/\/www.hediyepazar.com\/?product=uzun-pil-omurlu-oyun-kolu-usb-ile-hizli-sarj-destegi"},"modified":"2026-05-05T20:17:56","modified_gmt":"2026-05-05T23:17:56","slug":"uzun-pil-omurlu-oyun-kolu-usb-ile-hizli-sarj-destegi","status":"publish","type":"product","link":"https:\/\/www.hediyepazar.com\/?product=uzun-pil-omurlu-oyun-kolu-usb-ile-hizli-sarj-destegi","title":{"rendered":"Uzun Pil \u00d6m\u00fcrl\u00fc Oyun Kolu \u2013 USB ile H\u0131zl\u0131 \u015earj Deste\u011fi"},"content":{"rendered":"<p>Bu oyun kolu, uzun s\u00fcre dayanan bataryas\u0131 ve USB \u00fczerinden h\u0131zl\u0131 \u015farj edilebilme \u00f6zelli\u011fiyle kesintisiz oyun keyfi sunar. Tam \u015farj ile saatlerce kullan\u0131labilir, bu da \u00f6zellikle uzun s\u00fcreli oyun oturumlar\u0131nda pil bitme endi\u015fesini ortadan kald\u0131r\u0131r.USB ba\u011flant\u0131s\u0131 ile k\u0131sa s\u00fcrede tam kapasiteye ula\u015f\u0131r. B\u00f6ylece \u015farj s\u00fcresini minimumda tutarak oyuna daha fazla zaman ay\u0131rabilirsiniz. Ayr\u0131ca kablolu kullan\u0131m i\u00e7in de destek sunarak, \u015farj esnas\u0131nda da oynamaya devam etmenize imk\u00e2n tan\u0131r.Batarya verimlili\u011fi kadar cihaz\u0131n ergonomik yap\u0131s\u0131 da dikkat \u00e7eker. Hafif yap\u0131s\u0131 sayesinde elde yorgunluk yapmaz, kavisli tasar\u0131m\u0131 ile avuca tam oturur. T\u00fcm tu\u015flara kolay eri\u015fim sa\u011flayan d\u00fczeni ile her ya\u015ftan kullan\u0131c\u0131ya uygundur.Cihaz ayr\u0131ca dokunmatik panel, titre\u015fim motorlar\u0131, LED g\u00f6stergeler ve kulakl\u0131k\/hoparl\u00f6r deste\u011fi gibi \u00e7ok say\u0131da geli\u015fmi\u015f \u00f6zellikle donat\u0131lm\u0131\u015ft\u0131r. Bu kombinasyon, sadece konfor de\u011fil, \u00e7ok y\u00f6nl\u00fc performans da sunar.\u015earj problemi ya\u015famak istemeyen oyuncular i\u00e7in bu oyun kolu g\u00fcvenilir bir se\u00e7enektir.<\/p>\n","protected":false},"excerpt":{"rendered":"<p>Bu oyun kolu, uzun s\u00fcre dayanan bataryas\u0131 ve USB \u00fczerinden h\u0131zl\u0131 \u015farj edilebilme \u00f6zelli\u011fiyle kesintisiz oyun keyfi sunar. Tam \u015farj ile saatlerce kullan\u0131labilir, bu da \u00f6zellikle uzun s\u00fcreli oyun oturumlar\u0131nda pil bitme endi\u015fesini ortadan kald\u0131r\u0131r.USB ba\u011flant\u0131s\u0131 ile k\u0131sa s\u00fcrede tam kapasiteye ula\u015f\u0131r. B\u00f6ylece \u015farj s\u00fcresini minimumda tutarak oyuna daha fazla zaman ay\u0131rabilirsiniz. Ayr\u0131ca kablolu kullan\u0131m&#8230;<\/p>\n","protected":false},"featured_media":117582,"comment_status":"open","ping_status":"closed","template":"","meta":{"_kad_post_transparent":"","_kad_post_title":"","_kad_post_layout":"","_kad_post_sidebar_id":"","_kad_post_content_style":"","_kad_post_vertical_padding":"","_kad_post_feature":"","_kad_post_feature_position":"","_kad_post_header":false,"_kad_post_footer":false,"_kad_post_classname":""},"product_brand":[],"product_cat":[14961],"product_tag":[],"class_list":{"0":"post-117583","1":"product","2":"type-product","3":"status-publish","4":"has-post-thumbnail","6":"product_cat-oyun-konsolu-oyun-konsolu","8":"first","9":"instock","10":"purchasable","11":"product-type-simple","12":"entry","13":"content-bg","14":"loop-entry"},"_links":{"self":[{"href":"https:\/\/www.hediyepazar.com\/index.php?rest_route=\/wp\/v2\/product\/117583","targetHints":{"allow":["GET"]}}],"collection":[{"href":"https:\/\/www.hediyepazar.com\/index.php?rest_route=\/wp\/v2\/product"}],"about":[{"href":"https:\/\/www.hediyepazar.com\/index.php?rest_route=\/wp\/v2\/types\/product"}],"replies":[{"embeddable":true,"href":"https:\/\/www.hediyepazar.com\/index.php?rest_route=%2Fwp%2Fv2%2Fcomments&post=117583"}],"wp:featuredmedia":[{"embeddable":true,"href":"https:\/\/www.hediyepazar.com\/index.php?rest_route=\/wp\/v2\/media\/117582"}],"wp:attachment":[{"href":"https:\/\/www.hediyepazar.com\/index.php?rest_route=%2Fwp%2Fv2%2Fmedia&parent=117583"}],"wp:term":[{"taxonomy":"product_brand","embeddable":true,"href":"https:\/\/www.hediyepazar.com\/index.php?rest_route=%2Fwp%2Fv2%2Fproduct_brand&post=117583"},{"taxonomy":"product_cat","embeddable":true,"href":"https:\/\/www.hediyepazar.com\/index.php?rest_route=%2Fwp%2Fv2%2Fproduct_cat&post=117583"},{"taxonomy":"product_tag","embeddable":true,"href":"https:\/\/www.hediyepazar.com\/index.php?rest_route=%2Fwp%2Fv2%2Fproduct_tag&post=117583"}],"curies":[{"name":"wp","href":"https:\/\/api.w.org\/{rel}","templated":true}]}}