{"id":117597,"date":"2026-05-05T20:18:37","date_gmt":"2026-05-05T23:18:37","guid":{"rendered":"https:\/\/www.hediyepazar.com\/?product=evde-kuafor-konforu-usb-sarjli-sac-ve-sakal-kesme-makinesi"},"modified":"2026-05-05T20:18:37","modified_gmt":"2026-05-05T23:18:37","slug":"evde-kuafor-konforu-usb-sarjli-sac-ve-sakal-kesme-makinesi","status":"publish","type":"product","link":"https:\/\/www.hediyepazar.com\/?product=evde-kuafor-konforu-usb-sarjli-sac-ve-sakal-kesme-makinesi","title":{"rendered":"Evde Kuaf\u00f6r Konforu: USB \u015earjl\u0131 Sa\u00e7 ve Sakal Kesme Makinesi"},"content":{"rendered":"<p>Farkl\u0131 sa\u00e7 ve sakal uzunluklar\u0131na g\u00f6re \u00f6zelle\u015ftirilebilir ba\u015fl\u0131klar sayesinde, bu cihaz her stil i\u00e7in uygundur. \u0130ster s\u0131f\u0131ra yak\u0131n t\u0131ra\u015f, ister uzun ve \u015fekilli kesim&#8230; Hepsi m\u00fcmk\u00fcn. Kapsaml\u0131 ba\u015fl\u0131k se\u00e7enekleri ile detayl\u0131 \u015fekillendirme ve ince d\u00fczeltmeler art\u0131k \u00e7ok daha kolay. Kendi tarz\u0131n\u0131z\u0131 yans\u0131tmak hi\u00e7 bu kadar pratik olmam\u0131\u015ft\u0131.<\/p>\n","protected":false},"excerpt":{"rendered":"<p>Farkl\u0131 sa\u00e7 ve sakal uzunluklar\u0131na g\u00f6re \u00f6zelle\u015ftirilebilir ba\u015fl\u0131klar sayesinde, bu cihaz her stil i\u00e7in uygundur. \u0130ster s\u0131f\u0131ra yak\u0131n t\u0131ra\u015f, ister uzun ve \u015fekilli kesim&#8230; Hepsi m\u00fcmk\u00fcn. Kapsaml\u0131 ba\u015fl\u0131k se\u00e7enekleri ile detayl\u0131 \u015fekillendirme ve ince d\u00fczeltmeler art\u0131k \u00e7ok daha kolay. Kendi tarz\u0131n\u0131z\u0131 yans\u0131tmak hi\u00e7 bu kadar pratik olmam\u0131\u015ft\u0131.<\/p>\n","protected":false},"featured_media":117596,"comment_status":"open","ping_status":"closed","template":"","meta":{"_kad_post_transparent":"","_kad_post_title":"","_kad_post_layout":"","_kad_post_sidebar_id":"","_kad_post_content_style":"","_kad_post_vertical_padding":"","_kad_post_feature":"","_kad_post_feature_position":"","_kad_post_header":false,"_kad_post_footer":false,"_kad_post_classname":""},"product_brand":[],"product_cat":[14925],"product_tag":[],"class_list":{"0":"post-117597","1":"product","2":"type-product","3":"status-publish","4":"has-post-thumbnail","6":"product_cat-tiras-makinesi-tiras-makinesi","8":"first","9":"instock","10":"purchasable","11":"product-type-simple","12":"entry","13":"content-bg","14":"loop-entry"},"_links":{"self":[{"href":"https:\/\/www.hediyepazar.com\/index.php?rest_route=\/wp\/v2\/product\/117597","targetHints":{"allow":["GET"]}}],"collection":[{"href":"https:\/\/www.hediyepazar.com\/index.php?rest_route=\/wp\/v2\/product"}],"about":[{"href":"https:\/\/www.hediyepazar.com\/index.php?rest_route=\/wp\/v2\/types\/product"}],"replies":[{"embeddable":true,"href":"https:\/\/www.hediyepazar.com\/index.php?rest_route=%2Fwp%2Fv2%2Fcomments&post=117597"}],"wp:featuredmedia":[{"embeddable":true,"href":"https:\/\/www.hediyepazar.com\/index.php?rest_route=\/wp\/v2\/media\/117596"}],"wp:attachment":[{"href":"https:\/\/www.hediyepazar.com\/index.php?rest_route=%2Fwp%2Fv2%2Fmedia&parent=117597"}],"wp:term":[{"taxonomy":"product_brand","embeddable":true,"href":"https:\/\/www.hediyepazar.com\/index.php?rest_route=%2Fwp%2Fv2%2Fproduct_brand&post=117597"},{"taxonomy":"product_cat","embeddable":true,"href":"https:\/\/www.hediyepazar.com\/index.php?rest_route=%2Fwp%2Fv2%2Fproduct_cat&post=117597"},{"taxonomy":"product_tag","embeddable":true,"href":"https:\/\/www.hediyepazar.com\/index.php?rest_route=%2Fwp%2Fv2%2Fproduct_tag&post=117597"}],"curies":[{"name":"wp","href":"https:\/\/api.w.org\/{rel}","templated":true}]}}