{"id":117601,"date":"2026-05-05T20:18:46","date_gmt":"2026-05-05T23:18:46","guid":{"rendered":"https:\/\/www.hediyepazar.com\/?product=hassas-bolgeler-icin-tasinabilir-tuy-duzeltici-makine"},"modified":"2026-05-05T20:18:46","modified_gmt":"2026-05-05T23:18:46","slug":"hassas-bolgeler-icin-tasinabilir-tuy-duzeltici-makine","status":"publish","type":"product","link":"https:\/\/www.hediyepazar.com\/?product=hassas-bolgeler-icin-tasinabilir-tuy-duzeltici-makine","title":{"rendered":"Hassas B\u00f6lgeler \u0130\u00e7in Ta\u015f\u0131nabilir T\u00fcy D\u00fczeltici Makine"},"content":{"rendered":"<p>Bu \u015farjl\u0131 t\u00fcy d\u00fczeltici, ula\u015f\u0131lmas\u0131 zor alanlarda bile etkili temizlik sunar. Burun ve kulak i\u00e7indeki t\u00fcyleri nazik\u00e7e temizler. Ba\u015fl\u0131\u011f\u0131 yuvarlak yap\u0131da oldu\u011fu i\u00e7in cilde zarar vermez.Sessiz motor teknolojisiyle \u00f6ne \u00e7\u0131kan cihaz, \u00f6zellikle sabah saatlerinde veya sessiz ortamlarda kullan\u0131m i\u00e7in uygundur. USB kablo ile kolay \u015farj imk\u00e2n\u0131 sunar.\u015earjl\u0131 kullan\u0131m, kablo karma\u015fas\u0131n\u0131 ortadan kald\u0131r\u0131r. K\u00fc\u00e7\u00fck boyutu sayesinde \u00e7antada ya da cebinizde bile rahat\u00e7a ta\u015f\u0131nabilir.Cihaz\u0131n ba\u015fl\u0131klar\u0131 y\u0131kanabilir \u00f6zelliktedir. Kullan\u0131m sonras\u0131 kolayca \u00e7\u0131kar\u0131l\u0131p temizlenebilir. Bu da hijyen a\u00e7\u0131s\u0131ndan b\u00fcy\u00fck avantaj sa\u011flar.G\u00fcnl\u00fck bak\u0131m rutinlerine kolayl\u0131kla entegre edilebilecek, sade ve etkili bir cihazd\u0131r.<\/p>\n","protected":false},"excerpt":{"rendered":"<p>Bu \u015farjl\u0131 t\u00fcy d\u00fczeltici, ula\u015f\u0131lmas\u0131 zor alanlarda bile etkili temizlik sunar. Burun ve kulak i\u00e7indeki t\u00fcyleri nazik\u00e7e temizler. Ba\u015fl\u0131\u011f\u0131 yuvarlak yap\u0131da oldu\u011fu i\u00e7in cilde zarar vermez.Sessiz motor teknolojisiyle \u00f6ne \u00e7\u0131kan cihaz, \u00f6zellikle sabah saatlerinde veya sessiz ortamlarda kullan\u0131m i\u00e7in uygundur. USB kablo ile kolay \u015farj imk\u00e2n\u0131 sunar.\u015earjl\u0131 kullan\u0131m, kablo karma\u015fas\u0131n\u0131 ortadan kald\u0131r\u0131r. K\u00fc\u00e7\u00fck boyutu sayesinde&#8230;<\/p>\n","protected":false},"featured_media":117600,"comment_status":"open","ping_status":"closed","template":"","meta":{"_kad_post_transparent":"","_kad_post_title":"","_kad_post_layout":"","_kad_post_sidebar_id":"","_kad_post_content_style":"","_kad_post_vertical_padding":"","_kad_post_feature":"","_kad_post_feature_position":"","_kad_post_header":false,"_kad_post_footer":false,"_kad_post_classname":""},"product_brand":[],"product_cat":[14925],"product_tag":[],"class_list":{"0":"post-117601","1":"product","2":"type-product","3":"status-publish","4":"has-post-thumbnail","6":"product_cat-tiras-makinesi-tiras-makinesi","8":"first","9":"instock","10":"purchasable","11":"product-type-simple","12":"entry","13":"content-bg","14":"loop-entry"},"_links":{"self":[{"href":"https:\/\/www.hediyepazar.com\/index.php?rest_route=\/wp\/v2\/product\/117601","targetHints":{"allow":["GET"]}}],"collection":[{"href":"https:\/\/www.hediyepazar.com\/index.php?rest_route=\/wp\/v2\/product"}],"about":[{"href":"https:\/\/www.hediyepazar.com\/index.php?rest_route=\/wp\/v2\/types\/product"}],"replies":[{"embeddable":true,"href":"https:\/\/www.hediyepazar.com\/index.php?rest_route=%2Fwp%2Fv2%2Fcomments&post=117601"}],"wp:featuredmedia":[{"embeddable":true,"href":"https:\/\/www.hediyepazar.com\/index.php?rest_route=\/wp\/v2\/media\/117600"}],"wp:attachment":[{"href":"https:\/\/www.hediyepazar.com\/index.php?rest_route=%2Fwp%2Fv2%2Fmedia&parent=117601"}],"wp:term":[{"taxonomy":"product_brand","embeddable":true,"href":"https:\/\/www.hediyepazar.com\/index.php?rest_route=%2Fwp%2Fv2%2Fproduct_brand&post=117601"},{"taxonomy":"product_cat","embeddable":true,"href":"https:\/\/www.hediyepazar.com\/index.php?rest_route=%2Fwp%2Fv2%2Fproduct_cat&post=117601"},{"taxonomy":"product_tag","embeddable":true,"href":"https:\/\/www.hediyepazar.com\/index.php?rest_route=%2Fwp%2Fv2%2Fproduct_tag&post=117601"}],"curies":[{"name":"wp","href":"https:\/\/api.w.org\/{rel}","templated":true}]}}