{"id":117603,"date":"2026-05-05T20:18:59","date_gmt":"2026-05-05T23:18:59","guid":{"rendered":"https:\/\/www.hediyepazar.com\/?product=usb-sarjli-sessiz-burun-ve-kulak-kili-temizleme-cihazi"},"modified":"2026-05-05T20:18:59","modified_gmt":"2026-05-05T23:18:59","slug":"usb-sarjli-sessiz-burun-ve-kulak-kili-temizleme-cihazi","status":"publish","type":"product","link":"https:\/\/www.hediyepazar.com\/?product=usb-sarjli-sessiz-burun-ve-kulak-kili-temizleme-cihazi","title":{"rendered":"USB \u015earjl\u0131 Sessiz Burun ve Kulak K\u0131l\u0131 Temizleme Cihaz\u0131"},"content":{"rendered":"<p>Burun, kulak ve ka\u015f gibi hassas b\u00f6lgeler i\u00e7in geli\u015ftirilen bu cihaz, t\u00fcyleri h\u0131zl\u0131 ve g\u00fcvenli \u015fekilde temizler. Sessiz motoru sayesinde rahats\u0131zl\u0131k vermeden \u00e7al\u0131\u015f\u0131r. G\u00fcn\u00fcn her saati rahatl\u0131kla kullan\u0131labilir.Al\u00fcminyum g\u00f6vdesi sayesinde hem \u015f\u0131k hem dayan\u0131kl\u0131d\u0131r. Cihaz\u0131n kompakt yap\u0131s\u0131 ta\u015f\u0131ma kolayl\u0131\u011f\u0131 sa\u011flar. Ofiste, seyahatte ya da evde ihtiya\u00e7 duydu\u011funuz her an kullanabilirsiniz.USB \u015farj giri\u015fi sayesinde kolayca \u015farj olur. Kablosuz kullan\u0131m rahatl\u0131\u011f\u0131 sunar. Ba\u015fl\u0131klar \u00e7\u0131kar\u0131labilir ve suyla y\u0131kanabilir yap\u0131dad\u0131r. Bu da \u00fcr\u00fcn\u00fcn \u00f6mr\u00fcn\u00fc uzat\u0131r ve hijyenik kullan\u0131m sunar.Kutu i\u00e7eri\u011finde yedek ba\u015fl\u0131klar ve temizlik f\u0131r\u00e7as\u0131 da yer al\u0131r. Bu \u00f6zellikler sayesinde \u00fcr\u00fcn tam donan\u0131ml\u0131 bir bak\u0131m yard\u0131mc\u0131s\u0131 haline gelir.T\u00fcm bu \u00f6zellikleriyle ki\u015fisel bak\u0131m\u0131na \u00f6nem veren herkes i\u00e7in ideal bir \u00e7\u00f6z\u00fcmd\u00fcr.<\/p>\n","protected":false},"excerpt":{"rendered":"<p>Burun, kulak ve ka\u015f gibi hassas b\u00f6lgeler i\u00e7in geli\u015ftirilen bu cihaz, t\u00fcyleri h\u0131zl\u0131 ve g\u00fcvenli \u015fekilde temizler. Sessiz motoru sayesinde rahats\u0131zl\u0131k vermeden \u00e7al\u0131\u015f\u0131r. G\u00fcn\u00fcn her saati rahatl\u0131kla kullan\u0131labilir.Al\u00fcminyum g\u00f6vdesi sayesinde hem \u015f\u0131k hem dayan\u0131kl\u0131d\u0131r. Cihaz\u0131n kompakt yap\u0131s\u0131 ta\u015f\u0131ma kolayl\u0131\u011f\u0131 sa\u011flar. Ofiste, seyahatte ya da evde ihtiya\u00e7 duydu\u011funuz her an kullanabilirsiniz.USB \u015farj giri\u015fi sayesinde kolayca \u015farj&#8230;<\/p>\n","protected":false},"featured_media":117602,"comment_status":"open","ping_status":"closed","template":"","meta":{"_kad_post_transparent":"","_kad_post_title":"","_kad_post_layout":"","_kad_post_sidebar_id":"","_kad_post_content_style":"","_kad_post_vertical_padding":"","_kad_post_feature":"","_kad_post_feature_position":"","_kad_post_header":false,"_kad_post_footer":false,"_kad_post_classname":""},"product_brand":[],"product_cat":[14925],"product_tag":[],"class_list":{"0":"post-117603","1":"product","2":"type-product","3":"status-publish","4":"has-post-thumbnail","6":"product_cat-tiras-makinesi-tiras-makinesi","8":"first","9":"instock","10":"purchasable","11":"product-type-simple","12":"entry","13":"content-bg","14":"loop-entry"},"_links":{"self":[{"href":"https:\/\/www.hediyepazar.com\/index.php?rest_route=\/wp\/v2\/product\/117603","targetHints":{"allow":["GET"]}}],"collection":[{"href":"https:\/\/www.hediyepazar.com\/index.php?rest_route=\/wp\/v2\/product"}],"about":[{"href":"https:\/\/www.hediyepazar.com\/index.php?rest_route=\/wp\/v2\/types\/product"}],"replies":[{"embeddable":true,"href":"https:\/\/www.hediyepazar.com\/index.php?rest_route=%2Fwp%2Fv2%2Fcomments&post=117603"}],"wp:featuredmedia":[{"embeddable":true,"href":"https:\/\/www.hediyepazar.com\/index.php?rest_route=\/wp\/v2\/media\/117602"}],"wp:attachment":[{"href":"https:\/\/www.hediyepazar.com\/index.php?rest_route=%2Fwp%2Fv2%2Fmedia&parent=117603"}],"wp:term":[{"taxonomy":"product_brand","embeddable":true,"href":"https:\/\/www.hediyepazar.com\/index.php?rest_route=%2Fwp%2Fv2%2Fproduct_brand&post=117603"},{"taxonomy":"product_cat","embeddable":true,"href":"https:\/\/www.hediyepazar.com\/index.php?rest_route=%2Fwp%2Fv2%2Fproduct_cat&post=117603"},{"taxonomy":"product_tag","embeddable":true,"href":"https:\/\/www.hediyepazar.com\/index.php?rest_route=%2Fwp%2Fv2%2Fproduct_tag&post=117603"}],"curies":[{"name":"wp","href":"https:\/\/api.w.org\/{rel}","templated":true}]}}