{"id":117607,"date":"2026-05-05T20:19:11","date_gmt":"2026-05-05T23:19:11","guid":{"rendered":"https:\/\/www.hediyepazar.com\/?product=sessiz-calisan-tuy-duzeltici-burun-ve-kulak-makinesi"},"modified":"2026-05-05T20:19:11","modified_gmt":"2026-05-05T23:19:11","slug":"sessiz-calisan-tuy-duzeltici-burun-ve-kulak-makinesi","status":"publish","type":"product","link":"https:\/\/www.hediyepazar.com\/?product=sessiz-calisan-tuy-duzeltici-burun-ve-kulak-makinesi","title":{"rendered":"Sessiz \u00e7al\u0131\u015fan t\u00fcy d\u00fczeltici burun ve kulak makinesi"},"content":{"rendered":"<p>G\u00fcnl\u00fck bak\u0131m\u0131n vazge\u00e7ilmezi olan bu t\u00fcy d\u00fczeltici cihaz, burun ve kulak i\u00e7indeki istenmeyen t\u00fcyleri ac\u0131s\u0131z bir \u015fekilde temizler. \u0130nce u\u00e7lu ba\u015fl\u0131\u011f\u0131 sayesinde ula\u015f\u0131lmas\u0131 zor b\u00f6lgelere rahatl\u0131kla eri\u015fir.Sessiz \u00e7al\u0131\u015fan motor sistemi, rahats\u0131zl\u0131k vermez. Cihaz \u015farjl\u0131d\u0131r ve USB kablo ile kolayca \u015farj edilir. Tam dolu \u015farj ile uzun s\u00fcreli kullan\u0131m sa\u011flar. Kablosuz kullan\u0131m \u00f6zelli\u011fiyle evde, ofiste ya da seyahatte kolayl\u0131kla kullan\u0131labilir.Kaymaz y\u00fczeyi, cihaz\u0131 sa\u011flam \u015fekilde tutman\u0131za yard\u0131mc\u0131 olur. Ba\u015fl\u0131klar\u0131 su ge\u00e7irmez yap\u0131dad\u0131r ve y\u0131kanabilir. Bu sayede hijyenik ve g\u00fcvenli kullan\u0131m sunar.T\u00fcm kutu i\u00e7eri\u011fi, ki\u015fisel bak\u0131mda ihtiya\u00e7 duyaca\u011f\u0131n\u0131z ekipmanlar\u0131 i\u00e7erir. Hafif, sade ve kullan\u0131\u015fl\u0131 tasar\u0131m\u0131 sayesinde her ya\u015fta kullan\u0131c\u0131ya uygundur.<\/p>\n","protected":false},"excerpt":{"rendered":"<p>G\u00fcnl\u00fck bak\u0131m\u0131n vazge\u00e7ilmezi olan bu t\u00fcy d\u00fczeltici cihaz, burun ve kulak i\u00e7indeki istenmeyen t\u00fcyleri ac\u0131s\u0131z bir \u015fekilde temizler. \u0130nce u\u00e7lu ba\u015fl\u0131\u011f\u0131 sayesinde ula\u015f\u0131lmas\u0131 zor b\u00f6lgelere rahatl\u0131kla eri\u015fir.Sessiz \u00e7al\u0131\u015fan motor sistemi, rahats\u0131zl\u0131k vermez. Cihaz \u015farjl\u0131d\u0131r ve USB kablo ile kolayca \u015farj edilir. Tam dolu \u015farj ile uzun s\u00fcreli kullan\u0131m sa\u011flar. Kablosuz kullan\u0131m \u00f6zelli\u011fiyle evde, ofiste ya&#8230;<\/p>\n","protected":false},"featured_media":117606,"comment_status":"open","ping_status":"closed","template":"","meta":{"_kad_post_transparent":"","_kad_post_title":"","_kad_post_layout":"","_kad_post_sidebar_id":"","_kad_post_content_style":"","_kad_post_vertical_padding":"","_kad_post_feature":"","_kad_post_feature_position":"","_kad_post_header":false,"_kad_post_footer":false,"_kad_post_classname":""},"product_brand":[],"product_cat":[14925],"product_tag":[],"class_list":{"0":"post-117607","1":"product","2":"type-product","3":"status-publish","4":"has-post-thumbnail","6":"product_cat-tiras-makinesi-tiras-makinesi","8":"first","9":"instock","10":"purchasable","11":"product-type-simple","12":"entry","13":"content-bg","14":"loop-entry"},"_links":{"self":[{"href":"https:\/\/www.hediyepazar.com\/index.php?rest_route=\/wp\/v2\/product\/117607","targetHints":{"allow":["GET"]}}],"collection":[{"href":"https:\/\/www.hediyepazar.com\/index.php?rest_route=\/wp\/v2\/product"}],"about":[{"href":"https:\/\/www.hediyepazar.com\/index.php?rest_route=\/wp\/v2\/types\/product"}],"replies":[{"embeddable":true,"href":"https:\/\/www.hediyepazar.com\/index.php?rest_route=%2Fwp%2Fv2%2Fcomments&post=117607"}],"wp:featuredmedia":[{"embeddable":true,"href":"https:\/\/www.hediyepazar.com\/index.php?rest_route=\/wp\/v2\/media\/117606"}],"wp:attachment":[{"href":"https:\/\/www.hediyepazar.com\/index.php?rest_route=%2Fwp%2Fv2%2Fmedia&parent=117607"}],"wp:term":[{"taxonomy":"product_brand","embeddable":true,"href":"https:\/\/www.hediyepazar.com\/index.php?rest_route=%2Fwp%2Fv2%2Fproduct_brand&post=117607"},{"taxonomy":"product_cat","embeddable":true,"href":"https:\/\/www.hediyepazar.com\/index.php?rest_route=%2Fwp%2Fv2%2Fproduct_cat&post=117607"},{"taxonomy":"product_tag","embeddable":true,"href":"https:\/\/www.hediyepazar.com\/index.php?rest_route=%2Fwp%2Fv2%2Fproduct_tag&post=117607"}],"curies":[{"name":"wp","href":"https:\/\/api.w.org\/{rel}","templated":true}]}}