{"id":117609,"date":"2026-05-05T20:19:16","date_gmt":"2026-05-05T23:19:16","guid":{"rendered":"https:\/\/www.hediyepazar.com\/?product=sarjli-burun-ve-kulak-kili-temizleme-cihazi"},"modified":"2026-05-05T20:19:16","modified_gmt":"2026-05-05T23:19:16","slug":"sarjli-burun-ve-kulak-kili-temizleme-cihazi","status":"publish","type":"product","link":"https:\/\/www.hediyepazar.com\/?product=sarjli-burun-ve-kulak-kili-temizleme-cihazi","title":{"rendered":"\u015earjl\u0131 burun ve kulak k\u0131l\u0131 temizleme cihaz\u0131"},"content":{"rendered":"<p>Bu \u015farjl\u0131 burun ve kulak k\u0131l\u0131 temizleyici, ki\u015fisel bak\u0131m\u0131n\u0131z\u0131 kolayla\u015ft\u0131rmak i\u00e7in tasarland\u0131. Burun, kulak ve ka\u015f gibi hassas b\u00f6lgelerde g\u00fcvenle kullan\u0131l\u0131r. Sessiz \u00e7al\u0131\u015fan g\u00fc\u00e7l\u00fc motoru sayesinde t\u00fcyleri ac\u0131tmadan keser. Ergonomik ve hafif yap\u0131s\u0131yla rahat kavran\u0131r, uzun s\u00fcreli kullan\u0131mlarda elinizi yormaz.USB kablo ile kolayca \u015farj edilebilir. Kablo karma\u015fas\u0131 olmadan kablosuz kullan\u0131m sunar. Ta\u015f\u0131nabilir tasar\u0131m\u0131 sayesinde seyahatlerde yan\u0131n\u0131zda ta\u015f\u0131mak i\u00e7in uygundur. Cihaz\u0131n ba\u015fl\u0131klar\u0131 \u00e7\u0131kar\u0131labilir ve y\u0131kanabilir yap\u0131dad\u0131r. Temizli\u011fi kolayd\u0131r, hijyen a\u00e7\u0131s\u0131ndan avantaj sa\u011flar.Hem evde hem d\u0131\u015farda pratik t\u00fcy temizli\u011fi i\u00e7in idealdir. \u015e\u0131k g\u00f6r\u00fcn\u00fcm\u00fc ve kullan\u0131\u015fl\u0131 kutu i\u00e7eri\u011fiyle ihtiya\u00e7 duydu\u011funuz her an yard\u0131mc\u0131n\u0131z olur.<\/p>\n","protected":false},"excerpt":{"rendered":"<p>Bu \u015farjl\u0131 burun ve kulak k\u0131l\u0131 temizleyici, ki\u015fisel bak\u0131m\u0131n\u0131z\u0131 kolayla\u015ft\u0131rmak i\u00e7in tasarland\u0131. Burun, kulak ve ka\u015f gibi hassas b\u00f6lgelerde g\u00fcvenle kullan\u0131l\u0131r. Sessiz \u00e7al\u0131\u015fan g\u00fc\u00e7l\u00fc motoru sayesinde t\u00fcyleri ac\u0131tmadan keser. Ergonomik ve hafif yap\u0131s\u0131yla rahat kavran\u0131r, uzun s\u00fcreli kullan\u0131mlarda elinizi yormaz.USB kablo ile kolayca \u015farj edilebilir. Kablo karma\u015fas\u0131 olmadan kablosuz kullan\u0131m sunar. Ta\u015f\u0131nabilir tasar\u0131m\u0131 sayesinde seyahatlerde&#8230;<\/p>\n","protected":false},"featured_media":117608,"comment_status":"open","ping_status":"closed","template":"","meta":{"_kad_post_transparent":"","_kad_post_title":"","_kad_post_layout":"","_kad_post_sidebar_id":"","_kad_post_content_style":"","_kad_post_vertical_padding":"","_kad_post_feature":"","_kad_post_feature_position":"","_kad_post_header":false,"_kad_post_footer":false,"_kad_post_classname":""},"product_brand":[],"product_cat":[14925],"product_tag":[],"class_list":{"0":"post-117609","1":"product","2":"type-product","3":"status-publish","4":"has-post-thumbnail","6":"product_cat-tiras-makinesi-tiras-makinesi","8":"first","9":"instock","10":"purchasable","11":"product-type-simple","12":"entry","13":"content-bg","14":"loop-entry"},"_links":{"self":[{"href":"https:\/\/www.hediyepazar.com\/index.php?rest_route=\/wp\/v2\/product\/117609","targetHints":{"allow":["GET"]}}],"collection":[{"href":"https:\/\/www.hediyepazar.com\/index.php?rest_route=\/wp\/v2\/product"}],"about":[{"href":"https:\/\/www.hediyepazar.com\/index.php?rest_route=\/wp\/v2\/types\/product"}],"replies":[{"embeddable":true,"href":"https:\/\/www.hediyepazar.com\/index.php?rest_route=%2Fwp%2Fv2%2Fcomments&post=117609"}],"wp:featuredmedia":[{"embeddable":true,"href":"https:\/\/www.hediyepazar.com\/index.php?rest_route=\/wp\/v2\/media\/117608"}],"wp:attachment":[{"href":"https:\/\/www.hediyepazar.com\/index.php?rest_route=%2Fwp%2Fv2%2Fmedia&parent=117609"}],"wp:term":[{"taxonomy":"product_brand","embeddable":true,"href":"https:\/\/www.hediyepazar.com\/index.php?rest_route=%2Fwp%2Fv2%2Fproduct_brand&post=117609"},{"taxonomy":"product_cat","embeddable":true,"href":"https:\/\/www.hediyepazar.com\/index.php?rest_route=%2Fwp%2Fv2%2Fproduct_cat&post=117609"},{"taxonomy":"product_tag","embeddable":true,"href":"https:\/\/www.hediyepazar.com\/index.php?rest_route=%2Fwp%2Fv2%2Fproduct_tag&post=117609"}],"curies":[{"name":"wp","href":"https:\/\/api.w.org\/{rel}","templated":true}]}}