{"id":117611,"date":"2026-05-05T20:19:21","date_gmt":"2026-05-05T23:19:21","guid":{"rendered":"https:\/\/www.hediyepazar.com\/?product=mikro-titresim-motorlu-dusuk-sesli-usb-girisli-tiras-makinesi"},"modified":"2026-05-05T20:19:21","modified_gmt":"2026-05-05T23:19:21","slug":"mikro-titresim-motorlu-dusuk-sesli-usb-girisli-tiras-makinesi","status":"publish","type":"product","link":"https:\/\/www.hediyepazar.com\/?product=mikro-titresim-motorlu-dusuk-sesli-usb-girisli-tiras-makinesi","title":{"rendered":"Mikro titre\u015fim motorlu d\u00fc\u015f\u00fck sesli USB giri\u015fli t\u0131ra\u015f makinesi"},"content":{"rendered":"<p>Bakteri olu\u015fumunu \u00f6nlemeye y\u00f6nelik IPX7 suya dayan\u0131kl\u0131 yap\u0131s\u0131 sayesinde bu cep boyu t\u0131ra\u015f makinesi, hijyen konusunda \u00fcst d\u00fczey \u00e7\u00f6z\u00fcm sunar. Du\u015fta kullan\u0131labilir ve do\u011frudan su alt\u0131nda y\u0131kanabilir; bu sayede cihaz i\u00e7inde bakteri bar\u0131nd\u0131rmaz. Kullan\u0131m sonras\u0131 kurumas\u0131 da k\u0131sa s\u00fcrede tamamlan\u0131r.Sa\u011flam al\u00fcminyum g\u00f6vdesi, hafiflik ve dayan\u0131kl\u0131l\u0131\u011f\u0131 bir arada sunar. Kaymaz y\u00fczeyi sayesinde humid ortamlarda bile g\u00fcvenli tutu\u015f sa\u011flar. Kompakt boyutuyla cebinize s\u0131\u011far ve her yerde bak\u0131m gereksiniminizi kar\u015f\u0131lar.Y\u00fcksek performansl\u0131 motoru, dakikada 6600 devir g\u00fcc\u00fcyle h\u0131zl\u0131 t\u0131ra\u015f sa\u011flar. Pil seviyesi d\u00fc\u015f\u00fck olsa bile motor g\u00fcc\u00fcnden \u00f6d\u00fcn vermez; bu sayede i\u015flem s\u0131ras\u0131nda \u00e7eki\u015fme, batma gibi olumsuzluklar ya\u015fanmaz. Bu \u00f6zellik, t\u0131ra\u015f deneyimini konforlu ve sorunsuz hale getirir.Mikro titre\u015fim teknolojisi, cihaz\u0131 sessiz \u00e7al\u0131\u015ft\u0131rarak sabah\u0131n erken saatlerinde veya sessizlik gerektiren ortamlarda bile rahats\u0131zl\u0131k yaratmaz. Kullan\u0131m s\u0131ras\u0131nda \u00e7evreye minimum d\u00fczeyde g\u00fcr\u00fclt\u00fc yayar.Bu cihaz \u00e7ok y\u00f6nl\u00fc kullan\u0131m vadeder. Y\u00fcz t\u0131ra\u015f\u0131n\u0131n yan\u0131 s\u0131ra bacak, koltuk alt\u0131, g\u00f6\u011f\u00fcs gibi b\u00f6lgeler i\u00e7in de uygundur. Hem erkek hem kad\u0131n kullan\u0131c\u0131lar taraf\u0131ndan tercih edilebilir.Dayan\u0131kl\u0131, hijyenik, sessiz ve pratik bir bak\u0131m arac\u0131 ar\u0131yorsan\u0131z; bu cihaz g\u00fcnl\u00fck ya\u015fam ve seyahatler i\u00e7in olduk\u00e7a elveri\u015fli bir se\u00e7enektir.<\/p>\n","protected":false},"excerpt":{"rendered":"<p>Bakteri olu\u015fumunu \u00f6nlemeye y\u00f6nelik IPX7 suya dayan\u0131kl\u0131 yap\u0131s\u0131 sayesinde bu cep boyu t\u0131ra\u015f makinesi, hijyen konusunda \u00fcst d\u00fczey \u00e7\u00f6z\u00fcm sunar. Du\u015fta kullan\u0131labilir ve do\u011frudan su alt\u0131nda y\u0131kanabilir; bu sayede cihaz i\u00e7inde bakteri bar\u0131nd\u0131rmaz. Kullan\u0131m sonras\u0131 kurumas\u0131 da k\u0131sa s\u00fcrede tamamlan\u0131r.Sa\u011flam al\u00fcminyum g\u00f6vdesi, hafiflik ve dayan\u0131kl\u0131l\u0131\u011f\u0131 bir arada sunar. Kaymaz y\u00fczeyi sayesinde humid ortamlarda bile g\u00fcvenli&#8230;<\/p>\n","protected":false},"featured_media":117610,"comment_status":"open","ping_status":"closed","template":"","meta":{"_kad_post_transparent":"","_kad_post_title":"","_kad_post_layout":"","_kad_post_sidebar_id":"","_kad_post_content_style":"","_kad_post_vertical_padding":"","_kad_post_feature":"","_kad_post_feature_position":"","_kad_post_header":false,"_kad_post_footer":false,"_kad_post_classname":""},"product_brand":[],"product_cat":[14925],"product_tag":[],"class_list":{"0":"post-117611","1":"product","2":"type-product","3":"status-publish","4":"has-post-thumbnail","6":"product_cat-tiras-makinesi-tiras-makinesi","8":"first","9":"instock","10":"purchasable","11":"product-type-simple","12":"entry","13":"content-bg","14":"loop-entry"},"_links":{"self":[{"href":"https:\/\/www.hediyepazar.com\/index.php?rest_route=\/wp\/v2\/product\/117611","targetHints":{"allow":["GET"]}}],"collection":[{"href":"https:\/\/www.hediyepazar.com\/index.php?rest_route=\/wp\/v2\/product"}],"about":[{"href":"https:\/\/www.hediyepazar.com\/index.php?rest_route=\/wp\/v2\/types\/product"}],"replies":[{"embeddable":true,"href":"https:\/\/www.hediyepazar.com\/index.php?rest_route=%2Fwp%2Fv2%2Fcomments&post=117611"}],"wp:featuredmedia":[{"embeddable":true,"href":"https:\/\/www.hediyepazar.com\/index.php?rest_route=\/wp\/v2\/media\/117610"}],"wp:attachment":[{"href":"https:\/\/www.hediyepazar.com\/index.php?rest_route=%2Fwp%2Fv2%2Fmedia&parent=117611"}],"wp:term":[{"taxonomy":"product_brand","embeddable":true,"href":"https:\/\/www.hediyepazar.com\/index.php?rest_route=%2Fwp%2Fv2%2Fproduct_brand&post=117611"},{"taxonomy":"product_cat","embeddable":true,"href":"https:\/\/www.hediyepazar.com\/index.php?rest_route=%2Fwp%2Fv2%2Fproduct_cat&post=117611"},{"taxonomy":"product_tag","embeddable":true,"href":"https:\/\/www.hediyepazar.com\/index.php?rest_route=%2Fwp%2Fv2%2Fproduct_tag&post=117611"}],"curies":[{"name":"wp","href":"https:\/\/api.w.org\/{rel}","templated":true}]}}