{"id":117613,"date":"2026-05-05T20:20:00","date_gmt":"2026-05-05T23:20:00","guid":{"rendered":"https:\/\/www.hediyepazar.com\/?product=tum-vucut-bolgelerinde-kullanilabilen-kucuk-boy-tiras-cihazi"},"modified":"2026-05-05T20:20:00","modified_gmt":"2026-05-05T23:20:00","slug":"tum-vucut-bolgelerinde-kullanilabilen-kucuk-boy-tiras-cihazi","status":"publish","type":"product","link":"https:\/\/www.hediyepazar.com\/?product=tum-vucut-bolgelerinde-kullanilabilen-kucuk-boy-tiras-cihazi","title":{"rendered":"T\u00fcm v\u00fccut b\u00f6lgelerinde kullan\u0131labilen k\u00fc\u00e7\u00fck boy t\u0131ra\u015f cihaz\u0131"},"content":{"rendered":"<p>Kaymaz y\u00fczeyli al\u00fcminyum g\u00f6vdesiyle dikkat \u00e7eken bu cep boyu t\u0131ra\u015f aleti, dayan\u0131kl\u0131l\u0131\u011f\u0131 ve kullan\u0131m g\u00fcvenli\u011fini \u00f6n planda tutuyor. Y\u00fczde y\u00fcz ta\u015f\u0131nabilir yap\u0131daki cihaz, pantolon cebinize s\u0131\u011fabilecek kadar k\u00fc\u00e7\u00fck. Seyahatlerde, ofiste veya ara\u00e7 kullan\u0131rken h\u0131zl\u0131 bak\u0131m ihtiyac\u0131n\u0131za \u00e7\u00f6z\u00fcm sunuyor.6600 rpm y\u00fcksek devir g\u00fcc\u00fcyle \u00f6ne \u00e7\u0131kan motoru sayesinde t\u0131ra\u015f i\u015flemini h\u0131zl\u0131 \u015fekilde tamamlayabilirsiniz. Normal cihazlarla k\u0131yasland\u0131\u011f\u0131nda \u00e7ok daha etkin performans sunar. Pil seviyesi d\u00fc\u015ft\u00fc\u011f\u00fcnde bile motor g\u00fcc\u00fc d\u00fc\u015fmez; bu sayede t\u0131ra\u015f s\u0131ras\u0131nda rahats\u0131z edici durumlar ya\u015fanmaz. Hassas ciltlerde bile p\u00fcr\u00fczs\u00fcz ve g\u00fcvenli bir sonu\u00e7 elde edersiniz.IPX7 seviyesi ile cihaz tamamen su ge\u00e7irmez. Hem kuru hem \u0131slak ortamda g\u00fcvenle kullan\u0131labilir; du\u015fta t\u0131ra\u015f olma imkan\u0131 sa\u011flar. Kullan\u0131m sonras\u0131 kolay temizleme i\u00e7in su alt\u0131nda y\u0131kanabilir. Dolay\u0131s\u0131yla hijyen a\u00e7\u0131s\u0131ndan da \u00f6nemli bir avantaj sunar.Mikro titre\u015fim teknolojisi sayesinde cihaz olduk\u00e7a sessiz \u00e7al\u0131\u015f\u0131r. Bu \u00f6zellik sayesinde g\u00fcr\u00fclt\u00fcl\u00fc bir cihaz yerine se\u00e7ece\u011finiz bu \u00fcr\u00fcn, sabah\u0131n erken saatlerinde veya payla\u015f\u0131ml\u0131 ortamlarda rahatl\u0131kla tercih edilebilir.Y\u00fcz b\u00f6lgesiyle s\u0131n\u0131rl\u0131 kalmayarak koltuk alt\u0131, bacak, g\u00f6\u011f\u00fcs gibi di\u011fer b\u00f6lgelerde de etkin olarak kullan\u0131labilir. Bu y\u00f6n\u00fcyle hem erkek hem kad\u0131n kullan\u0131c\u0131lar\u0131n ihtiya\u00e7lar\u0131n\u0131 kar\u015f\u0131layan fonksiyonel bir alet konumundad\u0131r.Kompakt ve sa\u011flam yap\u0131s\u0131, onu ki\u015fisel bak\u0131m\u0131n vazge\u00e7ilmez bir par\u00e7as\u0131 haline getiriyor. Ayr\u0131ca pratik g\u00f6r\u00fcn\u00fcm\u00fcyle hediye olarak d\u00fc\u015f\u00fcn\u00fclebilecek uygun bir se\u00e7im sunar.<\/p>\n","protected":false},"excerpt":{"rendered":"<p>Kaymaz y\u00fczeyli al\u00fcminyum g\u00f6vdesiyle dikkat \u00e7eken bu cep boyu t\u0131ra\u015f aleti, dayan\u0131kl\u0131l\u0131\u011f\u0131 ve kullan\u0131m g\u00fcvenli\u011fini \u00f6n planda tutuyor. Y\u00fczde y\u00fcz ta\u015f\u0131nabilir yap\u0131daki cihaz, pantolon cebinize s\u0131\u011fabilecek kadar k\u00fc\u00e7\u00fck. Seyahatlerde, ofiste veya ara\u00e7 kullan\u0131rken h\u0131zl\u0131 bak\u0131m ihtiyac\u0131n\u0131za \u00e7\u00f6z\u00fcm sunuyor.6600 rpm y\u00fcksek devir g\u00fcc\u00fcyle \u00f6ne \u00e7\u0131kan motoru sayesinde t\u0131ra\u015f i\u015flemini h\u0131zl\u0131 \u015fekilde tamamlayabilirsiniz. Normal cihazlarla k\u0131yasland\u0131\u011f\u0131nda \u00e7ok&#8230;<\/p>\n","protected":false},"featured_media":117612,"comment_status":"open","ping_status":"closed","template":"","meta":{"_kad_post_transparent":"","_kad_post_title":"","_kad_post_layout":"","_kad_post_sidebar_id":"","_kad_post_content_style":"","_kad_post_vertical_padding":"","_kad_post_feature":"","_kad_post_feature_position":"","_kad_post_header":false,"_kad_post_footer":false,"_kad_post_classname":""},"product_brand":[],"product_cat":[14925],"product_tag":[],"class_list":{"0":"post-117613","1":"product","2":"type-product","3":"status-publish","4":"has-post-thumbnail","6":"product_cat-tiras-makinesi-tiras-makinesi","8":"first","9":"instock","10":"purchasable","11":"product-type-simple","12":"entry","13":"content-bg","14":"loop-entry"},"_links":{"self":[{"href":"https:\/\/www.hediyepazar.com\/index.php?rest_route=\/wp\/v2\/product\/117613","targetHints":{"allow":["GET"]}}],"collection":[{"href":"https:\/\/www.hediyepazar.com\/index.php?rest_route=\/wp\/v2\/product"}],"about":[{"href":"https:\/\/www.hediyepazar.com\/index.php?rest_route=\/wp\/v2\/types\/product"}],"replies":[{"embeddable":true,"href":"https:\/\/www.hediyepazar.com\/index.php?rest_route=%2Fwp%2Fv2%2Fcomments&post=117613"}],"wp:featuredmedia":[{"embeddable":true,"href":"https:\/\/www.hediyepazar.com\/index.php?rest_route=\/wp\/v2\/media\/117612"}],"wp:attachment":[{"href":"https:\/\/www.hediyepazar.com\/index.php?rest_route=%2Fwp%2Fv2%2Fmedia&parent=117613"}],"wp:term":[{"taxonomy":"product_brand","embeddable":true,"href":"https:\/\/www.hediyepazar.com\/index.php?rest_route=%2Fwp%2Fv2%2Fproduct_brand&post=117613"},{"taxonomy":"product_cat","embeddable":true,"href":"https:\/\/www.hediyepazar.com\/index.php?rest_route=%2Fwp%2Fv2%2Fproduct_cat&post=117613"},{"taxonomy":"product_tag","embeddable":true,"href":"https:\/\/www.hediyepazar.com\/index.php?rest_route=%2Fwp%2Fv2%2Fproduct_tag&post=117613"}],"curies":[{"name":"wp","href":"https:\/\/api.w.org\/{rel}","templated":true}]}}