{"id":117615,"date":"2026-05-05T20:20:07","date_gmt":"2026-05-05T23:20:07","guid":{"rendered":"https:\/\/www.hediyepazar.com\/?product=islak-kuru-kullanimli-suya-dayanikli-mini-tiras-cihazi"},"modified":"2026-05-05T20:20:07","modified_gmt":"2026-05-05T23:20:07","slug":"islak-kuru-kullanimli-suya-dayanikli-mini-tiras-cihazi","status":"publish","type":"product","link":"https:\/\/www.hediyepazar.com\/?product=islak-kuru-kullanimli-suya-dayanikli-mini-tiras-cihazi","title":{"rendered":"Islak-Kuru Kullan\u0131ml\u0131 Suya Dayan\u0131kl\u0131 Mini T\u0131ra\u015f Cihaz\u0131"},"content":{"rendered":"<p>Islak-kuru kullan\u0131ma uygun, IPX7 suya dayan\u0131kl\u0131l\u0131k sertifikal\u0131 bu mini t\u0131ra\u015f cihaz\u0131, her ortamda kullan\u0131labilecek \u015fekilde dizayn edilmi\u015ftir. Du\u015fta da pratik kullan\u0131ma sahip olmas\u0131 sebebiyle bak\u0131m rutinlerinizi k\u0131s\u0131tlamaz. Makineyi su alt\u0131nda y\u0131kayarak hijyenik \u015fekilde temizleyebilirsiniz.Al\u00fcminyum d\u0131\u015f y\u00fczeyi, cihaz\u0131 hem hafif hem dayan\u0131kl\u0131 yapar. 6600 rpm g\u00fcc\u00fcndeki motoru sayesinde yo\u011fun sakal veya t\u00fcylerde bile g\u00fc\u00e7l\u00fc bir t\u0131ra\u015f performans\u0131 sa\u011flar. Pil seviyesi d\u00fc\u015f\u00fck olsa bile motor g\u00fcc\u00fcnde d\u00fc\u015f\u00fc\u015f ya\u015fanmaz; bu sayede g\u00fcvenli ve kesintisiz bir kullan\u0131m elde edilir.Sessiz \u00e7al\u0131\u015fan mikro titre\u015fimli motor, sabah erken ya da payla\u015f\u0131ml\u0131 alanlarda kullan\u0131labilirli\u011fi art\u0131r\u0131r. G\u00fcr\u00fclt\u00fc seviyesi d\u00fc\u015f\u00fck oldu\u011fundan \u00e7evreye zarar vermez. Kullan\u0131c\u0131ya hem performans hem sessizlik sunar.Bu cihaz hakk\u0131nda en \u00f6ne \u00e7\u0131kan \u00f6zelliklerden biri de cilt tahri\u015fini minimuma indirmesidir. Motor h\u0131z\u0131 sabit kalarak t\u00fcyleri \u00e7ekmeden keser; bu sayede fazla tahri\u015f veya batma ya\u015fanmaz. Hassas ciltli bireyler i\u00e7in idealdir. Ayr\u0131ca sakal s\u0131k\u0131\u015fmas\u0131 gibi can s\u0131k\u0131c\u0131 problemlerin de \u00f6n\u00fcne ge\u00e7ilir.Kompakt boyutuyla ta\u015f\u0131nabilirlik sunmas\u0131 cihaz\u0131 i\u015f gezileri, yolculuklar, kamp ya da spor sonras\u0131 kullan\u0131m i\u00e7in ideal k\u0131lar. Pantolon cebine s\u0131\u011far, el \u00e7antas\u0131na rahatl\u0131kla konur. Bu sayede \u201cneredeyse yan\u0131nda hissetti\u011finiz bak\u0131m dostu\u201d g\u00fcvencesini verir.Hem y\u00fcz hem v\u00fccut t\u0131ra\u015f\u0131nda kullan\u0131labilecek \u015fekilde tasarlanm\u0131\u015ft\u0131r. Erkekler kadar kad\u0131nlar da bacak, koltuk alt\u0131 ve g\u00f6\u011f\u00fcs b\u00f6lgelerinde kullanabilir. Kullan\u0131m alan\u0131n\u0131n geni\u015f olmas\u0131, \u00fcr\u00fcn\u00fc \u00e7ok y\u00f6nl\u00fc bir bak\u0131m arac\u0131 haline getirir.Minimalist g\u00f6r\u00fcn\u00fcm\u00fc ve fonksiyonelli\u011fi bir arada sunar. Kullan\u0131m kolayl\u0131\u011f\u0131, hijyenik tasar\u0131m\u0131 ve performans\u0131yla hem bireysel kullan\u0131m hem hediye beklentisi i\u00e7in uygun bir tercihtir.<\/p>\n","protected":false},"excerpt":{"rendered":"<p>Islak-kuru kullan\u0131ma uygun, IPX7 suya dayan\u0131kl\u0131l\u0131k sertifikal\u0131 bu mini t\u0131ra\u015f cihaz\u0131, her ortamda kullan\u0131labilecek \u015fekilde dizayn edilmi\u015ftir. Du\u015fta da pratik kullan\u0131ma sahip olmas\u0131 sebebiyle bak\u0131m rutinlerinizi k\u0131s\u0131tlamaz. Makineyi su alt\u0131nda y\u0131kayarak hijyenik \u015fekilde temizleyebilirsiniz.Al\u00fcminyum d\u0131\u015f y\u00fczeyi, cihaz\u0131 hem hafif hem dayan\u0131kl\u0131 yapar. 6600 rpm g\u00fcc\u00fcndeki motoru sayesinde yo\u011fun sakal veya t\u00fcylerde bile g\u00fc\u00e7l\u00fc bir t\u0131ra\u015f&#8230;<\/p>\n","protected":false},"featured_media":117614,"comment_status":"open","ping_status":"closed","template":"","meta":{"_kad_post_transparent":"","_kad_post_title":"","_kad_post_layout":"","_kad_post_sidebar_id":"","_kad_post_content_style":"","_kad_post_vertical_padding":"","_kad_post_feature":"","_kad_post_feature_position":"","_kad_post_header":false,"_kad_post_footer":false,"_kad_post_classname":""},"product_brand":[],"product_cat":[14925],"product_tag":[],"class_list":{"0":"post-117615","1":"product","2":"type-product","3":"status-publish","4":"has-post-thumbnail","6":"product_cat-tiras-makinesi-tiras-makinesi","8":"first","9":"instock","10":"purchasable","11":"product-type-simple","12":"entry","13":"content-bg","14":"loop-entry"},"_links":{"self":[{"href":"https:\/\/www.hediyepazar.com\/index.php?rest_route=\/wp\/v2\/product\/117615","targetHints":{"allow":["GET"]}}],"collection":[{"href":"https:\/\/www.hediyepazar.com\/index.php?rest_route=\/wp\/v2\/product"}],"about":[{"href":"https:\/\/www.hediyepazar.com\/index.php?rest_route=\/wp\/v2\/types\/product"}],"replies":[{"embeddable":true,"href":"https:\/\/www.hediyepazar.com\/index.php?rest_route=%2Fwp%2Fv2%2Fcomments&post=117615"}],"wp:featuredmedia":[{"embeddable":true,"href":"https:\/\/www.hediyepazar.com\/index.php?rest_route=\/wp\/v2\/media\/117614"}],"wp:attachment":[{"href":"https:\/\/www.hediyepazar.com\/index.php?rest_route=%2Fwp%2Fv2%2Fmedia&parent=117615"}],"wp:term":[{"taxonomy":"product_brand","embeddable":true,"href":"https:\/\/www.hediyepazar.com\/index.php?rest_route=%2Fwp%2Fv2%2Fproduct_brand&post=117615"},{"taxonomy":"product_cat","embeddable":true,"href":"https:\/\/www.hediyepazar.com\/index.php?rest_route=%2Fwp%2Fv2%2Fproduct_cat&post=117615"},{"taxonomy":"product_tag","embeddable":true,"href":"https:\/\/www.hediyepazar.com\/index.php?rest_route=%2Fwp%2Fv2%2Fproduct_tag&post=117615"}],"curies":[{"name":"wp","href":"https:\/\/api.w.org\/{rel}","templated":true}]}}