{"id":117633,"date":"2026-05-05T20:22:55","date_gmt":"2026-05-05T23:22:55","guid":{"rendered":"https:\/\/www.hediyepazar.com\/?product=akilli-9w-rgbw-led-ampul-tasaruflu-romantik-isikli"},"modified":"2026-05-05T20:22:55","modified_gmt":"2026-05-05T23:22:55","slug":"akilli-9w-rgbw-led-ampul-tasaruflu-romantik-isikli","status":"publish","type":"product","link":"https:\/\/www.hediyepazar.com\/?product=akilli-9w-rgbw-led-ampul-tasaruflu-romantik-isikli","title":{"rendered":"Ak\u0131ll\u0131 9W RGBW LED Ampul tasaruflu romantik \u0131\u015f\u0131kl\u0131"},"content":{"rendered":"<p>9 watt g\u00fcc\u00fcnde \u00e7al\u0131\u015fan bu ak\u0131ll\u0131 LED ampul, beyaz \u0131\u015f\u0131k ile mekanlar\u0131n\u0131z\u0131 ferahlat\u0131r. Enerji verimli ve uzun \u00f6m\u00fcrl\u00fcd\u00fcr. Uzaktan kontrol \u00f6zelli\u011fi sayesinde ak\u0131ll\u0131 telefonunuzdan kolayca y\u00f6netebilirsiniz. 2.4 GHz Wi-Fi a\u011f\u0131 \u00fczerinden ba\u011flan\u0131r. RGBW renk teknolojisi sayesinde 16 milyon farkl\u0131 renk ve ton sunar. I\u015f\u0131k \u015fiddetini %1\u2019den %100\u2019e kadar ayarlayabilirsiniz. \u00c7ok renkli \u00f6zel sahneler ile ortam\u0131n\u0131za canl\u0131l\u0131k katabilirsiniz. Zamanlay\u0131c\u0131 ile a\u00e7ma-kapama programlar\u0131 yapabilir, evden uzaktayken doluluk sim\u00fclasyonu olu\u015fturabilirsiniz. Modern ve ekonomik bir ayd\u0131nlatma \u00e7\u00f6z\u00fcm\u00fcd\u00fcr.<\/p>\n","protected":false},"excerpt":{"rendered":"<p>9 watt g\u00fcc\u00fcnde \u00e7al\u0131\u015fan bu ak\u0131ll\u0131 LED ampul, beyaz \u0131\u015f\u0131k ile mekanlar\u0131n\u0131z\u0131 ferahlat\u0131r. Enerji verimli ve uzun \u00f6m\u00fcrl\u00fcd\u00fcr. Uzaktan kontrol \u00f6zelli\u011fi sayesinde ak\u0131ll\u0131 telefonunuzdan kolayca y\u00f6netebilirsiniz. 2.4 GHz Wi-Fi a\u011f\u0131 \u00fczerinden ba\u011flan\u0131r. RGBW renk teknolojisi sayesinde 16 milyon farkl\u0131 renk ve ton sunar. I\u015f\u0131k \u015fiddetini %1\u2019den %100\u2019e kadar ayarlayabilirsiniz. \u00c7ok renkli \u00f6zel sahneler ile ortam\u0131n\u0131za&#8230;<\/p>\n","protected":false},"featured_media":117632,"comment_status":"open","ping_status":"closed","template":"","meta":{"_kad_post_transparent":"","_kad_post_title":"","_kad_post_layout":"","_kad_post_sidebar_id":"","_kad_post_content_style":"","_kad_post_vertical_padding":"","_kad_post_feature":"","_kad_post_feature_position":"","_kad_post_header":false,"_kad_post_footer":false,"_kad_post_classname":""},"product_brand":[],"product_cat":[14967],"product_tag":[],"class_list":{"0":"post-117633","1":"product","2":"type-product","3":"status-publish","4":"has-post-thumbnail","6":"product_cat-gece-lambasi-gece-lambasi","8":"first","9":"instock","10":"purchasable","11":"product-type-simple","12":"entry","13":"content-bg","14":"loop-entry"},"_links":{"self":[{"href":"https:\/\/www.hediyepazar.com\/index.php?rest_route=\/wp\/v2\/product\/117633","targetHints":{"allow":["GET"]}}],"collection":[{"href":"https:\/\/www.hediyepazar.com\/index.php?rest_route=\/wp\/v2\/product"}],"about":[{"href":"https:\/\/www.hediyepazar.com\/index.php?rest_route=\/wp\/v2\/types\/product"}],"replies":[{"embeddable":true,"href":"https:\/\/www.hediyepazar.com\/index.php?rest_route=%2Fwp%2Fv2%2Fcomments&post=117633"}],"wp:featuredmedia":[{"embeddable":true,"href":"https:\/\/www.hediyepazar.com\/index.php?rest_route=\/wp\/v2\/media\/117632"}],"wp:attachment":[{"href":"https:\/\/www.hediyepazar.com\/index.php?rest_route=%2Fwp%2Fv2%2Fmedia&parent=117633"}],"wp:term":[{"taxonomy":"product_brand","embeddable":true,"href":"https:\/\/www.hediyepazar.com\/index.php?rest_route=%2Fwp%2Fv2%2Fproduct_brand&post=117633"},{"taxonomy":"product_cat","embeddable":true,"href":"https:\/\/www.hediyepazar.com\/index.php?rest_route=%2Fwp%2Fv2%2Fproduct_cat&post=117633"},{"taxonomy":"product_tag","embeddable":true,"href":"https:\/\/www.hediyepazar.com\/index.php?rest_route=%2Fwp%2Fv2%2Fproduct_tag&post=117633"}],"curies":[{"name":"wp","href":"https:\/\/api.w.org\/{rel}","templated":true}]}}