{"id":117635,"date":"2026-05-05T20:23:00","date_gmt":"2026-05-05T23:23:00","guid":{"rendered":"https:\/\/www.hediyepazar.com\/?product=katlanabilir-gunes-enerjili-led-kamp-lambasi-usb-sarjli"},"modified":"2026-05-05T20:23:00","modified_gmt":"2026-05-05T23:23:00","slug":"katlanabilir-gunes-enerjili-led-kamp-lambasi-usb-sarjli","status":"publish","type":"product","link":"https:\/\/www.hediyepazar.com\/?product=katlanabilir-gunes-enerjili-led-kamp-lambasi-usb-sarjli","title":{"rendered":"Katlanabilir G\u00fcne\u015f Enerjili LED Kamp Lambas\u0131 USB \u015earjl\u0131"},"content":{"rendered":"<p>Bu \u00e7ok i\u015flevli LED kamp lambas\u0131, katlanabilir futbol topu tasar\u0131m\u0131 ile hem fonksiyonel hem de yenilik\u00e7idir. D\u00f6rt adet ayarlanabilir LED ampul, 90 dereceye kadar katlanabilir \u015fekilde tasarlanm\u0131\u015ft\u0131r ve 360 derece ayd\u0131nlatma sa\u011flar. Bah\u00e7eler, kamp alanlar\u0131, seralar, tekneler, garajlar gibi i\u00e7 ve d\u0131\u015f mekanlarda geni\u015f alan ayd\u0131nlatmas\u0131 sunar. D\u00fc\u015f\u00fck enerji t\u00fcketimiyle \u00e7al\u0131\u015fmas\u0131na ra\u011fmen g\u00fc\u00e7l\u00fc \u0131\u015f\u0131k verir, gece kullan\u0131m\u0131nda g\u00fcvenlik sa\u011flar.Lamba, hem g\u00fcne\u015f enerjisi ile hem de USB kablosu arac\u0131l\u0131\u011f\u0131yla \u015farj edilebilir. 1200 mAh kapasiteli lityum iyon pili, g\u00fcne\u015fli g\u00fcnlerde h\u0131zl\u0131 \u015fekilde \u015farj olur. Bu sayede s\u00fcrekli pil de\u011fi\u015ftirmenize veya elektrik kesintilerinde \u0131\u015f\u0131k kayna\u011f\u0131 araman\u0131za gerek kalmaz. \u00dcr\u00fcn, y\u00fcksek \u0131\u015f\u0131k, orta \u0131\u015f\u0131k, d\u00fc\u015f\u00fck \u0131\u015f\u0131k, fla\u015f ve SOS olmak \u00fczere toplam be\u015f farkl\u0131 ayd\u0131nlatma moduna sahiptir. Modlar, uzaktan kumanda yard\u0131m\u0131yla kolayca kontrol edilebilir. Lamba \u015fekli, i\u00e7 ve d\u0131\u015f mekan dekorasyonu olarak da olduk\u00e7a \u015f\u0131kt\u0131r.IPX4 su ge\u00e7irmez yap\u0131s\u0131 sayesinde ya\u011fmur veya kar alt\u0131nda sorunsuz \u00e7al\u0131\u015f\u0131r. Hafif PVC malzeme ve sa\u011flam abajur, darbelere kar\u015f\u0131 dayan\u0131kl\u0131d\u0131r ve uzun \u00f6m\u00fcrl\u00fc kullan\u0131m sunar. Lamban\u0131n \u00fcst k\u0131sm\u0131nda yer alan entegre kanca sayesinde \u00e7ad\u0131rlara, tavanlara veya a\u011fa\u00e7 dallar\u0131na kolayca as\u0131labilir.Bu \u00fcr\u00fcn sadece kamp i\u00e7in de\u011fil; evde acil durum lambas\u0131, okuma \u0131\u015f\u0131\u011f\u0131, \u00e7al\u0131\u015fma \u0131\u015f\u0131\u011f\u0131, sera \u0131\u015f\u0131\u011f\u0131 gibi pek \u00e7ok ama\u00e7la kullan\u0131labilir. Do\u011fa y\u00fcr\u00fcy\u00fc\u015fleri, bal\u0131k\u00e7\u0131l\u0131k, bah\u00e7e i\u015fleri veya elektrik kesintilerinde her zaman elinizin alt\u0131nda olmas\u0131 gereken \u00e7ok y\u00f6nl\u00fc bir ayd\u0131nlatma \u00e7\u00f6z\u00fcm\u00fcd\u00fcr.<\/p>\n","protected":false},"excerpt":{"rendered":"<p>Bu \u00e7ok i\u015flevli LED kamp lambas\u0131, katlanabilir futbol topu tasar\u0131m\u0131 ile hem fonksiyonel hem de yenilik\u00e7idir. D\u00f6rt adet ayarlanabilir LED ampul, 90 dereceye kadar katlanabilir \u015fekilde tasarlanm\u0131\u015ft\u0131r ve 360 derece ayd\u0131nlatma sa\u011flar. Bah\u00e7eler, kamp alanlar\u0131, seralar, tekneler, garajlar gibi i\u00e7 ve d\u0131\u015f mekanlarda geni\u015f alan ayd\u0131nlatmas\u0131 sunar. D\u00fc\u015f\u00fck enerji t\u00fcketimiyle \u00e7al\u0131\u015fmas\u0131na ra\u011fmen g\u00fc\u00e7l\u00fc \u0131\u015f\u0131k verir,&#8230;<\/p>\n","protected":false},"featured_media":117634,"comment_status":"open","ping_status":"closed","template":"","meta":{"_kad_post_transparent":"","_kad_post_title":"","_kad_post_layout":"","_kad_post_sidebar_id":"","_kad_post_content_style":"","_kad_post_vertical_padding":"","_kad_post_feature":"","_kad_post_feature_position":"","_kad_post_header":false,"_kad_post_footer":false,"_kad_post_classname":""},"product_brand":[],"product_cat":[14977],"product_tag":[],"class_list":{"0":"post-117635","1":"product","2":"type-product","3":"status-publish","4":"has-post-thumbnail","6":"product_cat-kamp-lambasi-kamp-lambasi","8":"first","9":"instock","10":"purchasable","11":"product-type-simple","12":"entry","13":"content-bg","14":"loop-entry"},"_links":{"self":[{"href":"https:\/\/www.hediyepazar.com\/index.php?rest_route=\/wp\/v2\/product\/117635","targetHints":{"allow":["GET"]}}],"collection":[{"href":"https:\/\/www.hediyepazar.com\/index.php?rest_route=\/wp\/v2\/product"}],"about":[{"href":"https:\/\/www.hediyepazar.com\/index.php?rest_route=\/wp\/v2\/types\/product"}],"replies":[{"embeddable":true,"href":"https:\/\/www.hediyepazar.com\/index.php?rest_route=%2Fwp%2Fv2%2Fcomments&post=117635"}],"wp:featuredmedia":[{"embeddable":true,"href":"https:\/\/www.hediyepazar.com\/index.php?rest_route=\/wp\/v2\/media\/117634"}],"wp:attachment":[{"href":"https:\/\/www.hediyepazar.com\/index.php?rest_route=%2Fwp%2Fv2%2Fmedia&parent=117635"}],"wp:term":[{"taxonomy":"product_brand","embeddable":true,"href":"https:\/\/www.hediyepazar.com\/index.php?rest_route=%2Fwp%2Fv2%2Fproduct_brand&post=117635"},{"taxonomy":"product_cat","embeddable":true,"href":"https:\/\/www.hediyepazar.com\/index.php?rest_route=%2Fwp%2Fv2%2Fproduct_cat&post=117635"},{"taxonomy":"product_tag","embeddable":true,"href":"https:\/\/www.hediyepazar.com\/index.php?rest_route=%2Fwp%2Fv2%2Fproduct_tag&post=117635"}],"curies":[{"name":"wp","href":"https:\/\/api.w.org\/{rel}","templated":true}]}}