{"id":117645,"date":"2026-05-05T20:25:04","date_gmt":"2026-05-05T23:25:04","guid":{"rendered":"https:\/\/www.hediyepazar.com\/?product=projektor-isikli-aromaterapi-uyumlu-mini-masaustu-hava-nemlendirici-cihaz-2"},"modified":"2026-05-05T20:25:04","modified_gmt":"2026-05-05T23:25:04","slug":"projektor-isikli-aromaterapi-uyumlu-mini-masaustu-hava-nemlendirici-cihaz-2","status":"publish","type":"product","link":"https:\/\/www.hediyepazar.com\/?product=projektor-isikli-aromaterapi-uyumlu-mini-masaustu-hava-nemlendirici-cihaz-2","title":{"rendered":"Projekt\u00f6r \u0131\u015f\u0131kl\u0131 aromaterapi uyumlu mini masa\u00fcst\u00fc hava nemlendirici cihaz"},"content":{"rendered":"<p>Bu kompakt boyutlu masa\u00fcst\u00fc nemlendirici, 3 i\u015flevi bir arada sunar: hava nemlendirme, aroma dif\u00fcz\u00f6r ve projekt\u00f6r \u0131\u015f\u0131kl\u0131 gece lambas\u0131. 5V d\u00fc\u015f\u00fck voltajla \u00e7al\u0131\u015f\u0131r ve USB kablosu ile kolayca ba\u011flan\u0131r. Sessiz \u00e7al\u0131\u015fma \u00f6zelli\u011fiyle geceleri rahats\u0131z etmeden \u00e7al\u0131\u015fabilir.Projekt\u00f6r \u0131\u015f\u0131\u011f\u0131, deniz dalgas\u0131 efektiyle ortama huzur verir. \u00d6zellikle \u00e7ocuklar\u0131n uykuya dalarken rahatlamas\u0131n\u0131 sa\u011flar. Cihaz\u0131n \u00fcst k\u0131sm\u0131ndaki hazneye esansiyel ya\u011f eklenebilir ve bu \u015fekilde aromaterapi deneyimi ya\u015fanabilir. Hem i\u015flevsel hem dekoratif bir \u00fcr\u00fcnd\u00fcr. Ofisler, yatak odalar\u0131 ve k\u00fc\u00e7\u00fck alanlar i\u00e7in uygundur.<\/p>\n","protected":false},"excerpt":{"rendered":"<p>Bu kompakt boyutlu masa\u00fcst\u00fc nemlendirici, 3 i\u015flevi bir arada sunar: hava nemlendirme, aroma dif\u00fcz\u00f6r ve projekt\u00f6r \u0131\u015f\u0131kl\u0131 gece lambas\u0131. 5V d\u00fc\u015f\u00fck voltajla \u00e7al\u0131\u015f\u0131r ve USB kablosu ile kolayca ba\u011flan\u0131r. Sessiz \u00e7al\u0131\u015fma \u00f6zelli\u011fiyle geceleri rahats\u0131z etmeden \u00e7al\u0131\u015fabilir.Projekt\u00f6r \u0131\u015f\u0131\u011f\u0131, deniz dalgas\u0131 efektiyle ortama huzur verir. \u00d6zellikle \u00e7ocuklar\u0131n uykuya dalarken rahatlamas\u0131n\u0131 sa\u011flar. Cihaz\u0131n \u00fcst k\u0131sm\u0131ndaki hazneye esansiyel ya\u011f&#8230;<\/p>\n","protected":false},"featured_media":117644,"comment_status":"open","ping_status":"closed","template":"","meta":{"_kad_post_transparent":"","_kad_post_title":"","_kad_post_layout":"","_kad_post_sidebar_id":"","_kad_post_content_style":"","_kad_post_vertical_padding":"","_kad_post_feature":"","_kad_post_feature_position":"","_kad_post_header":false,"_kad_post_footer":false,"_kad_post_classname":""},"product_brand":[],"product_cat":[14965],"product_tag":[],"class_list":{"0":"post-117645","1":"product","2":"type-product","3":"status-publish","4":"has-post-thumbnail","6":"product_cat-hava-nemlendirici-hava-nemlendirici","8":"first","9":"instock","10":"purchasable","11":"product-type-simple","12":"entry","13":"content-bg","14":"loop-entry"},"_links":{"self":[{"href":"https:\/\/www.hediyepazar.com\/index.php?rest_route=\/wp\/v2\/product\/117645","targetHints":{"allow":["GET"]}}],"collection":[{"href":"https:\/\/www.hediyepazar.com\/index.php?rest_route=\/wp\/v2\/product"}],"about":[{"href":"https:\/\/www.hediyepazar.com\/index.php?rest_route=\/wp\/v2\/types\/product"}],"replies":[{"embeddable":true,"href":"https:\/\/www.hediyepazar.com\/index.php?rest_route=%2Fwp%2Fv2%2Fcomments&post=117645"}],"wp:featuredmedia":[{"embeddable":true,"href":"https:\/\/www.hediyepazar.com\/index.php?rest_route=\/wp\/v2\/media\/117644"}],"wp:attachment":[{"href":"https:\/\/www.hediyepazar.com\/index.php?rest_route=%2Fwp%2Fv2%2Fmedia&parent=117645"}],"wp:term":[{"taxonomy":"product_brand","embeddable":true,"href":"https:\/\/www.hediyepazar.com\/index.php?rest_route=%2Fwp%2Fv2%2Fproduct_brand&post=117645"},{"taxonomy":"product_cat","embeddable":true,"href":"https:\/\/www.hediyepazar.com\/index.php?rest_route=%2Fwp%2Fv2%2Fproduct_cat&post=117645"},{"taxonomy":"product_tag","embeddable":true,"href":"https:\/\/www.hediyepazar.com\/index.php?rest_route=%2Fwp%2Fv2%2Fproduct_tag&post=117645"}],"curies":[{"name":"wp","href":"https:\/\/api.w.org\/{rel}","templated":true}]}}